{"id":1185,"date":"2024-03-31T18:13:37","date_gmt":"2024-03-31T16:13:37","guid":{"rendered":"https:\/\/www.kblperformances.com\/?page_id=1185"},"modified":"2024-04-01T13:37:13","modified_gmt":"2024-04-01T11:37:13","slug":"etre-acteur-de-son-developpement","status":"publish","type":"page","link":"https:\/\/www.kblperformances.com\/index.php\/etre-acteur-de-son-developpement\/","title":{"rendered":"Empowerment"},"content":{"rendered":"\t\t<div data-elementor-type=\"wp-page\" data-elementor-id=\"1185\" class=\"elementor elementor-1185\">\n\t\t\t\t\t\t<section class=\"elementor-section elementor-top-section elementor-element elementor-element-7a60351 elementor-section-boxed elementor-section-height-default elementor-section-height-default\" data-id=\"7a60351\" data-element_type=\"section\" data-e-type=\"section\">\n\t\t\t\t\t\t<div class=\"elementor-container elementor-column-gap-default\">\n\t\t\t\t\t<div class=\"elementor-column elementor-col-100 elementor-top-column elementor-element elementor-element-e43aaa6\" data-id=\"e43aaa6\" data-element_type=\"column\" data-e-type=\"column\">\n\t\t\t<div class=\"elementor-widget-wrap elementor-element-populated\">\n\t\t\t\t\t\t<div class=\"elementor-element elementor-element-2477ce1 elementor-widget elementor-widget-heading\" data-id=\"2477ce1\" data-element_type=\"widget\" data-e-type=\"widget\" data-widget_type=\"heading.default\">\n\t\t\t\t<div class=\"elementor-widget-container\">\n\t\t\t\t\t<h2 class=\"elementor-heading-title elementor-size-default\">Formation EMPOWERMENT\n<br>[\u00catre acteur de Son D\u00e9veloppement]<\/h2>\t\t\t\t<\/div>\n\t\t\t\t<\/div>\n\t\t\t\t\t<\/div>\n\t\t<\/div>\n\t\t\t\t\t<\/div>\n\t\t<\/section>\n\t\t\t\t<section class=\"elementor-section elementor-top-section elementor-element elementor-element-8c5e579 elementor-section-boxed elementor-section-height-default elementor-section-height-default\" data-id=\"8c5e579\" data-element_type=\"section\" data-e-type=\"section\">\n\t\t\t\t\t\t<div class=\"elementor-container elementor-column-gap-default\">\n\t\t\t\t\t<div class=\"elementor-column elementor-col-100 elementor-top-column elementor-element elementor-element-f129045\" data-id=\"f129045\" data-element_type=\"column\" data-e-type=\"column\">\n\t\t\t<div class=\"elementor-widget-wrap elementor-element-populated\">\n\t\t\t\t\t\t<div class=\"elementor-element elementor-element-e65ed86 elementor-widget elementor-widget-text-editor\" data-id=\"e65ed86\" data-element_type=\"widget\" data-e-type=\"widget\" data-widget_type=\"text-editor.default\">\n\t\t\t\t<div class=\"elementor-widget-container\">\n\t\t\t\t\t\t\t\t\t<p><span style=\"color: #8400c6;\">L&#8217;empowerment<\/span>, ou autonomisation, <span style=\"color: #8400c6;\">est un concept cl\u00e9 dans de nombreux domaines, notamment en gestion des ressources humaines, en d\u00e9veloppement personnel, en travail social, et en \u00e9ducation.<\/span><\/p><p>Il fait r\u00e9f\u00e9rence au processus par lequel les individus ou les groupes acqui\u00e8rent les moyens de renforcer leur capacit\u00e9 d&rsquo;action, de prendre des d\u00e9cisions et d&rsquo;exercer un contr\u00f4le sur leur propre vie.<\/p><p>Dans un contexte professionnel, cela implique souvent de donner aux employ\u00e9s les outils, les ressources, et la confiance n\u00e9cessaires pour prendre des initiatives, innover, et assumer la responsabilit\u00e9 de leurs actions.<\/p><p>\u00catre acteur de son d\u00e9veloppement professionnel et personnel signifie prendre en main sa propre croissance, ses apprentissages et ses \u00e9volutions, plut\u00f4t que de laisser ces aspects \u00eatre dict\u00e9s uniquement par les circonstances ext\u00e9rieures ou les d\u00e9cisions d&rsquo;autres personnes.<\/p><p>\u00a0<\/p><p>L&rsquo;objectif principal de cette formation est de vous aider \u00e0 devenir proactif pour d\u00e9velopper vos capacit\u00e9s tant dans un contexte personnel que professionnel.<\/p><p>Vous apprenez \u00e0 vous affirmer et \u00e0 mieux utiliser votre potentiel \u00e9motif afin d&rsquo;\u00e9tablir des relations constructives et atteindre vos objectifs.<\/p>\t\t\t\t\t\t\t\t<\/div>\n\t\t\t\t<\/div>\n\t\t\t\t\t<\/div>\n\t\t<\/div>\n\t\t\t\t\t<\/div>\n\t\t<\/section>\n\t\t\t\t<section class=\"elementor-section elementor-top-section elementor-element elementor-element-1ea86b4 elementor-section-boxed elementor-section-height-default elementor-section-height-default\" data-id=\"1ea86b4\" data-element_type=\"section\" data-e-type=\"section\">\n\t\t\t\t\t\t<div class=\"elementor-container elementor-column-gap-default\">\n\t\t\t\t\t<div class=\"elementor-column elementor-col-100 elementor-top-column elementor-element elementor-element-8136f49\" data-id=\"8136f49\" data-element_type=\"column\" data-e-type=\"column\">\n\t\t\t<div class=\"elementor-widget-wrap elementor-element-populated\">\n\t\t\t\t\t\t<div class=\"elementor-element elementor-element-74466fa elementor-button-info elementor-align-center elementor-widget elementor-widget-button\" data-id=\"74466fa\" data-element_type=\"widget\" data-e-type=\"widget\" data-widget_type=\"button.default\">\n\t\t\t\t<div class=\"elementor-widget-container\">\n\t\t\t\t\t\t\t\t\t<div class=\"elementor-button-wrapper\">\n\t\t\t\t\t<a class=\"elementor-button elementor-button-link elementor-size-sm\" href=\"https:\/\/www.kblperformances.com\/wp-content\/uploads\/2024\/04\/Fiche-EMPOWERMENT.pdf\">\n\t\t\t\t\t\t<span class=\"elementor-button-content-wrapper\">\n\t\t\t\t\t\t<span class=\"elementor-button-icon\">\n\t\t\t\t<i aria-hidden=\"true\" class=\"fas fa-paperclip\"><\/i>\t\t\t<\/span>\n\t\t\t\t\t\t\t\t\t<span class=\"elementor-button-text\">Infos compl\u00e8tes ici<\/span>\n\t\t\t\t\t<\/span>\n\t\t\t\t\t<\/a>\n\t\t\t\t<\/div>\n\t\t\t\t\t\t\t\t<\/div>\n\t\t\t\t<\/div>\n\t\t\t\t\t<\/div>\n\t\t<\/div>\n\t\t\t\t\t<\/div>\n\t\t<\/section>\n\t\t\t\t<\/div>\n\t\t","protected":false},"excerpt":{"rendered":"<p>Formation EMPOWERMENT [\u00catre acteur de Son D\u00e9veloppement] L&#8217;empowerment, ou autonomisation, est un concept cl\u00e9 dans de nombreux domaines, notamment en gestion des ressources humaines, en d\u00e9veloppement personnel, en travail social, et en \u00e9ducation. Il fait r\u00e9f\u00e9rence au processus par lequel les individus ou les groupes acqui\u00e8rent les moyens de renforcer leur capacit\u00e9 d&rsquo;action, de prendre [&hellip;]<\/p>\n","protected":false},"author":1,"featured_media":0,"parent":0,"menu_order":0,"comment_status":"closed","ping_status":"closed","template":"","meta":{"hide_page_title":"","footnotes":""},"class_list":["post-1185","page","type-page","status-publish","hentry"],"yoast_head":"<!-- This site is optimized with the Yoast SEO plugin v21.2 - https:\/\/yoast.com\/wordpress\/plugins\/seo\/ -->\n<title>Empowerment - KBL Performances<\/title>\n<meta name=\"robots\" content=\"index, follow, max-snippet:-1, max-image-preview:large, max-video-preview:-1\" \/>\n<link rel=\"canonical\" href=\"https:\/\/www.kblperformances.com\/index.php\/etre-acteur-de-son-developpement\/\" \/>\n<meta property=\"og:locale\" content=\"fr_FR\" \/>\n<meta property=\"og:type\" content=\"article\" \/>\n<meta property=\"og:title\" content=\"Empowerment - KBL Performances\" \/>\n<meta property=\"og:description\" content=\"Formation EMPOWERMENT [\u00catre acteur de Son D\u00e9veloppement] L&#8217;empowerment, ou autonomisation, est un concept cl\u00e9 dans de nombreux domaines, notamment en gestion des ressources humaines, en d\u00e9veloppement personnel, en travail social, et en \u00e9ducation. Il fait r\u00e9f\u00e9rence au processus par lequel les individus ou les groupes acqui\u00e8rent les moyens de renforcer leur capacit\u00e9 d&rsquo;action, de prendre [&hellip;]\" \/>\n<meta property=\"og:url\" content=\"https:\/\/www.kblperformances.com\/index.php\/etre-acteur-de-son-developpement\/\" \/>\n<meta property=\"og:site_name\" content=\"KBL Performances\" \/>\n<meta property=\"article:modified_time\" content=\"2024-04-01T11:37:13+00:00\" \/>\n<meta name=\"twitter:card\" content=\"summary_large_image\" \/>\n<meta name=\"twitter:label1\" content=\"Dur\u00e9e de lecture estim\u00e9e\" \/>\n\t<meta name=\"twitter:data1\" content=\"1 minute\" \/>\n<script type=\"application\/ld+json\" class=\"yoast-schema-graph\">{\"@context\":\"https:\/\/schema.org\",\"@graph\":[{\"@type\":\"WebPage\",\"@id\":\"https:\/\/www.kblperformances.com\/index.php\/etre-acteur-de-son-developpement\/\",\"url\":\"https:\/\/www.kblperformances.com\/index.php\/etre-acteur-de-son-developpement\/\",\"name\":\"Empowerment - KBL Performances\",\"isPartOf\":{\"@id\":\"https:\/\/www.kblperformances.com\/#website\"},\"datePublished\":\"2024-03-31T16:13:37+00:00\",\"dateModified\":\"2024-04-01T11:37:13+00:00\",\"breadcrumb\":{\"@id\":\"https:\/\/www.kblperformances.com\/index.php\/etre-acteur-de-son-developpement\/#breadcrumb\"},\"inLanguage\":\"fr-FR\",\"potentialAction\":[{\"@type\":\"ReadAction\",\"target\":[\"https:\/\/www.kblperformances.com\/index.php\/etre-acteur-de-son-developpement\/\"]}]},{\"@type\":\"BreadcrumbList\",\"@id\":\"https:\/\/www.kblperformances.com\/index.php\/etre-acteur-de-son-developpement\/#breadcrumb\",\"itemListElement\":[{\"@type\":\"ListItem\",\"position\":1,\"name\":\"Accueil\",\"item\":\"https:\/\/www.kblperformances.com\/\"},{\"@type\":\"ListItem\",\"position\":2,\"name\":\"Empowerment\"}]},{\"@type\":\"WebSite\",\"@id\":\"https:\/\/www.kblperformances.com\/#website\",\"url\":\"https:\/\/www.kblperformances.com\/\",\"name\":\"KBL Performances\",\"description\":\"Les formations au service de vos performances\",\"publisher\":{\"@id\":\"https:\/\/www.kblperformances.com\/#organization\"},\"potentialAction\":[{\"@type\":\"SearchAction\",\"target\":{\"@type\":\"EntryPoint\",\"urlTemplate\":\"https:\/\/www.kblperformances.com\/?s={search_term_string}\"},\"query-input\":\"required name=search_term_string\"}],\"inLanguage\":\"fr-FR\"},{\"@type\":\"Organization\",\"@id\":\"https:\/\/www.kblperformances.com\/#organization\",\"name\":\"KBL Performances\",\"url\":\"https:\/\/www.kblperformances.com\/\",\"logo\":{\"@type\":\"ImageObject\",\"inLanguage\":\"fr-FR\",\"@id\":\"https:\/\/www.kblperformances.com\/#\/schema\/logo\/image\/\",\"url\":\"https:\/\/www.kblperformances.com\/wp-content\/uploads\/2023\/07\/cropped-cropped-logo-KBL-Performances-1-e1694000173139.png\",\"contentUrl\":\"https:\/\/www.kblperformances.com\/wp-content\/uploads\/2023\/07\/cropped-cropped-logo-KBL-Performances-1-e1694000173139.png\",\"width\":362,\"height\":483,\"caption\":\"KBL Performances\"},\"image\":{\"@id\":\"https:\/\/www.kblperformances.com\/#\/schema\/logo\/image\/\"},\"sameAs\":[\"https:\/\/www.linkedin.com\/in\/karen-berlan-lherbette\/\"]}]}<\/script>\n<!-- \/ Yoast SEO plugin. -->","yoast_head_json":{"title":"Empowerment - KBL Performances","robots":{"index":"index","follow":"follow","max-snippet":"max-snippet:-1","max-image-preview":"max-image-preview:large","max-video-preview":"max-video-preview:-1"},"canonical":"https:\/\/www.kblperformances.com\/index.php\/etre-acteur-de-son-developpement\/","og_locale":"fr_FR","og_type":"article","og_title":"Empowerment - KBL Performances","og_description":"Formation EMPOWERMENT [\u00catre acteur de Son D\u00e9veloppement] L&#8217;empowerment, ou autonomisation, est un concept cl\u00e9 dans de nombreux domaines, notamment en gestion des ressources humaines, en d\u00e9veloppement personnel, en travail social, et en \u00e9ducation. Il fait r\u00e9f\u00e9rence au processus par lequel les individus ou les groupes acqui\u00e8rent les moyens de renforcer leur capacit\u00e9 d&rsquo;action, de prendre [&hellip;]","og_url":"https:\/\/www.kblperformances.com\/index.php\/etre-acteur-de-son-developpement\/","og_site_name":"KBL Performances","article_modified_time":"2024-04-01T11:37:13+00:00","twitter_card":"summary_large_image","twitter_misc":{"Dur\u00e9e de lecture estim\u00e9e":"1 minute"},"schema":{"@context":"https:\/\/schema.org","@graph":[{"@type":"WebPage","@id":"https:\/\/www.kblperformances.com\/index.php\/etre-acteur-de-son-developpement\/","url":"https:\/\/www.kblperformances.com\/index.php\/etre-acteur-de-son-developpement\/","name":"Empowerment - KBL Performances","isPartOf":{"@id":"https:\/\/www.kblperformances.com\/#website"},"datePublished":"2024-03-31T16:13:37+00:00","dateModified":"2024-04-01T11:37:13+00:00","breadcrumb":{"@id":"https:\/\/www.kblperformances.com\/index.php\/etre-acteur-de-son-developpement\/#breadcrumb"},"inLanguage":"fr-FR","potentialAction":[{"@type":"ReadAction","target":["https:\/\/www.kblperformances.com\/index.php\/etre-acteur-de-son-developpement\/"]}]},{"@type":"BreadcrumbList","@id":"https:\/\/www.kblperformances.com\/index.php\/etre-acteur-de-son-developpement\/#breadcrumb","itemListElement":[{"@type":"ListItem","position":1,"name":"Accueil","item":"https:\/\/www.kblperformances.com\/"},{"@type":"ListItem","position":2,"name":"Empowerment"}]},{"@type":"WebSite","@id":"https:\/\/www.kblperformances.com\/#website","url":"https:\/\/www.kblperformances.com\/","name":"KBL Performances","description":"Les formations au service de vos performances","publisher":{"@id":"https:\/\/www.kblperformances.com\/#organization"},"potentialAction":[{"@type":"SearchAction","target":{"@type":"EntryPoint","urlTemplate":"https:\/\/www.kblperformances.com\/?s={search_term_string}"},"query-input":"required name=search_term_string"}],"inLanguage":"fr-FR"},{"@type":"Organization","@id":"https:\/\/www.kblperformances.com\/#organization","name":"KBL Performances","url":"https:\/\/www.kblperformances.com\/","logo":{"@type":"ImageObject","inLanguage":"fr-FR","@id":"https:\/\/www.kblperformances.com\/#\/schema\/logo\/image\/","url":"https:\/\/www.kblperformances.com\/wp-content\/uploads\/2023\/07\/cropped-cropped-logo-KBL-Performances-1-e1694000173139.png","contentUrl":"https:\/\/www.kblperformances.com\/wp-content\/uploads\/2023\/07\/cropped-cropped-logo-KBL-Performances-1-e1694000173139.png","width":362,"height":483,"caption":"KBL Performances"},"image":{"@id":"https:\/\/www.kblperformances.com\/#\/schema\/logo\/image\/"},"sameAs":["https:\/\/www.linkedin.com\/in\/karen-berlan-lherbette\/"]}]}},"_links":{"self":[{"href":"https:\/\/www.kblperformances.com\/index.php\/wp-json\/wp\/v2\/pages\/1185","targetHints":{"allow":["GET"]}}],"collection":[{"href":"https:\/\/www.kblperformances.com\/index.php\/wp-json\/wp\/v2\/pages"}],"about":[{"href":"https:\/\/www.kblperformances.com\/index.php\/wp-json\/wp\/v2\/types\/page"}],"author":[{"embeddable":true,"href":"https:\/\/www.kblperformances.com\/index.php\/wp-json\/wp\/v2\/users\/1"}],"replies":[{"embeddable":true,"href":"https:\/\/www.kblperformances.com\/index.php\/wp-json\/wp\/v2\/comments?post=1185"}],"version-history":[{"count":39,"href":"https:\/\/www.kblperformances.com\/index.php\/wp-json\/wp\/v2\/pages\/1185\/revisions"}],"predecessor-version":[{"id":1252,"href":"https:\/\/www.kblperformances.com\/index.php\/wp-json\/wp\/v2\/pages\/1185\/revisions\/1252"}],"wp:attachment":[{"href":"https:\/\/www.kblperformances.com\/index.php\/wp-json\/wp\/v2\/media?parent=1185"}],"curies":[{"name":"wp","href":"https:\/\/api.w.org\/{rel}","templated":true}]}}