{"id":12,"date":"2023-07-27T09:49:49","date_gmt":"2023-07-27T07:49:49","guid":{"rendered":"http:\/\/kblperformances.com\/?page_id=12"},"modified":"2024-03-29T17:51:22","modified_gmt":"2024-03-29T16:51:22","slug":"kbl-performances-formation-agilite-comportementale-performance-communication-intelligente-cohesion-dequipe-karen-berlan-lherbette","status":"publish","type":"page","link":"https:\/\/www.kblperformances.com\/","title":{"rendered":"Accueil"},"content":{"rendered":"\t\t<div data-elementor-type=\"wp-page\" data-elementor-id=\"12\" class=\"elementor elementor-12\">\n\t\t\t\t\t\t<section class=\"elementor-section elementor-top-section elementor-element elementor-element-2b3474e elementor-section-boxed elementor-section-height-default elementor-section-height-default\" data-id=\"2b3474e\" data-element_type=\"section\" data-e-type=\"section\">\n\t\t\t\t\t\t<div class=\"elementor-container elementor-column-gap-default\">\n\t\t\t\t\t<div class=\"elementor-column elementor-col-100 elementor-top-column elementor-element elementor-element-46615d2\" data-id=\"46615d2\" data-element_type=\"column\" data-e-type=\"column\">\n\t\t\t<div class=\"elementor-widget-wrap elementor-element-populated\">\n\t\t\t\t\t\t<div class=\"elementor-element elementor-element-eeb4547 elementor-widget elementor-widget-image\" data-id=\"eeb4547\" data-element_type=\"widget\" data-e-type=\"widget\" data-widget_type=\"image.default\">\n\t\t\t\t<div class=\"elementor-widget-container\">\n\t\t\t\t\t\t\t\t\t\t\t\t\t\t\t<img fetchpriority=\"high\" decoding=\"async\" width=\"225\" height=\"300\" src=\"https:\/\/www.kblperformances.com\/wp-content\/uploads\/2023\/07\/cropped-logo-KBL-Performances-1-e1694000173139-225x300.png\" class=\"attachment-medium size-medium wp-image-39\" alt=\"\" srcset=\"https:\/\/www.kblperformances.com\/wp-content\/uploads\/2023\/07\/cropped-logo-KBL-Performances-1-e1694000173139-225x300.png 225w, https:\/\/www.kblperformances.com\/wp-content\/uploads\/2023\/07\/cropped-logo-KBL-Performances-1-e1694000173139.png 362w\" sizes=\"(max-width: 225px) 100vw, 225px\" \/>\t\t\t\t\t\t\t\t\t\t\t\t\t\t\t<\/div>\n\t\t\t\t<\/div>\n\t\t\t\t\t<\/div>\n\t\t<\/div>\n\t\t\t\t\t<\/div>\n\t\t<\/section>\n\t\t\t\t<section class=\"elementor-section elementor-top-section elementor-element elementor-element-6d1fe28 elementor-section-full_width elementor-section-height-default elementor-section-height-default\" data-id=\"6d1fe28\" data-element_type=\"section\" data-e-type=\"section\">\n\t\t\t\t\t\t<div class=\"elementor-container elementor-column-gap-default\">\n\t\t\t\t\t<div class=\"elementor-column elementor-col-100 elementor-top-column elementor-element elementor-element-4e6b307\" data-id=\"4e6b307\" data-element_type=\"column\" data-e-type=\"column\">\n\t\t\t<div class=\"elementor-widget-wrap\">\n\t\t\t\t\t\t\t<\/div>\n\t\t<\/div>\n\t\t\t\t\t<\/div>\n\t\t<\/section>\n\t\t\t\t<section class=\"elementor-section elementor-top-section elementor-element elementor-element-0653153 elementor-section-boxed elementor-section-height-default elementor-section-height-default\" data-id=\"0653153\" data-element_type=\"section\" data-e-type=\"section\">\n\t\t\t\t\t\t<div class=\"elementor-container elementor-column-gap-default\">\n\t\t\t\t\t<div class=\"elementor-column elementor-col-100 elementor-top-column elementor-element elementor-element-246cf48\" data-id=\"246cf48\" data-element_type=\"column\" data-e-type=\"column\">\n\t\t\t<div class=\"elementor-widget-wrap elementor-element-populated\">\n\t\t\t\t\t\t<div class=\"elementor-element elementor-element-5cf2dda elementor-widget elementor-widget-heading\" data-id=\"5cf2dda\" data-element_type=\"widget\" data-e-type=\"widget\" data-widget_type=\"heading.default\">\n\t\t\t\t<div class=\"elementor-widget-container\">\n\t\t\t\t\t<h1 class=\"elementor-heading-title elementor-size-default\">Les formations sur-mesure au service de vos performances<\/h1>\t\t\t\t<\/div>\n\t\t\t\t<\/div>\n\t\t\t\t\t<\/div>\n\t\t<\/div>\n\t\t\t\t\t<\/div>\n\t\t<\/section>\n\t\t\t\t<section class=\"elementor-section elementor-top-section elementor-element elementor-element-90ddd88 elementor-section-boxed elementor-section-height-default elementor-section-height-default\" data-id=\"90ddd88\" data-element_type=\"section\" data-e-type=\"section\">\n\t\t\t\t\t\t<div class=\"elementor-container elementor-column-gap-default\">\n\t\t\t\t\t<div class=\"elementor-column elementor-col-100 elementor-top-column elementor-element elementor-element-19dce83\" data-id=\"19dce83\" data-element_type=\"column\" data-e-type=\"column\">\n\t\t\t<div class=\"elementor-widget-wrap elementor-element-populated\">\n\t\t\t\t\t\t<div class=\"elementor-element elementor-element-50fbb9d elementor-widget elementor-widget-text-editor\" data-id=\"50fbb9d\" data-element_type=\"widget\" data-e-type=\"widget\" data-widget_type=\"text-editor.default\">\n\t\t\t\t<div class=\"elementor-widget-container\">\n\t\t\t\t\t\t\t\t\t<p>KBL Performances propose des formations courtes pragmatiques et d\u00e9veloppe une d\u00e9marche syst\u00e9mique originale qui s\u2019appuie sur la compl\u00e9mentarit\u00e9 du savoir agir, du savoir-faire et du savoir-\u00eatre.<\/p><p>La trilogie des postures d\u2019anticipation, de coop\u00e9ration et d\u2019innovation, piliers de l\u2019agilit\u00e9, est int\u00e9gr\u00e9e dans mon ing\u00e9nierie p\u00e9dagogique.<\/p><p>Mon approche de la formation se veut r\u00e9solument tourn\u00e9e vers l\u2019acquisition de nouvelles comp\u00e9tences au service des performances.<\/p><p>Je vous propose la conception et la r\u00e9alisation de formations sur mesure, apr\u00e8s \u00e9tude compl\u00e8te des attentes et enjeux sp\u00e9cifiques de votre \u00e9quipe et de votre organisation.<\/p>\t\t\t\t\t\t\t\t<\/div>\n\t\t\t\t<\/div>\n\t\t\t\t\t<\/div>\n\t\t<\/div>\n\t\t\t\t\t<\/div>\n\t\t<\/section>\n\t\t\t\t<section class=\"elementor-section elementor-top-section elementor-element elementor-element-e4c45a6 elementor-section-boxed elementor-section-height-default elementor-section-height-default\" data-id=\"e4c45a6\" data-element_type=\"section\" data-e-type=\"section\">\n\t\t\t\t\t\t<div class=\"elementor-container elementor-column-gap-default\">\n\t\t\t\t\t<div class=\"elementor-column elementor-col-100 elementor-top-column elementor-element elementor-element-5bf1e27\" data-id=\"5bf1e27\" data-element_type=\"column\" data-e-type=\"column\">\n\t\t\t<div class=\"elementor-widget-wrap elementor-element-populated\">\n\t\t\t\t\t\t<div class=\"elementor-element elementor-element-8fe2f15 elementor-widget elementor-widget-heading\" data-id=\"8fe2f15\" data-element_type=\"widget\" data-e-type=\"widget\" data-widget_type=\"heading.default\">\n\t\t\t\t<div class=\"elementor-widget-container\">\n\t\t\t\t\t<h2 class=\"elementor-heading-title elementor-size-default\">Le choix d'une p\u00e9dagogie active :<\/h2>\t\t\t\t<\/div>\n\t\t\t\t<\/div>\n\t\t\t\t\t<\/div>\n\t\t<\/div>\n\t\t\t\t\t<\/div>\n\t\t<\/section>\n\t\t\t\t<section class=\"elementor-section elementor-top-section elementor-element elementor-element-be3ad63 elementor-section-boxed elementor-section-height-default elementor-section-height-default\" data-id=\"be3ad63\" data-element_type=\"section\" data-e-type=\"section\">\n\t\t\t\t\t\t<div class=\"elementor-container elementor-column-gap-default\">\n\t\t\t\t\t<div class=\"elementor-column elementor-col-100 elementor-top-column elementor-element elementor-element-bfa9c43\" data-id=\"bfa9c43\" data-element_type=\"column\" data-e-type=\"column\">\n\t\t\t<div class=\"elementor-widget-wrap elementor-element-populated\">\n\t\t\t\t\t\t<div class=\"elementor-element elementor-element-7069bcf elementor-widget elementor-widget-text-editor\" data-id=\"7069bcf\" data-element_type=\"widget\" data-e-type=\"widget\" data-widget_type=\"text-editor.default\">\n\t\t\t\t<div class=\"elementor-widget-container\">\n\t\t\t\t\t\t\t\t\t<p>KBL Performances a pour ambition de mettre les stagiaires au c\u0153ur du processus d\u2019apprentissage en favorisant les 4 dimensions d\u2019une p\u00e9dagogie v\u00e9ritablement efficace\u00a0:<\/p><ul><li>Apports th\u00e9oriques pour comprendre ce que l\u2019on fait<\/li><li>Exp\u00e9rimenter pour mettre en vie les concepts<\/li><li>S\u2019entrainer pour d\u00e9velopper ses nouvelles comp\u00e9tences<\/li><li>\u00catre impliqu\u00e9 dans l\u2019apprentissage en mobilisant son propre v\u00e9cu<\/li><\/ul><p>Concr\u00e8tement, mes formations sont con\u00e7ues pour permettre aux stagiaires d\u2019acqu\u00e9rir des m\u00e9thodes et outils pratiques, de se tester au travers de mises en situation et d\u2019exercices concrets, et de s\u2019enrichir mutuellement gr\u00e2ce \u00e0 des moments d\u00e9di\u00e9s au partage et au d\u00e9briefing d\u2019exp\u00e9riences v\u00e9cues.<\/p><p><strong><span style=\"color: #52006d;\">L\u2019Agilit\u00e9 Comportementale est au c\u0153ur des formations que je con\u00e7ois et anime.\u00a0<\/span> <\/strong><\/p>\t\t\t\t\t\t\t\t<\/div>\n\t\t\t\t<\/div>\n\t\t\t\t\t<\/div>\n\t\t<\/div>\n\t\t\t\t\t<\/div>\n\t\t<\/section>\n\t\t\t\t<\/div>\n\t\t","protected":false},"excerpt":{"rendered":"<p>Les formations sur-mesure au service de vos performances KBL Performances propose des formations courtes pragmatiques et d\u00e9veloppe une d\u00e9marche syst\u00e9mique originale qui s\u2019appuie sur la compl\u00e9mentarit\u00e9 du savoir agir, du savoir-faire et du savoir-\u00eatre. La trilogie des postures d\u2019anticipation, de coop\u00e9ration et d\u2019innovation, piliers de l\u2019agilit\u00e9, est int\u00e9gr\u00e9e dans mon ing\u00e9nierie p\u00e9dagogique. Mon approche de [&hellip;]<\/p>\n","protected":false},"author":1,"featured_media":0,"parent":0,"menu_order":0,"comment_status":"closed","ping_status":"closed","template":"elementor_header_footer","meta":{"hide_page_title":"","footnotes":""},"class_list":["post-12","page","type-page","status-publish","hentry"],"yoast_head":"<!-- This site is optimized with the Yoast SEO plugin v21.2 - https:\/\/yoast.com\/wordpress\/plugins\/seo\/ -->\n<title>Accueil - Les formations au service de vos performances KBL Performances<\/title>\n<meta name=\"description\" content=\"L&#039;Agilit\u00e9 Comportementale renforce et perfectionne les comp\u00e9tences de communication, de management et de leadership des managers, cadres, dirigeant(e)s et tous collaborateurs, dans leur relations avec autrui. Cette formation renforce votre performance, gr\u00e2ce \u00e0 la communication interpersonnelle intelligente. Elle vous apporte des m\u00e9thodes et des outils pour vous permettre d\u2019am\u00e9liorer votre compr\u00e9hension, votre adaptation et votre communication envers vos managers ou collaborateurs.\" \/>\n<meta name=\"robots\" content=\"index, follow, max-snippet:-1, max-image-preview:large, max-video-preview:-1\" \/>\n<link rel=\"canonical\" href=\"https:\/\/www.kblperformances.com\/\" \/>\n<meta property=\"og:locale\" content=\"fr_FR\" \/>\n<meta property=\"og:type\" content=\"article\" \/>\n<meta property=\"og:title\" content=\"KBL Performances KBL Performances Les formations au service de vos performances -\" \/>\n<meta property=\"og:description\" content=\"L&#039;Agilit\u00e9 Comportementale &amp; Leadership Relationnel renforce et perfectionne les comp\u00e9tences de communication, de management et de leadership des managers, cadres, dirigeant(e)s et tous collaborateurs ou futurs actifs, dans leur relations avec autrui. Cette formation renforce votre performance, gr\u00e2ce \u00e0 la communication interpersonnelle intelligente. Elle vous apporte des m\u00e9thodes et des outils pour vous permettre d\u2019am\u00e9liorer votre compr\u00e9hension, votre adaptation et votre communication envers vos managers ou collaborateurs.\" \/>\n<meta property=\"og:url\" content=\"https:\/\/www.kblperformances.com\/\" \/>\n<meta property=\"og:site_name\" content=\"KBL Performances\" \/>\n<meta property=\"article:modified_time\" content=\"2024-03-29T16:51:22+00:00\" \/>\n<meta property=\"og:image\" content=\"https:\/\/www.kblperformances.com\/wp-content\/uploads\/2023\/09\/KBL_Performances_2_-removebg-preview1.png\" \/>\n\t<meta property=\"og:image:width\" content=\"500\" \/>\n\t<meta property=\"og:image:height\" content=\"500\" \/>\n\t<meta property=\"og:image:type\" content=\"image\/png\" \/>\n<meta name=\"twitter:card\" content=\"summary_large_image\" \/>\n<meta name=\"twitter:label1\" content=\"Dur\u00e9e de lecture estim\u00e9e\" \/>\n\t<meta name=\"twitter:data1\" content=\"2 minutes\" \/>\n<script type=\"application\/ld+json\" class=\"yoast-schema-graph\">{\"@context\":\"https:\/\/schema.org\",\"@graph\":[{\"@type\":\"WebPage\",\"@id\":\"https:\/\/www.kblperformances.com\/\",\"url\":\"https:\/\/www.kblperformances.com\/\",\"name\":\"Accueil - Les formations au service de vos performances KBL Performances\",\"isPartOf\":{\"@id\":\"https:\/\/www.kblperformances.com\/#website\"},\"datePublished\":\"2023-07-27T07:49:49+00:00\",\"dateModified\":\"2024-03-29T16:51:22+00:00\",\"description\":\"L'Agilit\u00e9 Comportementale renforce et perfectionne les comp\u00e9tences de communication, de management et de leadership des managers, cadres, dirigeant(e)s et tous collaborateurs, dans leur relations avec autrui. Cette formation renforce votre performance, gr\u00e2ce \u00e0 la communication interpersonnelle intelligente. Elle vous apporte des m\u00e9thodes et des outils pour vous permettre d\u2019am\u00e9liorer votre compr\u00e9hension, votre adaptation et votre communication envers vos managers ou collaborateurs.\",\"breadcrumb\":{\"@id\":\"https:\/\/www.kblperformances.com\/#breadcrumb\"},\"inLanguage\":\"fr-FR\",\"potentialAction\":[{\"@type\":\"ReadAction\",\"target\":[\"https:\/\/www.kblperformances.com\/\"]}]},{\"@type\":\"BreadcrumbList\",\"@id\":\"https:\/\/www.kblperformances.com\/#breadcrumb\",\"itemListElement\":[{\"@type\":\"ListItem\",\"position\":1,\"name\":\"Accueil\",\"item\":\"https:\/\/www.kblperformances.com\/\"},{\"@type\":\"ListItem\",\"position\":2,\"name\":\"Accueil\"}]},{\"@type\":\"WebSite\",\"@id\":\"https:\/\/www.kblperformances.com\/#website\",\"url\":\"https:\/\/www.kblperformances.com\/\",\"name\":\"KBL Performances\",\"description\":\"Les formations au service de vos performances\",\"publisher\":{\"@id\":\"https:\/\/www.kblperformances.com\/#organization\"},\"potentialAction\":[{\"@type\":\"SearchAction\",\"target\":{\"@type\":\"EntryPoint\",\"urlTemplate\":\"https:\/\/www.kblperformances.com\/?s={search_term_string}\"},\"query-input\":\"required name=search_term_string\"}],\"inLanguage\":\"fr-FR\"},{\"@type\":\"Organization\",\"@id\":\"https:\/\/www.kblperformances.com\/#organization\",\"name\":\"KBL Performances\",\"url\":\"https:\/\/www.kblperformances.com\/\",\"logo\":{\"@type\":\"ImageObject\",\"inLanguage\":\"fr-FR\",\"@id\":\"https:\/\/www.kblperformances.com\/#\/schema\/logo\/image\/\",\"url\":\"https:\/\/www.kblperformances.com\/wp-content\/uploads\/2023\/07\/cropped-cropped-logo-KBL-Performances-1-e1694000173139.png\",\"contentUrl\":\"https:\/\/www.kblperformances.com\/wp-content\/uploads\/2023\/07\/cropped-cropped-logo-KBL-Performances-1-e1694000173139.png\",\"width\":362,\"height\":483,\"caption\":\"KBL Performances\"},\"image\":{\"@id\":\"https:\/\/www.kblperformances.com\/#\/schema\/logo\/image\/\"},\"sameAs\":[\"https:\/\/www.linkedin.com\/in\/karen-berlan-lherbette\/\"]}]}<\/script>\n<!-- \/ Yoast SEO plugin. -->","yoast_head_json":{"title":"Accueil - Les formations au service de vos performances KBL Performances","description":"L'Agilit\u00e9 Comportementale renforce et perfectionne les comp\u00e9tences de communication, de management et de leadership des managers, cadres, dirigeant(e)s et tous collaborateurs, dans leur relations avec autrui. Cette formation renforce votre performance, gr\u00e2ce \u00e0 la communication interpersonnelle intelligente. Elle vous apporte des m\u00e9thodes et des outils pour vous permettre d\u2019am\u00e9liorer votre compr\u00e9hension, votre adaptation et votre communication envers vos managers ou collaborateurs.","robots":{"index":"index","follow":"follow","max-snippet":"max-snippet:-1","max-image-preview":"max-image-preview:large","max-video-preview":"max-video-preview:-1"},"canonical":"https:\/\/www.kblperformances.com\/","og_locale":"fr_FR","og_type":"article","og_title":"KBL Performances KBL Performances Les formations au service de vos performances -","og_description":"L'Agilit\u00e9 Comportementale & Leadership Relationnel renforce et perfectionne les comp\u00e9tences de communication, de management et de leadership des managers, cadres, dirigeant(e)s et tous collaborateurs ou futurs actifs, dans leur relations avec autrui. Cette formation renforce votre performance, gr\u00e2ce \u00e0 la communication interpersonnelle intelligente. Elle vous apporte des m\u00e9thodes et des outils pour vous permettre d\u2019am\u00e9liorer votre compr\u00e9hension, votre adaptation et votre communication envers vos managers ou collaborateurs.","og_url":"https:\/\/www.kblperformances.com\/","og_site_name":"KBL Performances","article_modified_time":"2024-03-29T16:51:22+00:00","og_image":[{"width":500,"height":500,"url":"https:\/\/www.kblperformances.com\/wp-content\/uploads\/2023\/09\/KBL_Performances_2_-removebg-preview1.png","type":"image\/png"}],"twitter_card":"summary_large_image","twitter_misc":{"Dur\u00e9e de lecture estim\u00e9e":"2 minutes"},"schema":{"@context":"https:\/\/schema.org","@graph":[{"@type":"WebPage","@id":"https:\/\/www.kblperformances.com\/","url":"https:\/\/www.kblperformances.com\/","name":"Accueil - Les formations au service de vos performances KBL Performances","isPartOf":{"@id":"https:\/\/www.kblperformances.com\/#website"},"datePublished":"2023-07-27T07:49:49+00:00","dateModified":"2024-03-29T16:51:22+00:00","description":"L'Agilit\u00e9 Comportementale renforce et perfectionne les comp\u00e9tences de communication, de management et de leadership des managers, cadres, dirigeant(e)s et tous collaborateurs, dans leur relations avec autrui. Cette formation renforce votre performance, gr\u00e2ce \u00e0 la communication interpersonnelle intelligente. Elle vous apporte des m\u00e9thodes et des outils pour vous permettre d\u2019am\u00e9liorer votre compr\u00e9hension, votre adaptation et votre communication envers vos managers ou collaborateurs.","breadcrumb":{"@id":"https:\/\/www.kblperformances.com\/#breadcrumb"},"inLanguage":"fr-FR","potentialAction":[{"@type":"ReadAction","target":["https:\/\/www.kblperformances.com\/"]}]},{"@type":"BreadcrumbList","@id":"https:\/\/www.kblperformances.com\/#breadcrumb","itemListElement":[{"@type":"ListItem","position":1,"name":"Accueil","item":"https:\/\/www.kblperformances.com\/"},{"@type":"ListItem","position":2,"name":"Accueil"}]},{"@type":"WebSite","@id":"https:\/\/www.kblperformances.com\/#website","url":"https:\/\/www.kblperformances.com\/","name":"KBL Performances","description":"Les formations au service de vos performances","publisher":{"@id":"https:\/\/www.kblperformances.com\/#organization"},"potentialAction":[{"@type":"SearchAction","target":{"@type":"EntryPoint","urlTemplate":"https:\/\/www.kblperformances.com\/?s={search_term_string}"},"query-input":"required name=search_term_string"}],"inLanguage":"fr-FR"},{"@type":"Organization","@id":"https:\/\/www.kblperformances.com\/#organization","name":"KBL Performances","url":"https:\/\/www.kblperformances.com\/","logo":{"@type":"ImageObject","inLanguage":"fr-FR","@id":"https:\/\/www.kblperformances.com\/#\/schema\/logo\/image\/","url":"https:\/\/www.kblperformances.com\/wp-content\/uploads\/2023\/07\/cropped-cropped-logo-KBL-Performances-1-e1694000173139.png","contentUrl":"https:\/\/www.kblperformances.com\/wp-content\/uploads\/2023\/07\/cropped-cropped-logo-KBL-Performances-1-e1694000173139.png","width":362,"height":483,"caption":"KBL Performances"},"image":{"@id":"https:\/\/www.kblperformances.com\/#\/schema\/logo\/image\/"},"sameAs":["https:\/\/www.linkedin.com\/in\/karen-berlan-lherbette\/"]}]}},"_links":{"self":[{"href":"https:\/\/www.kblperformances.com\/index.php\/wp-json\/wp\/v2\/pages\/12","targetHints":{"allow":["GET"]}}],"collection":[{"href":"https:\/\/www.kblperformances.com\/index.php\/wp-json\/wp\/v2\/pages"}],"about":[{"href":"https:\/\/www.kblperformances.com\/index.php\/wp-json\/wp\/v2\/types\/page"}],"author":[{"embeddable":true,"href":"https:\/\/www.kblperformances.com\/index.php\/wp-json\/wp\/v2\/users\/1"}],"replies":[{"embeddable":true,"href":"https:\/\/www.kblperformances.com\/index.php\/wp-json\/wp\/v2\/comments?post=12"}],"version-history":[{"count":114,"href":"https:\/\/www.kblperformances.com\/index.php\/wp-json\/wp\/v2\/pages\/12\/revisions"}],"predecessor-version":[{"id":1110,"href":"https:\/\/www.kblperformances.com\/index.php\/wp-json\/wp\/v2\/pages\/12\/revisions\/1110"}],"wp:attachment":[{"href":"https:\/\/www.kblperformances.com\/index.php\/wp-json\/wp\/v2\/media?parent=12"}],"curies":[{"name":"wp","href":"https:\/\/api.w.org\/{rel}","templated":true}]}}