{"id":128,"date":"2023-08-10T16:08:35","date_gmt":"2023-08-10T14:08:35","guid":{"rendered":"https:\/\/kblperformances.com\/?page_id=128"},"modified":"2023-09-26T18:07:31","modified_gmt":"2023-09-26T16:07:31","slug":"conception-doutils-pedagogiques","status":"publish","type":"page","link":"https:\/\/www.kblperformances.com\/index.php\/conception-doutils-pedagogiques\/","title":{"rendered":"Conception d&rsquo;outils p\u00e9dagogiques"},"content":{"rendered":"\t\t<div data-elementor-type=\"wp-page\" data-elementor-id=\"128\" class=\"elementor elementor-128\">\n\t\t\t\t\t\t<section class=\"elementor-section elementor-top-section elementor-element elementor-element-2b97e3b elementor-section-boxed elementor-section-height-default elementor-section-height-default\" data-id=\"2b97e3b\" data-element_type=\"section\" data-e-type=\"section\">\n\t\t\t\t\t\t<div class=\"elementor-container elementor-column-gap-default\">\n\t\t\t\t\t<div class=\"elementor-column elementor-col-100 elementor-top-column elementor-element elementor-element-bda862f\" data-id=\"bda862f\" data-element_type=\"column\" data-e-type=\"column\">\n\t\t\t<div class=\"elementor-widget-wrap elementor-element-populated\">\n\t\t\t\t\t\t<div class=\"elementor-element elementor-element-4b0d99c elementor-widget elementor-widget-heading\" data-id=\"4b0d99c\" data-element_type=\"widget\" data-e-type=\"widget\" data-widget_type=\"heading.default\">\n\t\t\t\t<div class=\"elementor-widget-container\">\n\t\t\t\t\t<h1 class=\"elementor-heading-title elementor-size-default\">Conception d'Outils P\u00e9dagogiques<\/h1>\t\t\t\t<\/div>\n\t\t\t\t<\/div>\n\t\t\t\t\t<\/div>\n\t\t<\/div>\n\t\t\t\t\t<\/div>\n\t\t<\/section>\n\t\t\t\t<section class=\"elementor-section elementor-top-section elementor-element elementor-element-9e677d0 elementor-section-boxed elementor-section-height-default elementor-section-height-default\" data-id=\"9e677d0\" data-element_type=\"section\" data-e-type=\"section\">\n\t\t\t\t\t\t<div class=\"elementor-container elementor-column-gap-default\">\n\t\t\t\t\t<div class=\"elementor-column elementor-col-33 elementor-top-column elementor-element elementor-element-ad18671\" data-id=\"ad18671\" data-element_type=\"column\" data-e-type=\"column\">\n\t\t\t<div class=\"elementor-widget-wrap\">\n\t\t\t\t\t\t\t<\/div>\n\t\t<\/div>\n\t\t\t\t<div class=\"elementor-column elementor-col-33 elementor-top-column elementor-element elementor-element-68b7894\" data-id=\"68b7894\" data-element_type=\"column\" data-e-type=\"column\">\n\t\t\t<div class=\"elementor-widget-wrap elementor-element-populated\">\n\t\t\t\t\t\t<div class=\"elementor-element elementor-element-07eefac elementor-widget elementor-widget-image\" data-id=\"07eefac\" data-element_type=\"widget\" data-e-type=\"widget\" data-widget_type=\"image.default\">\n\t\t\t\t<div class=\"elementor-widget-container\">\n\t\t\t\t\t\t\t\t\t\t\t\t\t\t\t<img fetchpriority=\"high\" decoding=\"async\" width=\"660\" height=\"441\" src=\"https:\/\/www.kblperformances.com\/wp-content\/uploads\/2023\/08\/vue-dessus-gars-assis-cote-bureau-1024x684.jpg\" class=\"attachment-large size-large wp-image-240\" alt=\"\" srcset=\"https:\/\/www.kblperformances.com\/wp-content\/uploads\/2023\/08\/vue-dessus-gars-assis-cote-bureau-1024x684.jpg 1024w, https:\/\/www.kblperformances.com\/wp-content\/uploads\/2023\/08\/vue-dessus-gars-assis-cote-bureau-300x200.jpg 300w, https:\/\/www.kblperformances.com\/wp-content\/uploads\/2023\/08\/vue-dessus-gars-assis-cote-bureau-768x513.jpg 768w, https:\/\/www.kblperformances.com\/wp-content\/uploads\/2023\/08\/vue-dessus-gars-assis-cote-bureau-1536x1025.jpg 1536w, https:\/\/www.kblperformances.com\/wp-content\/uploads\/2023\/08\/vue-dessus-gars-assis-cote-bureau-2048x1367.jpg 2048w\" sizes=\"(max-width: 660px) 100vw, 660px\" \/>\t\t\t\t\t\t\t\t\t\t\t\t\t\t\t<\/div>\n\t\t\t\t<\/div>\n\t\t\t\t\t<\/div>\n\t\t<\/div>\n\t\t\t\t<div class=\"elementor-column elementor-col-33 elementor-top-column elementor-element elementor-element-c7cd3bd\" data-id=\"c7cd3bd\" data-element_type=\"column\" data-e-type=\"column\">\n\t\t\t<div class=\"elementor-widget-wrap\">\n\t\t\t\t\t\t\t<\/div>\n\t\t<\/div>\n\t\t\t\t\t<\/div>\n\t\t<\/section>\n\t\t\t\t<section class=\"elementor-section elementor-top-section elementor-element elementor-element-793e4c6 elementor-section-boxed elementor-section-height-default elementor-section-height-default\" data-id=\"793e4c6\" data-element_type=\"section\" data-e-type=\"section\">\n\t\t\t\t\t\t<div class=\"elementor-container elementor-column-gap-default\">\n\t\t\t\t\t<div class=\"elementor-column elementor-col-100 elementor-top-column elementor-element elementor-element-b665740\" data-id=\"b665740\" data-element_type=\"column\" data-e-type=\"column\">\n\t\t\t<div class=\"elementor-widget-wrap elementor-element-populated\">\n\t\t\t\t\t\t<div class=\"elementor-element elementor-element-bb1cc10 elementor-widget elementor-widget-text-editor\" data-id=\"bb1cc10\" data-element_type=\"widget\" data-e-type=\"widget\" data-widget_type=\"text-editor.default\">\n\t\t\t\t<div class=\"elementor-widget-container\">\n\t\t\t\t\t\t\t\t\t<p><strong>Vous \u00eates formateur, enseignant ou \u00e9tudiant ?<\/strong><br \/><strong>Confiez moi l&rsquo;\u00e9laboration et la conception de vos pr\u00e9sentations Power Point et vid\u00e9os.<\/strong><\/p>\t\t\t\t\t\t\t\t<\/div>\n\t\t\t\t<\/div>\n\t\t\t\t\t<\/div>\n\t\t<\/div>\n\t\t\t\t\t<\/div>\n\t\t<\/section>\n\t\t\t\t<section class=\"elementor-section elementor-top-section elementor-element elementor-element-5929301 elementor-section-boxed elementor-section-height-default elementor-section-height-default\" data-id=\"5929301\" data-element_type=\"section\" data-e-type=\"section\">\n\t\t\t\t\t\t<div class=\"elementor-container elementor-column-gap-default\">\n\t\t\t\t\t<div class=\"elementor-column elementor-col-100 elementor-top-column elementor-element elementor-element-851f892\" data-id=\"851f892\" data-element_type=\"column\" data-e-type=\"column\">\n\t\t\t<div class=\"elementor-widget-wrap elementor-element-populated\">\n\t\t\t\t\t\t<div class=\"elementor-element elementor-element-e36779a elementor-widget elementor-widget-text-editor\" data-id=\"e36779a\" data-element_type=\"widget\" data-e-type=\"widget\" data-widget_type=\"text-editor.default\">\n\t\t\t\t<div class=\"elementor-widget-container\">\n\t\t\t\t\t\t\t\t\t<p>Vous manquez de temps ? D&rsquo;inspiration ? La mise en page et le design de vos pr\u00e9sentations n&rsquo;est pas votre point fort ? Je vous propose de r\u00e9aliser pour vous vos supports de pr\u00e9sentation et de les personnaliser \u00e0 votre image. Et pourquoi ne pas y int\u00e9grer votre avatar ? <br>Nous \u00e9tudierons ensemble vos besoins, vos objectifs et votre cahier des charges. <br>Transmettez moi le contenu : je m&rsquo;occupe de la forme.<\/p>\n\n<p>[Devis sur demande]<\/p>\t\t\t\t\t\t\t\t<\/div>\n\t\t\t\t<\/div>\n\t\t\t\t\t<\/div>\n\t\t<\/div>\n\t\t\t\t\t<\/div>\n\t\t<\/section>\n\t\t\t\t<section class=\"elementor-section elementor-top-section elementor-element elementor-element-321d45e elementor-section-boxed elementor-section-height-default elementor-section-height-default\" data-id=\"321d45e\" data-element_type=\"section\" data-e-type=\"section\">\n\t\t\t\t\t\t<div class=\"elementor-container elementor-column-gap-default\">\n\t\t\t\t\t<div class=\"elementor-column elementor-col-100 elementor-top-column elementor-element elementor-element-12e56b2\" data-id=\"12e56b2\" data-element_type=\"column\" data-e-type=\"column\">\n\t\t\t<div class=\"elementor-widget-wrap elementor-element-populated\">\n\t\t\t\t\t\t<div class=\"elementor-element elementor-element-4a6253d elementor-widget elementor-widget-text-editor\" data-id=\"4a6253d\" data-element_type=\"widget\" data-e-type=\"widget\" data-widget_type=\"text-editor.default\">\n\t\t\t\t<div class=\"elementor-widget-container\">\n\t\t\t\t\t\t\t\t\t<p><a href=\"https:\/\/kblperformances.com\/index.php\/contact\/\" target=\"_blank\" rel=\"noopener\">Contactez moi pour que nous en parlions&#8230;<\/a><\/p>\t\t\t\t\t\t\t\t<\/div>\n\t\t\t\t<\/div>\n\t\t\t\t\t<\/div>\n\t\t<\/div>\n\t\t\t\t\t<\/div>\n\t\t<\/section>\n\t\t\t\t<\/div>\n\t\t","protected":false},"excerpt":{"rendered":"<p>Conception d&rsquo;Outils P\u00e9dagogiques Vous \u00eates formateur, enseignant ou \u00e9tudiant ?Confiez moi l&rsquo;\u00e9laboration et la conception de vos pr\u00e9sentations Power Point et vid\u00e9os. Vous manquez de temps ? D&rsquo;inspiration ? La mise en page et le design de vos pr\u00e9sentations n&rsquo;est pas votre point fort ? Je vous propose de r\u00e9aliser pour vous vos supports de [&hellip;]<\/p>\n","protected":false},"author":1,"featured_media":0,"parent":0,"menu_order":0,"comment_status":"closed","ping_status":"closed","template":"elementor_header_footer","meta":{"hide_page_title":"","footnotes":""},"class_list":["post-128","page","type-page","status-publish","hentry"],"yoast_head":"<!-- This site is optimized with the Yoast SEO plugin v21.2 - https:\/\/yoast.com\/wordpress\/plugins\/seo\/ -->\n<title>Conception d&#039;outils p\u00e9dagogiques - KBL Performances<\/title>\n<meta name=\"robots\" content=\"index, follow, max-snippet:-1, max-image-preview:large, max-video-preview:-1\" \/>\n<link rel=\"canonical\" href=\"https:\/\/www.kblperformances.com\/index.php\/conception-doutils-pedagogiques\/\" \/>\n<meta property=\"og:locale\" content=\"fr_FR\" \/>\n<meta property=\"og:type\" content=\"article\" \/>\n<meta property=\"og:title\" content=\"Conception d&#039;outils p\u00e9dagogiques - KBL Performances\" \/>\n<meta property=\"og:description\" content=\"Conception d&rsquo;Outils P\u00e9dagogiques Vous \u00eates formateur, enseignant ou \u00e9tudiant ?Confiez moi l&rsquo;\u00e9laboration et la conception de vos pr\u00e9sentations Power Point et vid\u00e9os. Vous manquez de temps ? D&rsquo;inspiration ? La mise en page et le design de vos pr\u00e9sentations n&rsquo;est pas votre point fort ? Je vous propose de r\u00e9aliser pour vous vos supports de [&hellip;]\" \/>\n<meta property=\"og:url\" content=\"https:\/\/www.kblperformances.com\/index.php\/conception-doutils-pedagogiques\/\" \/>\n<meta property=\"og:site_name\" content=\"KBL Performances\" \/>\n<meta property=\"article:modified_time\" content=\"2023-09-26T16:07:31+00:00\" \/>\n<meta property=\"og:image\" content=\"https:\/\/www.kblperformances.com\/wp-content\/uploads\/2023\/08\/vue-dessus-gars-assis-cote-bureau-1024x684.jpg\" \/>\n<meta name=\"twitter:card\" content=\"summary_large_image\" \/>\n<meta name=\"twitter:label1\" content=\"Dur\u00e9e de lecture estim\u00e9e\" \/>\n\t<meta name=\"twitter:data1\" content=\"1 minute\" \/>\n<script type=\"application\/ld+json\" class=\"yoast-schema-graph\">{\"@context\":\"https:\/\/schema.org\",\"@graph\":[{\"@type\":\"WebPage\",\"@id\":\"https:\/\/www.kblperformances.com\/index.php\/conception-doutils-pedagogiques\/\",\"url\":\"https:\/\/www.kblperformances.com\/index.php\/conception-doutils-pedagogiques\/\",\"name\":\"Conception d'outils p\u00e9dagogiques - KBL Performances\",\"isPartOf\":{\"@id\":\"https:\/\/www.kblperformances.com\/#website\"},\"datePublished\":\"2023-08-10T14:08:35+00:00\",\"dateModified\":\"2023-09-26T16:07:31+00:00\",\"breadcrumb\":{\"@id\":\"https:\/\/www.kblperformances.com\/index.php\/conception-doutils-pedagogiques\/#breadcrumb\"},\"inLanguage\":\"fr-FR\",\"potentialAction\":[{\"@type\":\"ReadAction\",\"target\":[\"https:\/\/www.kblperformances.com\/index.php\/conception-doutils-pedagogiques\/\"]}]},{\"@type\":\"BreadcrumbList\",\"@id\":\"https:\/\/www.kblperformances.com\/index.php\/conception-doutils-pedagogiques\/#breadcrumb\",\"itemListElement\":[{\"@type\":\"ListItem\",\"position\":1,\"name\":\"Accueil\",\"item\":\"https:\/\/www.kblperformances.com\/\"},{\"@type\":\"ListItem\",\"position\":2,\"name\":\"Conception d&rsquo;outils p\u00e9dagogiques\"}]},{\"@type\":\"WebSite\",\"@id\":\"https:\/\/www.kblperformances.com\/#website\",\"url\":\"https:\/\/www.kblperformances.com\/\",\"name\":\"KBL Performances\",\"description\":\"Les formations au service de vos performances\",\"publisher\":{\"@id\":\"https:\/\/www.kblperformances.com\/#organization\"},\"potentialAction\":[{\"@type\":\"SearchAction\",\"target\":{\"@type\":\"EntryPoint\",\"urlTemplate\":\"https:\/\/www.kblperformances.com\/?s={search_term_string}\"},\"query-input\":\"required name=search_term_string\"}],\"inLanguage\":\"fr-FR\"},{\"@type\":\"Organization\",\"@id\":\"https:\/\/www.kblperformances.com\/#organization\",\"name\":\"KBL Performances\",\"url\":\"https:\/\/www.kblperformances.com\/\",\"logo\":{\"@type\":\"ImageObject\",\"inLanguage\":\"fr-FR\",\"@id\":\"https:\/\/www.kblperformances.com\/#\/schema\/logo\/image\/\",\"url\":\"https:\/\/www.kblperformances.com\/wp-content\/uploads\/2023\/07\/cropped-cropped-logo-KBL-Performances-1-e1694000173139.png\",\"contentUrl\":\"https:\/\/www.kblperformances.com\/wp-content\/uploads\/2023\/07\/cropped-cropped-logo-KBL-Performances-1-e1694000173139.png\",\"width\":362,\"height\":483,\"caption\":\"KBL Performances\"},\"image\":{\"@id\":\"https:\/\/www.kblperformances.com\/#\/schema\/logo\/image\/\"},\"sameAs\":[\"https:\/\/www.linkedin.com\/in\/karen-berlan-lherbette\/\"]}]}<\/script>\n<!-- \/ Yoast SEO plugin. -->","yoast_head_json":{"title":"Conception d'outils p\u00e9dagogiques - KBL Performances","robots":{"index":"index","follow":"follow","max-snippet":"max-snippet:-1","max-image-preview":"max-image-preview:large","max-video-preview":"max-video-preview:-1"},"canonical":"https:\/\/www.kblperformances.com\/index.php\/conception-doutils-pedagogiques\/","og_locale":"fr_FR","og_type":"article","og_title":"Conception d'outils p\u00e9dagogiques - KBL Performances","og_description":"Conception d&rsquo;Outils P\u00e9dagogiques Vous \u00eates formateur, enseignant ou \u00e9tudiant ?Confiez moi l&rsquo;\u00e9laboration et la conception de vos pr\u00e9sentations Power Point et vid\u00e9os. Vous manquez de temps ? D&rsquo;inspiration ? La mise en page et le design de vos pr\u00e9sentations n&rsquo;est pas votre point fort ? Je vous propose de r\u00e9aliser pour vous vos supports de [&hellip;]","og_url":"https:\/\/www.kblperformances.com\/index.php\/conception-doutils-pedagogiques\/","og_site_name":"KBL Performances","article_modified_time":"2023-09-26T16:07:31+00:00","og_image":[{"url":"https:\/\/www.kblperformances.com\/wp-content\/uploads\/2023\/08\/vue-dessus-gars-assis-cote-bureau-1024x684.jpg"}],"twitter_card":"summary_large_image","twitter_misc":{"Dur\u00e9e de lecture estim\u00e9e":"1 minute"},"schema":{"@context":"https:\/\/schema.org","@graph":[{"@type":"WebPage","@id":"https:\/\/www.kblperformances.com\/index.php\/conception-doutils-pedagogiques\/","url":"https:\/\/www.kblperformances.com\/index.php\/conception-doutils-pedagogiques\/","name":"Conception d'outils p\u00e9dagogiques - KBL Performances","isPartOf":{"@id":"https:\/\/www.kblperformances.com\/#website"},"datePublished":"2023-08-10T14:08:35+00:00","dateModified":"2023-09-26T16:07:31+00:00","breadcrumb":{"@id":"https:\/\/www.kblperformances.com\/index.php\/conception-doutils-pedagogiques\/#breadcrumb"},"inLanguage":"fr-FR","potentialAction":[{"@type":"ReadAction","target":["https:\/\/www.kblperformances.com\/index.php\/conception-doutils-pedagogiques\/"]}]},{"@type":"BreadcrumbList","@id":"https:\/\/www.kblperformances.com\/index.php\/conception-doutils-pedagogiques\/#breadcrumb","itemListElement":[{"@type":"ListItem","position":1,"name":"Accueil","item":"https:\/\/www.kblperformances.com\/"},{"@type":"ListItem","position":2,"name":"Conception d&rsquo;outils p\u00e9dagogiques"}]},{"@type":"WebSite","@id":"https:\/\/www.kblperformances.com\/#website","url":"https:\/\/www.kblperformances.com\/","name":"KBL Performances","description":"Les formations au service de vos performances","publisher":{"@id":"https:\/\/www.kblperformances.com\/#organization"},"potentialAction":[{"@type":"SearchAction","target":{"@type":"EntryPoint","urlTemplate":"https:\/\/www.kblperformances.com\/?s={search_term_string}"},"query-input":"required name=search_term_string"}],"inLanguage":"fr-FR"},{"@type":"Organization","@id":"https:\/\/www.kblperformances.com\/#organization","name":"KBL Performances","url":"https:\/\/www.kblperformances.com\/","logo":{"@type":"ImageObject","inLanguage":"fr-FR","@id":"https:\/\/www.kblperformances.com\/#\/schema\/logo\/image\/","url":"https:\/\/www.kblperformances.com\/wp-content\/uploads\/2023\/07\/cropped-cropped-logo-KBL-Performances-1-e1694000173139.png","contentUrl":"https:\/\/www.kblperformances.com\/wp-content\/uploads\/2023\/07\/cropped-cropped-logo-KBL-Performances-1-e1694000173139.png","width":362,"height":483,"caption":"KBL Performances"},"image":{"@id":"https:\/\/www.kblperformances.com\/#\/schema\/logo\/image\/"},"sameAs":["https:\/\/www.linkedin.com\/in\/karen-berlan-lherbette\/"]}]}},"_links":{"self":[{"href":"https:\/\/www.kblperformances.com\/index.php\/wp-json\/wp\/v2\/pages\/128","targetHints":{"allow":["GET"]}}],"collection":[{"href":"https:\/\/www.kblperformances.com\/index.php\/wp-json\/wp\/v2\/pages"}],"about":[{"href":"https:\/\/www.kblperformances.com\/index.php\/wp-json\/wp\/v2\/types\/page"}],"author":[{"embeddable":true,"href":"https:\/\/www.kblperformances.com\/index.php\/wp-json\/wp\/v2\/users\/1"}],"replies":[{"embeddable":true,"href":"https:\/\/www.kblperformances.com\/index.php\/wp-json\/wp\/v2\/comments?post=128"}],"version-history":[{"count":38,"href":"https:\/\/www.kblperformances.com\/index.php\/wp-json\/wp\/v2\/pages\/128\/revisions"}],"predecessor-version":[{"id":923,"href":"https:\/\/www.kblperformances.com\/index.php\/wp-json\/wp\/v2\/pages\/128\/revisions\/923"}],"wp:attachment":[{"href":"https:\/\/www.kblperformances.com\/index.php\/wp-json\/wp\/v2\/media?parent=128"}],"curies":[{"name":"wp","href":"https:\/\/api.w.org\/{rel}","templated":true}]}}