{"id":1304,"date":"2024-04-04T20:25:33","date_gmt":"2024-04-04T18:25:33","guid":{"rendered":"https:\/\/www.kblperformances.com\/?page_id=1304"},"modified":"2024-04-04T20:41:59","modified_gmt":"2024-04-04T18:41:59","slug":"developper-son-aisance-son-efficacite-professionnelles","status":"publish","type":"page","link":"https:\/\/www.kblperformances.com\/index.php\/developper-son-aisance-son-efficacite-professionnelles\/","title":{"rendered":"D\u00e9velopper son Aisance &amp; son Efficacit\u00e9 Professionnelles"},"content":{"rendered":"\t\t<div data-elementor-type=\"wp-page\" data-elementor-id=\"1304\" class=\"elementor elementor-1304\">\n\t\t\t\t\t\t<section class=\"elementor-section elementor-top-section elementor-element elementor-element-048b0ce elementor-section-boxed elementor-section-height-default elementor-section-height-default\" data-id=\"048b0ce\" data-element_type=\"section\" data-e-type=\"section\">\n\t\t\t\t\t\t<div class=\"elementor-container elementor-column-gap-default\">\n\t\t\t\t\t<div class=\"elementor-column elementor-col-100 elementor-top-column elementor-element elementor-element-959b1e9\" data-id=\"959b1e9\" data-element_type=\"column\" data-e-type=\"column\">\n\t\t\t<div class=\"elementor-widget-wrap elementor-element-populated\">\n\t\t\t\t\t\t<div class=\"elementor-element elementor-element-2406e59 elementor-widget elementor-widget-heading\" data-id=\"2406e59\" data-element_type=\"widget\" data-e-type=\"widget\" data-widget_type=\"heading.default\">\n\t\t\t\t<div class=\"elementor-widget-container\">\n\t\t\t\t\t<h2 class=\"elementor-heading-title elementor-size-default\">Formation D\u00e9velopper son Aisance &amp; son Efficacit\u00e9 Professionnelles<\/h2>\t\t\t\t<\/div>\n\t\t\t\t<\/div>\n\t\t\t\t\t<\/div>\n\t\t<\/div>\n\t\t\t\t\t<\/div>\n\t\t<\/section>\n\t\t\t\t<section class=\"elementor-section elementor-top-section elementor-element elementor-element-1219e10 elementor-section-boxed elementor-section-height-default elementor-section-height-default\" data-id=\"1219e10\" data-element_type=\"section\" data-e-type=\"section\">\n\t\t\t\t\t\t<div class=\"elementor-container elementor-column-gap-default\">\n\t\t\t\t\t<div class=\"elementor-column elementor-col-100 elementor-top-column elementor-element elementor-element-91a9941\" data-id=\"91a9941\" data-element_type=\"column\" data-e-type=\"column\">\n\t\t\t<div class=\"elementor-widget-wrap elementor-element-populated\">\n\t\t\t\t\t\t<div class=\"elementor-element elementor-element-fda15d8 elementor-widget elementor-widget-text-editor\" data-id=\"fda15d8\" data-element_type=\"widget\" data-e-type=\"widget\" data-widget_type=\"text-editor.default\">\n\t\t\t\t<div class=\"elementor-widget-container\">\n\t\t\t\t\t\t\t\t\t<p>Gagner en <span style=\"color: #8400c6;\"><strong>aisance professionnelle<\/strong><\/span> peut faire une grande diff\u00e9rence dans votre carri\u00e8re, que ce soit pour am\u00e9liorer votre communication, renforcer votre confiance en vous, ou d\u00e9velopper vos comp\u00e9tences.<\/p><p>L&rsquo;<strong><span style=\"color: #8400c6;\">efficacit\u00e9 professionnelle<\/span><\/strong> se rapporte \u00e0 la capacit\u00e9 de r\u00e9aliser vos t\u00e2ches et objectifs de travail de mani\u00e8re productive, en utilisant au mieux votre temps et TOUTES vos ressources.<\/p><p>Ceci n\u2019est jouable qu\u2019avec une efficacit\u00e9 relationnelle au travail, cruciale pour b\u00e2tir des relations professionnelles solides, faciliter la collaboration et maintenir un environnement de travail positif.<\/p><p>Voici quelques conseils pour y parvenir :<\/p><ul><li>Am\u00e9liorez vos comp\u00e9tences de communication<\/li><li>Travaillez sur votre confiance en vous<\/li><li>D\u00e9veloppez vos comp\u00e9tences techniques et sectorielles<\/li><li>Pratiquez la gestion du temps et de la priorisation<\/li><li>Cultivez l\u2019intelligence \u00e9motionnelle<\/li><li>R\u00e9seautez activement<\/li><li>Demandez du feedback et apprenez de celui-ci<\/li><li>Prenez soin de votre bien-\u00eatre<\/li><\/ul><p>Avec cette formation Vous apprenez \u00e0 vous engager avec conviction, \u00e0 parler de votre activit\u00e9 avec clart\u00e9, \u00e0 \u00e9couter autrement, \u00e0 d\u00e9velopper une approche coop\u00e9rative des relations en entreprise en conciliant efficacit\u00e9 professionnelle et individualit\u00e9s.<\/p>\t\t\t\t\t\t\t\t<\/div>\n\t\t\t\t<\/div>\n\t\t\t\t<div class=\"elementor-element elementor-element-8e47bf4 elementor-button-info elementor-align-center elementor-widget elementor-widget-button\" data-id=\"8e47bf4\" data-element_type=\"widget\" data-e-type=\"widget\" data-widget_type=\"button.default\">\n\t\t\t\t<div class=\"elementor-widget-container\">\n\t\t\t\t\t\t\t\t\t<div class=\"elementor-button-wrapper\">\n\t\t\t\t\t<a class=\"elementor-button elementor-button-link elementor-size-sm\" href=\"https:\/\/www.kblperformances.com\/wp-content\/uploads\/2024\/04\/Fiche-DEVELOPPER-SON-AISANCE-SON-EFFICACITE-PROFESSIONNELLES.pdf\">\n\t\t\t\t\t\t<span class=\"elementor-button-content-wrapper\">\n\t\t\t\t\t\t<span class=\"elementor-button-icon\">\n\t\t\t\t<i aria-hidden=\"true\" class=\"fas fa-paperclip\"><\/i>\t\t\t<\/span>\n\t\t\t\t\t\t\t\t\t<span class=\"elementor-button-text\">Infos compl\u00e8tes ici<\/span>\n\t\t\t\t\t<\/span>\n\t\t\t\t\t<\/a>\n\t\t\t\t<\/div>\n\t\t\t\t\t\t\t\t<\/div>\n\t\t\t\t<\/div>\n\t\t\t\t\t<\/div>\n\t\t<\/div>\n\t\t\t\t\t<\/div>\n\t\t<\/section>\n\t\t\t\t<section class=\"elementor-section elementor-top-section elementor-element elementor-element-0aad579 elementor-section-boxed elementor-section-height-default elementor-section-height-default\" data-id=\"0aad579\" data-element_type=\"section\" data-e-type=\"section\">\n\t\t\t\t\t\t<div class=\"elementor-container elementor-column-gap-default\">\n\t\t\t\t\t<div class=\"elementor-column elementor-col-100 elementor-top-column elementor-element elementor-element-23f2fd6\" data-id=\"23f2fd6\" data-element_type=\"column\" data-e-type=\"column\">\n\t\t\t<div class=\"elementor-widget-wrap\">\n\t\t\t\t\t\t\t<\/div>\n\t\t<\/div>\n\t\t\t\t\t<\/div>\n\t\t<\/section>\n\t\t\t\t<\/div>\n\t\t","protected":false},"excerpt":{"rendered":"<p>Formation D\u00e9velopper son Aisance &#038; son Efficacit\u00e9 Professionnelles Gagner en aisance professionnelle peut faire une grande diff\u00e9rence dans votre carri\u00e8re, que ce soit pour am\u00e9liorer votre communication, renforcer votre confiance en vous, ou d\u00e9velopper vos comp\u00e9tences. L&rsquo;efficacit\u00e9 professionnelle se rapporte \u00e0 la capacit\u00e9 de r\u00e9aliser vos t\u00e2ches et objectifs de travail de mani\u00e8re productive, en [&hellip;]<\/p>\n","protected":false},"author":1,"featured_media":0,"parent":0,"menu_order":0,"comment_status":"closed","ping_status":"closed","template":"","meta":{"hide_page_title":"","footnotes":""},"class_list":["post-1304","page","type-page","status-publish","hentry"],"yoast_head":"<!-- This site is optimized with the Yoast SEO plugin v21.2 - https:\/\/yoast.com\/wordpress\/plugins\/seo\/ -->\n<title>D\u00e9velopper son Aisance &amp; son Efficacit\u00e9 Professionnelles - KBL Performances<\/title>\n<meta name=\"robots\" content=\"index, follow, max-snippet:-1, max-image-preview:large, max-video-preview:-1\" \/>\n<link rel=\"canonical\" href=\"https:\/\/www.kblperformances.com\/index.php\/developper-son-aisance-son-efficacite-professionnelles\/\" \/>\n<meta property=\"og:locale\" content=\"fr_FR\" \/>\n<meta property=\"og:type\" content=\"article\" \/>\n<meta property=\"og:title\" content=\"D\u00e9velopper son Aisance &amp; son Efficacit\u00e9 Professionnelles - KBL Performances\" \/>\n<meta property=\"og:description\" content=\"Formation D\u00e9velopper son Aisance &#038; son Efficacit\u00e9 Professionnelles Gagner en aisance professionnelle peut faire une grande diff\u00e9rence dans votre carri\u00e8re, que ce soit pour am\u00e9liorer votre communication, renforcer votre confiance en vous, ou d\u00e9velopper vos comp\u00e9tences. L&rsquo;efficacit\u00e9 professionnelle se rapporte \u00e0 la capacit\u00e9 de r\u00e9aliser vos t\u00e2ches et objectifs de travail de mani\u00e8re productive, en [&hellip;]\" \/>\n<meta property=\"og:url\" content=\"https:\/\/www.kblperformances.com\/index.php\/developper-son-aisance-son-efficacite-professionnelles\/\" \/>\n<meta property=\"og:site_name\" content=\"KBL Performances\" \/>\n<meta property=\"article:modified_time\" content=\"2024-04-04T18:41:59+00:00\" \/>\n<meta name=\"twitter:card\" content=\"summary_large_image\" \/>\n<meta name=\"twitter:label1\" content=\"Dur\u00e9e de lecture estim\u00e9e\" \/>\n\t<meta name=\"twitter:data1\" content=\"1 minute\" \/>\n<script type=\"application\/ld+json\" class=\"yoast-schema-graph\">{\"@context\":\"https:\/\/schema.org\",\"@graph\":[{\"@type\":\"WebPage\",\"@id\":\"https:\/\/www.kblperformances.com\/index.php\/developper-son-aisance-son-efficacite-professionnelles\/\",\"url\":\"https:\/\/www.kblperformances.com\/index.php\/developper-son-aisance-son-efficacite-professionnelles\/\",\"name\":\"D\u00e9velopper son Aisance &amp; son Efficacit\u00e9 Professionnelles - KBL Performances\",\"isPartOf\":{\"@id\":\"https:\/\/www.kblperformances.com\/#website\"},\"datePublished\":\"2024-04-04T18:25:33+00:00\",\"dateModified\":\"2024-04-04T18:41:59+00:00\",\"breadcrumb\":{\"@id\":\"https:\/\/www.kblperformances.com\/index.php\/developper-son-aisance-son-efficacite-professionnelles\/#breadcrumb\"},\"inLanguage\":\"fr-FR\",\"potentialAction\":[{\"@type\":\"ReadAction\",\"target\":[\"https:\/\/www.kblperformances.com\/index.php\/developper-son-aisance-son-efficacite-professionnelles\/\"]}]},{\"@type\":\"BreadcrumbList\",\"@id\":\"https:\/\/www.kblperformances.com\/index.php\/developper-son-aisance-son-efficacite-professionnelles\/#breadcrumb\",\"itemListElement\":[{\"@type\":\"ListItem\",\"position\":1,\"name\":\"Accueil\",\"item\":\"https:\/\/www.kblperformances.com\/\"},{\"@type\":\"ListItem\",\"position\":2,\"name\":\"D\u00e9velopper son Aisance &amp; son Efficacit\u00e9 Professionnelles\"}]},{\"@type\":\"WebSite\",\"@id\":\"https:\/\/www.kblperformances.com\/#website\",\"url\":\"https:\/\/www.kblperformances.com\/\",\"name\":\"KBL Performances\",\"description\":\"Les formations au service de vos performances\",\"publisher\":{\"@id\":\"https:\/\/www.kblperformances.com\/#organization\"},\"potentialAction\":[{\"@type\":\"SearchAction\",\"target\":{\"@type\":\"EntryPoint\",\"urlTemplate\":\"https:\/\/www.kblperformances.com\/?s={search_term_string}\"},\"query-input\":\"required name=search_term_string\"}],\"inLanguage\":\"fr-FR\"},{\"@type\":\"Organization\",\"@id\":\"https:\/\/www.kblperformances.com\/#organization\",\"name\":\"KBL Performances\",\"url\":\"https:\/\/www.kblperformances.com\/\",\"logo\":{\"@type\":\"ImageObject\",\"inLanguage\":\"fr-FR\",\"@id\":\"https:\/\/www.kblperformances.com\/#\/schema\/logo\/image\/\",\"url\":\"https:\/\/www.kblperformances.com\/wp-content\/uploads\/2023\/07\/cropped-cropped-logo-KBL-Performances-1-e1694000173139.png\",\"contentUrl\":\"https:\/\/www.kblperformances.com\/wp-content\/uploads\/2023\/07\/cropped-cropped-logo-KBL-Performances-1-e1694000173139.png\",\"width\":362,\"height\":483,\"caption\":\"KBL Performances\"},\"image\":{\"@id\":\"https:\/\/www.kblperformances.com\/#\/schema\/logo\/image\/\"},\"sameAs\":[\"https:\/\/www.linkedin.com\/in\/karen-berlan-lherbette\/\"]}]}<\/script>\n<!-- \/ Yoast SEO plugin. -->","yoast_head_json":{"title":"D\u00e9velopper son Aisance &amp; son Efficacit\u00e9 Professionnelles - KBL Performances","robots":{"index":"index","follow":"follow","max-snippet":"max-snippet:-1","max-image-preview":"max-image-preview:large","max-video-preview":"max-video-preview:-1"},"canonical":"https:\/\/www.kblperformances.com\/index.php\/developper-son-aisance-son-efficacite-professionnelles\/","og_locale":"fr_FR","og_type":"article","og_title":"D\u00e9velopper son Aisance &amp; son Efficacit\u00e9 Professionnelles - KBL Performances","og_description":"Formation D\u00e9velopper son Aisance &#038; son Efficacit\u00e9 Professionnelles Gagner en aisance professionnelle peut faire une grande diff\u00e9rence dans votre carri\u00e8re, que ce soit pour am\u00e9liorer votre communication, renforcer votre confiance en vous, ou d\u00e9velopper vos comp\u00e9tences. L&rsquo;efficacit\u00e9 professionnelle se rapporte \u00e0 la capacit\u00e9 de r\u00e9aliser vos t\u00e2ches et objectifs de travail de mani\u00e8re productive, en [&hellip;]","og_url":"https:\/\/www.kblperformances.com\/index.php\/developper-son-aisance-son-efficacite-professionnelles\/","og_site_name":"KBL Performances","article_modified_time":"2024-04-04T18:41:59+00:00","twitter_card":"summary_large_image","twitter_misc":{"Dur\u00e9e de lecture estim\u00e9e":"1 minute"},"schema":{"@context":"https:\/\/schema.org","@graph":[{"@type":"WebPage","@id":"https:\/\/www.kblperformances.com\/index.php\/developper-son-aisance-son-efficacite-professionnelles\/","url":"https:\/\/www.kblperformances.com\/index.php\/developper-son-aisance-son-efficacite-professionnelles\/","name":"D\u00e9velopper son Aisance &amp; son Efficacit\u00e9 Professionnelles - KBL Performances","isPartOf":{"@id":"https:\/\/www.kblperformances.com\/#website"},"datePublished":"2024-04-04T18:25:33+00:00","dateModified":"2024-04-04T18:41:59+00:00","breadcrumb":{"@id":"https:\/\/www.kblperformances.com\/index.php\/developper-son-aisance-son-efficacite-professionnelles\/#breadcrumb"},"inLanguage":"fr-FR","potentialAction":[{"@type":"ReadAction","target":["https:\/\/www.kblperformances.com\/index.php\/developper-son-aisance-son-efficacite-professionnelles\/"]}]},{"@type":"BreadcrumbList","@id":"https:\/\/www.kblperformances.com\/index.php\/developper-son-aisance-son-efficacite-professionnelles\/#breadcrumb","itemListElement":[{"@type":"ListItem","position":1,"name":"Accueil","item":"https:\/\/www.kblperformances.com\/"},{"@type":"ListItem","position":2,"name":"D\u00e9velopper son Aisance &amp; son Efficacit\u00e9 Professionnelles"}]},{"@type":"WebSite","@id":"https:\/\/www.kblperformances.com\/#website","url":"https:\/\/www.kblperformances.com\/","name":"KBL Performances","description":"Les formations au service de vos performances","publisher":{"@id":"https:\/\/www.kblperformances.com\/#organization"},"potentialAction":[{"@type":"SearchAction","target":{"@type":"EntryPoint","urlTemplate":"https:\/\/www.kblperformances.com\/?s={search_term_string}"},"query-input":"required name=search_term_string"}],"inLanguage":"fr-FR"},{"@type":"Organization","@id":"https:\/\/www.kblperformances.com\/#organization","name":"KBL Performances","url":"https:\/\/www.kblperformances.com\/","logo":{"@type":"ImageObject","inLanguage":"fr-FR","@id":"https:\/\/www.kblperformances.com\/#\/schema\/logo\/image\/","url":"https:\/\/www.kblperformances.com\/wp-content\/uploads\/2023\/07\/cropped-cropped-logo-KBL-Performances-1-e1694000173139.png","contentUrl":"https:\/\/www.kblperformances.com\/wp-content\/uploads\/2023\/07\/cropped-cropped-logo-KBL-Performances-1-e1694000173139.png","width":362,"height":483,"caption":"KBL Performances"},"image":{"@id":"https:\/\/www.kblperformances.com\/#\/schema\/logo\/image\/"},"sameAs":["https:\/\/www.linkedin.com\/in\/karen-berlan-lherbette\/"]}]}},"_links":{"self":[{"href":"https:\/\/www.kblperformances.com\/index.php\/wp-json\/wp\/v2\/pages\/1304","targetHints":{"allow":["GET"]}}],"collection":[{"href":"https:\/\/www.kblperformances.com\/index.php\/wp-json\/wp\/v2\/pages"}],"about":[{"href":"https:\/\/www.kblperformances.com\/index.php\/wp-json\/wp\/v2\/types\/page"}],"author":[{"embeddable":true,"href":"https:\/\/www.kblperformances.com\/index.php\/wp-json\/wp\/v2\/users\/1"}],"replies":[{"embeddable":true,"href":"https:\/\/www.kblperformances.com\/index.php\/wp-json\/wp\/v2\/comments?post=1304"}],"version-history":[{"count":16,"href":"https:\/\/www.kblperformances.com\/index.php\/wp-json\/wp\/v2\/pages\/1304\/revisions"}],"predecessor-version":[{"id":1327,"href":"https:\/\/www.kblperformances.com\/index.php\/wp-json\/wp\/v2\/pages\/1304\/revisions\/1327"}],"wp:attachment":[{"href":"https:\/\/www.kblperformances.com\/index.php\/wp-json\/wp\/v2\/media?parent=1304"}],"curies":[{"name":"wp","href":"https:\/\/api.w.org\/{rel}","templated":true}]}}