{"id":1334,"date":"2024-04-04T20:55:51","date_gmt":"2024-04-04T18:55:51","guid":{"rendered":"https:\/\/www.kblperformances.com\/?page_id=1334"},"modified":"2024-04-04T21:20:50","modified_gmt":"2024-04-04T19:20:50","slug":"lart-de-communiquer-les-cles","status":"publish","type":"page","link":"https:\/\/www.kblperformances.com\/index.php\/lart-de-communiquer-les-cles\/","title":{"rendered":"L&rsquo;Art de Communiquer : Les Cl\u00e9s"},"content":{"rendered":"\t\t<div data-elementor-type=\"wp-page\" data-elementor-id=\"1334\" class=\"elementor elementor-1334\">\n\t\t\t\t\t\t<section class=\"elementor-section elementor-top-section elementor-element elementor-element-2c8db62 elementor-section-boxed elementor-section-height-default elementor-section-height-default\" data-id=\"2c8db62\" data-element_type=\"section\" data-e-type=\"section\">\n\t\t\t\t\t\t<div class=\"elementor-container elementor-column-gap-default\">\n\t\t\t\t\t<div class=\"elementor-column elementor-col-100 elementor-top-column elementor-element elementor-element-de55a16\" data-id=\"de55a16\" data-element_type=\"column\" data-e-type=\"column\">\n\t\t\t<div class=\"elementor-widget-wrap elementor-element-populated\">\n\t\t\t\t\t\t<div class=\"elementor-element elementor-element-590147f elementor-widget elementor-widget-heading\" data-id=\"590147f\" data-element_type=\"widget\" data-e-type=\"widget\" data-widget_type=\"heading.default\">\n\t\t\t\t<div class=\"elementor-widget-container\">\n\t\t\t\t\t<h2 class=\"elementor-heading-title elementor-size-default\">Formation L'Art de Communiquer : Les Cl\u00e9s<\/h2>\t\t\t\t<\/div>\n\t\t\t\t<\/div>\n\t\t\t\t\t<\/div>\n\t\t<\/div>\n\t\t\t\t\t<\/div>\n\t\t<\/section>\n\t\t\t\t<section class=\"elementor-section elementor-top-section elementor-element elementor-element-072321c elementor-section-boxed elementor-section-height-default elementor-section-height-default\" data-id=\"072321c\" data-element_type=\"section\" data-e-type=\"section\">\n\t\t\t\t\t\t<div class=\"elementor-container elementor-column-gap-default\">\n\t\t\t\t\t<div class=\"elementor-column elementor-col-100 elementor-top-column elementor-element elementor-element-15aeb4e\" data-id=\"15aeb4e\" data-element_type=\"column\" data-e-type=\"column\">\n\t\t\t<div class=\"elementor-widget-wrap elementor-element-populated\">\n\t\t\t\t\t\t<div class=\"elementor-element elementor-element-df227fd elementor-widget elementor-widget-text-editor\" data-id=\"df227fd\" data-element_type=\"widget\" data-e-type=\"widget\" data-widget_type=\"text-editor.default\">\n\t\t\t\t<div class=\"elementor-widget-container\">\n\t\t\t\t\t\t\t\t\t<p><span style=\"color: #8400c6;\"><strong>Combien de fois, lors d&rsquo;une prise de parole professionnelle, dans vos relations avec les autres, avez-vous senti un d\u00e9calage entre vos mots et votre intention ?<\/strong><\/span><\/p><p>Cette formation vous permet de vous perfectionner dans l&rsquo;art de communiquer : adapter vos mots au profil de l&rsquo;interlocuteur, d\u00e9velopper votre assertivit\u00e9 et votre empathie, mobiliser votre \u00e9quipe, donner de l&rsquo;\u00e9nergie \u00e0 vos id\u00e9es, renforcer votre force de conviction, vous exprimer avec aisance et contourner les situations de blocage.<\/p><p>Optimiser votre communication est essentiel pour renforcer votre efficacit\u00e9 professionnelle, am\u00e9liorer vos relations et favoriser une meilleure compr\u00e9hension au sein de vos \u00e9quipes.<\/p><p>L&rsquo;art de communiquer repose sur plusieurs principes fondamentaux qui, lorsqu&rsquo;ils sont ma\u00eetris\u00e9s, peuvent transformer la mani\u00e8re dont nous interagissons avec les autres, tant dans notre vie professionnelle que personnelle :<\/p><ul><li>\u00c9coute active<\/li><li>Clart\u00e9 et concision<\/li><li>Adaptabilit\u00e9<\/li><li>Empathie<\/li><li>Langage non verbal<\/li><li>Assertivit\u00e9<\/li><li>Feedback constructif<\/li><li>Gestion des conflits<\/li><li>R\u00e9ceptivit\u00e9 et ouverture d\u2019esprit<\/li><\/ul><p>Comme pour tout art, la pratique est essentielle. Prenez le temps de r\u00e9fl\u00e9chir \u00e0 vos interactions, consid\u00e9rez ce qui a fonctionn\u00e9 ou non, et ajustez votre approche en cons\u00e9quence.<\/p><p><span style=\"color: #8400c6;\"><strong>Ma\u00eetriser l&rsquo;art de communiquer peut am\u00e9liorer significativement votre vie personnelle et professionnelle, en renfor\u00e7ant les relations, en facilitant une meilleure compr\u00e9hension, et en cr\u00e9ant un environnement plus harmonieux et productif.<\/strong><\/span><\/p>\t\t\t\t\t\t\t\t<\/div>\n\t\t\t\t<\/div>\n\t\t\t\t\t<\/div>\n\t\t<\/div>\n\t\t\t\t\t<\/div>\n\t\t<\/section>\n\t\t\t\t<section class=\"elementor-section elementor-top-section elementor-element elementor-element-3f09aac elementor-section-boxed elementor-section-height-default elementor-section-height-default\" data-id=\"3f09aac\" data-element_type=\"section\" data-e-type=\"section\">\n\t\t\t\t\t\t<div class=\"elementor-container elementor-column-gap-default\">\n\t\t\t\t\t<div class=\"elementor-column elementor-col-100 elementor-top-column elementor-element elementor-element-4704df6\" data-id=\"4704df6\" data-element_type=\"column\" data-e-type=\"column\">\n\t\t\t<div class=\"elementor-widget-wrap elementor-element-populated\">\n\t\t\t\t\t\t<div class=\"elementor-element elementor-element-c275e69 elementor-button-info elementor-align-center elementor-widget elementor-widget-button\" data-id=\"c275e69\" data-element_type=\"widget\" data-e-type=\"widget\" data-widget_type=\"button.default\">\n\t\t\t\t<div class=\"elementor-widget-container\">\n\t\t\t\t\t\t\t\t\t<div class=\"elementor-button-wrapper\">\n\t\t\t\t\t<a class=\"elementor-button elementor-button-link elementor-size-sm\" href=\"https:\/\/www.kblperformances.com\/wp-content\/uploads\/2024\/04\/Fiche-LART-DE-COMMUNIQUER.pdf\">\n\t\t\t\t\t\t<span class=\"elementor-button-content-wrapper\">\n\t\t\t\t\t\t<span class=\"elementor-button-icon\">\n\t\t\t\t<i aria-hidden=\"true\" class=\"fas fa-paperclip\"><\/i>\t\t\t<\/span>\n\t\t\t\t\t\t\t\t\t<span class=\"elementor-button-text\">Infos Compl\u00e8tes Ici<\/span>\n\t\t\t\t\t<\/span>\n\t\t\t\t\t<\/a>\n\t\t\t\t<\/div>\n\t\t\t\t\t\t\t\t<\/div>\n\t\t\t\t<\/div>\n\t\t\t\t\t<\/div>\n\t\t<\/div>\n\t\t\t\t\t<\/div>\n\t\t<\/section>\n\t\t\t\t<\/div>\n\t\t","protected":false},"excerpt":{"rendered":"<p>Formation L&rsquo;Art de Communiquer : Les Cl\u00e9s Combien de fois, lors d&rsquo;une prise de parole professionnelle, dans vos relations avec les autres, avez-vous senti un d\u00e9calage entre vos mots et votre intention ? Cette formation vous permet de vous perfectionner dans l&rsquo;art de communiquer : adapter vos mots au profil de l&rsquo;interlocuteur, d\u00e9velopper votre assertivit\u00e9 [&hellip;]<\/p>\n","protected":false},"author":1,"featured_media":0,"parent":0,"menu_order":0,"comment_status":"closed","ping_status":"closed","template":"","meta":{"hide_page_title":"","footnotes":""},"class_list":["post-1334","page","type-page","status-publish","hentry"],"yoast_head":"<!-- This site is optimized with the Yoast SEO plugin v21.2 - https:\/\/yoast.com\/wordpress\/plugins\/seo\/ -->\n<title>L&#039;Art de Communiquer : Les Cl\u00e9s - KBL Performances<\/title>\n<meta name=\"robots\" content=\"index, follow, max-snippet:-1, max-image-preview:large, max-video-preview:-1\" \/>\n<link rel=\"canonical\" href=\"https:\/\/www.kblperformances.com\/index.php\/lart-de-communiquer-les-cles\/\" \/>\n<meta property=\"og:locale\" content=\"fr_FR\" \/>\n<meta property=\"og:type\" content=\"article\" \/>\n<meta property=\"og:title\" content=\"L&#039;Art de Communiquer : Les Cl\u00e9s - KBL Performances\" \/>\n<meta property=\"og:description\" content=\"Formation L&rsquo;Art de Communiquer : Les Cl\u00e9s Combien de fois, lors d&rsquo;une prise de parole professionnelle, dans vos relations avec les autres, avez-vous senti un d\u00e9calage entre vos mots et votre intention ? Cette formation vous permet de vous perfectionner dans l&rsquo;art de communiquer : adapter vos mots au profil de l&rsquo;interlocuteur, d\u00e9velopper votre assertivit\u00e9 [&hellip;]\" \/>\n<meta property=\"og:url\" content=\"https:\/\/www.kblperformances.com\/index.php\/lart-de-communiquer-les-cles\/\" \/>\n<meta property=\"og:site_name\" content=\"KBL Performances\" \/>\n<meta property=\"article:modified_time\" content=\"2024-04-04T19:20:50+00:00\" \/>\n<meta name=\"twitter:card\" content=\"summary_large_image\" \/>\n<meta name=\"twitter:label1\" content=\"Dur\u00e9e de lecture estim\u00e9e\" \/>\n\t<meta name=\"twitter:data1\" content=\"2 minutes\" \/>\n<script type=\"application\/ld+json\" class=\"yoast-schema-graph\">{\"@context\":\"https:\/\/schema.org\",\"@graph\":[{\"@type\":\"WebPage\",\"@id\":\"https:\/\/www.kblperformances.com\/index.php\/lart-de-communiquer-les-cles\/\",\"url\":\"https:\/\/www.kblperformances.com\/index.php\/lart-de-communiquer-les-cles\/\",\"name\":\"L'Art de Communiquer : Les Cl\u00e9s - KBL Performances\",\"isPartOf\":{\"@id\":\"https:\/\/www.kblperformances.com\/#website\"},\"datePublished\":\"2024-04-04T18:55:51+00:00\",\"dateModified\":\"2024-04-04T19:20:50+00:00\",\"breadcrumb\":{\"@id\":\"https:\/\/www.kblperformances.com\/index.php\/lart-de-communiquer-les-cles\/#breadcrumb\"},\"inLanguage\":\"fr-FR\",\"potentialAction\":[{\"@type\":\"ReadAction\",\"target\":[\"https:\/\/www.kblperformances.com\/index.php\/lart-de-communiquer-les-cles\/\"]}]},{\"@type\":\"BreadcrumbList\",\"@id\":\"https:\/\/www.kblperformances.com\/index.php\/lart-de-communiquer-les-cles\/#breadcrumb\",\"itemListElement\":[{\"@type\":\"ListItem\",\"position\":1,\"name\":\"Accueil\",\"item\":\"https:\/\/www.kblperformances.com\/\"},{\"@type\":\"ListItem\",\"position\":2,\"name\":\"L&rsquo;Art de Communiquer : Les Cl\u00e9s\"}]},{\"@type\":\"WebSite\",\"@id\":\"https:\/\/www.kblperformances.com\/#website\",\"url\":\"https:\/\/www.kblperformances.com\/\",\"name\":\"KBL Performances\",\"description\":\"Les formations au service de vos performances\",\"publisher\":{\"@id\":\"https:\/\/www.kblperformances.com\/#organization\"},\"potentialAction\":[{\"@type\":\"SearchAction\",\"target\":{\"@type\":\"EntryPoint\",\"urlTemplate\":\"https:\/\/www.kblperformances.com\/?s={search_term_string}\"},\"query-input\":\"required name=search_term_string\"}],\"inLanguage\":\"fr-FR\"},{\"@type\":\"Organization\",\"@id\":\"https:\/\/www.kblperformances.com\/#organization\",\"name\":\"KBL Performances\",\"url\":\"https:\/\/www.kblperformances.com\/\",\"logo\":{\"@type\":\"ImageObject\",\"inLanguage\":\"fr-FR\",\"@id\":\"https:\/\/www.kblperformances.com\/#\/schema\/logo\/image\/\",\"url\":\"https:\/\/www.kblperformances.com\/wp-content\/uploads\/2023\/07\/cropped-cropped-logo-KBL-Performances-1-e1694000173139.png\",\"contentUrl\":\"https:\/\/www.kblperformances.com\/wp-content\/uploads\/2023\/07\/cropped-cropped-logo-KBL-Performances-1-e1694000173139.png\",\"width\":362,\"height\":483,\"caption\":\"KBL Performances\"},\"image\":{\"@id\":\"https:\/\/www.kblperformances.com\/#\/schema\/logo\/image\/\"},\"sameAs\":[\"https:\/\/www.linkedin.com\/in\/karen-berlan-lherbette\/\"]}]}<\/script>\n<!-- \/ Yoast SEO plugin. -->","yoast_head_json":{"title":"L'Art de Communiquer : Les Cl\u00e9s - KBL Performances","robots":{"index":"index","follow":"follow","max-snippet":"max-snippet:-1","max-image-preview":"max-image-preview:large","max-video-preview":"max-video-preview:-1"},"canonical":"https:\/\/www.kblperformances.com\/index.php\/lart-de-communiquer-les-cles\/","og_locale":"fr_FR","og_type":"article","og_title":"L'Art de Communiquer : Les Cl\u00e9s - KBL Performances","og_description":"Formation L&rsquo;Art de Communiquer : Les Cl\u00e9s Combien de fois, lors d&rsquo;une prise de parole professionnelle, dans vos relations avec les autres, avez-vous senti un d\u00e9calage entre vos mots et votre intention ? Cette formation vous permet de vous perfectionner dans l&rsquo;art de communiquer : adapter vos mots au profil de l&rsquo;interlocuteur, d\u00e9velopper votre assertivit\u00e9 [&hellip;]","og_url":"https:\/\/www.kblperformances.com\/index.php\/lart-de-communiquer-les-cles\/","og_site_name":"KBL Performances","article_modified_time":"2024-04-04T19:20:50+00:00","twitter_card":"summary_large_image","twitter_misc":{"Dur\u00e9e de lecture estim\u00e9e":"2 minutes"},"schema":{"@context":"https:\/\/schema.org","@graph":[{"@type":"WebPage","@id":"https:\/\/www.kblperformances.com\/index.php\/lart-de-communiquer-les-cles\/","url":"https:\/\/www.kblperformances.com\/index.php\/lart-de-communiquer-les-cles\/","name":"L'Art de Communiquer : Les Cl\u00e9s - KBL Performances","isPartOf":{"@id":"https:\/\/www.kblperformances.com\/#website"},"datePublished":"2024-04-04T18:55:51+00:00","dateModified":"2024-04-04T19:20:50+00:00","breadcrumb":{"@id":"https:\/\/www.kblperformances.com\/index.php\/lart-de-communiquer-les-cles\/#breadcrumb"},"inLanguage":"fr-FR","potentialAction":[{"@type":"ReadAction","target":["https:\/\/www.kblperformances.com\/index.php\/lart-de-communiquer-les-cles\/"]}]},{"@type":"BreadcrumbList","@id":"https:\/\/www.kblperformances.com\/index.php\/lart-de-communiquer-les-cles\/#breadcrumb","itemListElement":[{"@type":"ListItem","position":1,"name":"Accueil","item":"https:\/\/www.kblperformances.com\/"},{"@type":"ListItem","position":2,"name":"L&rsquo;Art de Communiquer : Les Cl\u00e9s"}]},{"@type":"WebSite","@id":"https:\/\/www.kblperformances.com\/#website","url":"https:\/\/www.kblperformances.com\/","name":"KBL Performances","description":"Les formations au service de vos performances","publisher":{"@id":"https:\/\/www.kblperformances.com\/#organization"},"potentialAction":[{"@type":"SearchAction","target":{"@type":"EntryPoint","urlTemplate":"https:\/\/www.kblperformances.com\/?s={search_term_string}"},"query-input":"required name=search_term_string"}],"inLanguage":"fr-FR"},{"@type":"Organization","@id":"https:\/\/www.kblperformances.com\/#organization","name":"KBL Performances","url":"https:\/\/www.kblperformances.com\/","logo":{"@type":"ImageObject","inLanguage":"fr-FR","@id":"https:\/\/www.kblperformances.com\/#\/schema\/logo\/image\/","url":"https:\/\/www.kblperformances.com\/wp-content\/uploads\/2023\/07\/cropped-cropped-logo-KBL-Performances-1-e1694000173139.png","contentUrl":"https:\/\/www.kblperformances.com\/wp-content\/uploads\/2023\/07\/cropped-cropped-logo-KBL-Performances-1-e1694000173139.png","width":362,"height":483,"caption":"KBL Performances"},"image":{"@id":"https:\/\/www.kblperformances.com\/#\/schema\/logo\/image\/"},"sameAs":["https:\/\/www.linkedin.com\/in\/karen-berlan-lherbette\/"]}]}},"_links":{"self":[{"href":"https:\/\/www.kblperformances.com\/index.php\/wp-json\/wp\/v2\/pages\/1334","targetHints":{"allow":["GET"]}}],"collection":[{"href":"https:\/\/www.kblperformances.com\/index.php\/wp-json\/wp\/v2\/pages"}],"about":[{"href":"https:\/\/www.kblperformances.com\/index.php\/wp-json\/wp\/v2\/types\/page"}],"author":[{"embeddable":true,"href":"https:\/\/www.kblperformances.com\/index.php\/wp-json\/wp\/v2\/users\/1"}],"replies":[{"embeddable":true,"href":"https:\/\/www.kblperformances.com\/index.php\/wp-json\/wp\/v2\/comments?post=1334"}],"version-history":[{"count":11,"href":"https:\/\/www.kblperformances.com\/index.php\/wp-json\/wp\/v2\/pages\/1334\/revisions"}],"predecessor-version":[{"id":1353,"href":"https:\/\/www.kblperformances.com\/index.php\/wp-json\/wp\/v2\/pages\/1334\/revisions\/1353"}],"wp:attachment":[{"href":"https:\/\/www.kblperformances.com\/index.php\/wp-json\/wp\/v2\/media?parent=1334"}],"curies":[{"name":"wp","href":"https:\/\/api.w.org\/{rel}","templated":true}]}}