{"id":1406,"date":"2024-04-05T16:47:51","date_gmt":"2024-04-05T14:47:51","guid":{"rendered":"https:\/\/www.kblperformances.com\/?page_id=1406"},"modified":"2024-05-13T17:15:07","modified_gmt":"2024-05-13T15:15:07","slug":"estime-de-soi-efficacite-professionnelle","status":"publish","type":"page","link":"https:\/\/www.kblperformances.com\/index.php\/estime-de-soi-efficacite-professionnelle\/","title":{"rendered":"Estime de Soi &amp; Efficacit\u00e9 Professionnelle"},"content":{"rendered":"\t\t<div data-elementor-type=\"wp-page\" data-elementor-id=\"1406\" class=\"elementor elementor-1406\">\n\t\t\t\t\t\t<section class=\"elementor-section elementor-top-section elementor-element elementor-element-3189795 elementor-section-boxed elementor-section-height-default elementor-section-height-default\" data-id=\"3189795\" data-element_type=\"section\" data-e-type=\"section\">\n\t\t\t\t\t\t<div class=\"elementor-container elementor-column-gap-default\">\n\t\t\t\t\t<div class=\"elementor-column elementor-col-100 elementor-top-column elementor-element elementor-element-c5abbbe\" data-id=\"c5abbbe\" data-element_type=\"column\" data-e-type=\"column\">\n\t\t\t<div class=\"elementor-widget-wrap elementor-element-populated\">\n\t\t\t\t\t\t<div class=\"elementor-element elementor-element-cf92119 elementor-widget elementor-widget-heading\" data-id=\"cf92119\" data-element_type=\"widget\" data-e-type=\"widget\" data-widget_type=\"heading.default\">\n\t\t\t\t<div class=\"elementor-widget-container\">\n\t\t\t\t\t<h2 class=\"elementor-heading-title elementor-size-default\">Formation Estime de Soi &amp; Efficacit\u00e9 Professionnelle<\/h2>\t\t\t\t<\/div>\n\t\t\t\t<\/div>\n\t\t\t\t\t<\/div>\n\t\t<\/div>\n\t\t\t\t\t<\/div>\n\t\t<\/section>\n\t\t\t\t<section class=\"elementor-section elementor-top-section elementor-element elementor-element-b2294bf elementor-section-boxed elementor-section-height-default elementor-section-height-default\" data-id=\"b2294bf\" data-element_type=\"section\" data-e-type=\"section\">\n\t\t\t\t\t\t<div class=\"elementor-container elementor-column-gap-default\">\n\t\t\t\t\t<div class=\"elementor-column elementor-col-100 elementor-top-column elementor-element elementor-element-781ce7d\" data-id=\"781ce7d\" data-element_type=\"column\" data-e-type=\"column\">\n\t\t\t<div class=\"elementor-widget-wrap elementor-element-populated\">\n\t\t\t\t\t\t<div class=\"elementor-element elementor-element-6877b97 elementor-widget elementor-widget-text-editor\" data-id=\"6877b97\" data-element_type=\"widget\" data-e-type=\"widget\" data-widget_type=\"text-editor.default\">\n\t\t\t\t<div class=\"elementor-widget-container\">\n\t\t\t\t\t\t\t\t\t<p><strong><span style=\"color: #8400c6;\">L&rsquo;estime de soi et l&rsquo;efficacit\u00e9 professionnelle sont \u00e9troitement li\u00e9es.<\/span><\/strong><\/p><p>Une bonne estime de soi peut am\u00e9liorer votre performance au travail, tandis que le succ\u00e8s professionnel peut, \u00e0 son tour, renforcer votre estime de soi.<\/p><p><strong><span style=\"color: #8400c6;\">Ces deux aspects s&rsquo;influencent mutuellement.<\/span><\/strong><\/p><p>Red\u00e9finir votre attitude, vos d\u00e9cisions et vos actions \u00e0 partir d&rsquo;un sentiment positif de vous-m\u00eame est un processus puissant qui peut transformer votre vie personnelle et professionnelle.<\/p><p>Cette formation vous aide \u00e0 red\u00e9finir votre attitude, vos d\u00e9cisions et vos actions \u00e0 partir d&rsquo;un sentiment positif de vous-m\u00eame. Elle vous donne les moyens pratiques d&rsquo;am\u00e9liorer en profondeur votre estime de vous, notamment lors de situations relationnelles d\u00e9licates, d&rsquo;augmenter votre efficacit\u00e9 professionnelle et votre bien \u00eatre quotidien.<\/p>\t\t\t\t\t\t\t\t<\/div>\n\t\t\t\t<\/div>\n\t\t\t\t\t<\/div>\n\t\t<\/div>\n\t\t\t\t\t<\/div>\n\t\t<\/section>\n\t\t\t\t<section class=\"elementor-section elementor-top-section elementor-element elementor-element-bd8b617 elementor-section-boxed elementor-section-height-default elementor-section-height-default\" data-id=\"bd8b617\" data-element_type=\"section\" data-e-type=\"section\">\n\t\t\t\t\t\t<div class=\"elementor-container elementor-column-gap-default\">\n\t\t\t\t\t<div class=\"elementor-column elementor-col-100 elementor-top-column elementor-element elementor-element-0250fda\" data-id=\"0250fda\" data-element_type=\"column\" data-e-type=\"column\">\n\t\t\t<div class=\"elementor-widget-wrap elementor-element-populated\">\n\t\t\t\t\t\t<div class=\"elementor-element elementor-element-6ee6d32 elementor-button-info elementor-align-center elementor-widget elementor-widget-button\" data-id=\"6ee6d32\" data-element_type=\"widget\" data-e-type=\"widget\" data-widget_type=\"button.default\">\n\t\t\t\t<div class=\"elementor-widget-container\">\n\t\t\t\t\t\t\t\t\t<div class=\"elementor-button-wrapper\">\n\t\t\t\t\t<a class=\"elementor-button elementor-button-link elementor-size-sm\" href=\"https:\/\/www.kblperformances.com\/wp-content\/uploads\/2024\/04\/Fiche-ESTIME-DE-SOI-EFFICACITE-PROFESSIONNELLE.pdf\">\n\t\t\t\t\t\t<span class=\"elementor-button-content-wrapper\">\n\t\t\t\t\t\t<span class=\"elementor-button-icon\">\n\t\t\t\t<i aria-hidden=\"true\" class=\"fas fa-paperclip\"><\/i>\t\t\t<\/span>\n\t\t\t\t\t\t\t\t\t<span class=\"elementor-button-text\">Infos compl\u00e8tes ici<\/span>\n\t\t\t\t\t<\/span>\n\t\t\t\t\t<\/a>\n\t\t\t\t<\/div>\n\t\t\t\t\t\t\t\t<\/div>\n\t\t\t\t<\/div>\n\t\t\t\t\t<\/div>\n\t\t<\/div>\n\t\t\t\t\t<\/div>\n\t\t<\/section>\n\t\t\t\t<\/div>\n\t\t","protected":false},"excerpt":{"rendered":"<p>Formation Estime de Soi &#038; Efficacit\u00e9 Professionnelle L&rsquo;estime de soi et l&rsquo;efficacit\u00e9 professionnelle sont \u00e9troitement li\u00e9es. Une bonne estime de soi peut am\u00e9liorer votre performance au travail, tandis que le succ\u00e8s professionnel peut, \u00e0 son tour, renforcer votre estime de soi. Ces deux aspects s&rsquo;influencent mutuellement. Red\u00e9finir votre attitude, vos d\u00e9cisions et vos actions \u00e0 [&hellip;]<\/p>\n","protected":false},"author":1,"featured_media":0,"parent":0,"menu_order":0,"comment_status":"closed","ping_status":"closed","template":"","meta":{"hide_page_title":"","footnotes":""},"class_list":["post-1406","page","type-page","status-publish","hentry"],"yoast_head":"<!-- This site is optimized with the Yoast SEO plugin v21.2 - https:\/\/yoast.com\/wordpress\/plugins\/seo\/ -->\n<title>Estime de Soi &amp; Efficacit\u00e9 Professionnelle - KBL Performances<\/title>\n<meta name=\"robots\" content=\"index, follow, max-snippet:-1, max-image-preview:large, max-video-preview:-1\" \/>\n<link rel=\"canonical\" href=\"https:\/\/www.kblperformances.com\/index.php\/estime-de-soi-efficacite-professionnelle\/\" \/>\n<meta property=\"og:locale\" content=\"fr_FR\" \/>\n<meta property=\"og:type\" content=\"article\" \/>\n<meta property=\"og:title\" content=\"Estime de Soi &amp; Efficacit\u00e9 Professionnelle - KBL Performances\" \/>\n<meta property=\"og:description\" content=\"Formation Estime de Soi &#038; Efficacit\u00e9 Professionnelle L&rsquo;estime de soi et l&rsquo;efficacit\u00e9 professionnelle sont \u00e9troitement li\u00e9es. Une bonne estime de soi peut am\u00e9liorer votre performance au travail, tandis que le succ\u00e8s professionnel peut, \u00e0 son tour, renforcer votre estime de soi. Ces deux aspects s&rsquo;influencent mutuellement. Red\u00e9finir votre attitude, vos d\u00e9cisions et vos actions \u00e0 [&hellip;]\" \/>\n<meta property=\"og:url\" content=\"https:\/\/www.kblperformances.com\/index.php\/estime-de-soi-efficacite-professionnelle\/\" \/>\n<meta property=\"og:site_name\" content=\"KBL Performances\" \/>\n<meta property=\"article:modified_time\" content=\"2024-05-13T15:15:07+00:00\" \/>\n<meta name=\"twitter:card\" content=\"summary_large_image\" \/>\n<meta name=\"twitter:label1\" content=\"Dur\u00e9e de lecture estim\u00e9e\" \/>\n\t<meta name=\"twitter:data1\" content=\"1 minute\" \/>\n<script type=\"application\/ld+json\" class=\"yoast-schema-graph\">{\"@context\":\"https:\/\/schema.org\",\"@graph\":[{\"@type\":\"WebPage\",\"@id\":\"https:\/\/www.kblperformances.com\/index.php\/estime-de-soi-efficacite-professionnelle\/\",\"url\":\"https:\/\/www.kblperformances.com\/index.php\/estime-de-soi-efficacite-professionnelle\/\",\"name\":\"Estime de Soi &amp; Efficacit\u00e9 Professionnelle - KBL Performances\",\"isPartOf\":{\"@id\":\"https:\/\/www.kblperformances.com\/#website\"},\"datePublished\":\"2024-04-05T14:47:51+00:00\",\"dateModified\":\"2024-05-13T15:15:07+00:00\",\"breadcrumb\":{\"@id\":\"https:\/\/www.kblperformances.com\/index.php\/estime-de-soi-efficacite-professionnelle\/#breadcrumb\"},\"inLanguage\":\"fr-FR\",\"potentialAction\":[{\"@type\":\"ReadAction\",\"target\":[\"https:\/\/www.kblperformances.com\/index.php\/estime-de-soi-efficacite-professionnelle\/\"]}]},{\"@type\":\"BreadcrumbList\",\"@id\":\"https:\/\/www.kblperformances.com\/index.php\/estime-de-soi-efficacite-professionnelle\/#breadcrumb\",\"itemListElement\":[{\"@type\":\"ListItem\",\"position\":1,\"name\":\"Accueil\",\"item\":\"https:\/\/www.kblperformances.com\/\"},{\"@type\":\"ListItem\",\"position\":2,\"name\":\"Estime de Soi &amp; Efficacit\u00e9 Professionnelle\"}]},{\"@type\":\"WebSite\",\"@id\":\"https:\/\/www.kblperformances.com\/#website\",\"url\":\"https:\/\/www.kblperformances.com\/\",\"name\":\"KBL Performances\",\"description\":\"Les formations au service de vos performances\",\"publisher\":{\"@id\":\"https:\/\/www.kblperformances.com\/#organization\"},\"potentialAction\":[{\"@type\":\"SearchAction\",\"target\":{\"@type\":\"EntryPoint\",\"urlTemplate\":\"https:\/\/www.kblperformances.com\/?s={search_term_string}\"},\"query-input\":\"required name=search_term_string\"}],\"inLanguage\":\"fr-FR\"},{\"@type\":\"Organization\",\"@id\":\"https:\/\/www.kblperformances.com\/#organization\",\"name\":\"KBL Performances\",\"url\":\"https:\/\/www.kblperformances.com\/\",\"logo\":{\"@type\":\"ImageObject\",\"inLanguage\":\"fr-FR\",\"@id\":\"https:\/\/www.kblperformances.com\/#\/schema\/logo\/image\/\",\"url\":\"https:\/\/www.kblperformances.com\/wp-content\/uploads\/2023\/07\/cropped-cropped-logo-KBL-Performances-1-e1694000173139.png\",\"contentUrl\":\"https:\/\/www.kblperformances.com\/wp-content\/uploads\/2023\/07\/cropped-cropped-logo-KBL-Performances-1-e1694000173139.png\",\"width\":362,\"height\":483,\"caption\":\"KBL Performances\"},\"image\":{\"@id\":\"https:\/\/www.kblperformances.com\/#\/schema\/logo\/image\/\"},\"sameAs\":[\"https:\/\/www.linkedin.com\/in\/karen-berlan-lherbette\/\"]}]}<\/script>\n<!-- \/ Yoast SEO plugin. -->","yoast_head_json":{"title":"Estime de Soi &amp; Efficacit\u00e9 Professionnelle - KBL Performances","robots":{"index":"index","follow":"follow","max-snippet":"max-snippet:-1","max-image-preview":"max-image-preview:large","max-video-preview":"max-video-preview:-1"},"canonical":"https:\/\/www.kblperformances.com\/index.php\/estime-de-soi-efficacite-professionnelle\/","og_locale":"fr_FR","og_type":"article","og_title":"Estime de Soi &amp; Efficacit\u00e9 Professionnelle - KBL Performances","og_description":"Formation Estime de Soi &#038; Efficacit\u00e9 Professionnelle L&rsquo;estime de soi et l&rsquo;efficacit\u00e9 professionnelle sont \u00e9troitement li\u00e9es. Une bonne estime de soi peut am\u00e9liorer votre performance au travail, tandis que le succ\u00e8s professionnel peut, \u00e0 son tour, renforcer votre estime de soi. Ces deux aspects s&rsquo;influencent mutuellement. Red\u00e9finir votre attitude, vos d\u00e9cisions et vos actions \u00e0 [&hellip;]","og_url":"https:\/\/www.kblperformances.com\/index.php\/estime-de-soi-efficacite-professionnelle\/","og_site_name":"KBL Performances","article_modified_time":"2024-05-13T15:15:07+00:00","twitter_card":"summary_large_image","twitter_misc":{"Dur\u00e9e de lecture estim\u00e9e":"1 minute"},"schema":{"@context":"https:\/\/schema.org","@graph":[{"@type":"WebPage","@id":"https:\/\/www.kblperformances.com\/index.php\/estime-de-soi-efficacite-professionnelle\/","url":"https:\/\/www.kblperformances.com\/index.php\/estime-de-soi-efficacite-professionnelle\/","name":"Estime de Soi &amp; Efficacit\u00e9 Professionnelle - KBL Performances","isPartOf":{"@id":"https:\/\/www.kblperformances.com\/#website"},"datePublished":"2024-04-05T14:47:51+00:00","dateModified":"2024-05-13T15:15:07+00:00","breadcrumb":{"@id":"https:\/\/www.kblperformances.com\/index.php\/estime-de-soi-efficacite-professionnelle\/#breadcrumb"},"inLanguage":"fr-FR","potentialAction":[{"@type":"ReadAction","target":["https:\/\/www.kblperformances.com\/index.php\/estime-de-soi-efficacite-professionnelle\/"]}]},{"@type":"BreadcrumbList","@id":"https:\/\/www.kblperformances.com\/index.php\/estime-de-soi-efficacite-professionnelle\/#breadcrumb","itemListElement":[{"@type":"ListItem","position":1,"name":"Accueil","item":"https:\/\/www.kblperformances.com\/"},{"@type":"ListItem","position":2,"name":"Estime de Soi &amp; Efficacit\u00e9 Professionnelle"}]},{"@type":"WebSite","@id":"https:\/\/www.kblperformances.com\/#website","url":"https:\/\/www.kblperformances.com\/","name":"KBL Performances","description":"Les formations au service de vos performances","publisher":{"@id":"https:\/\/www.kblperformances.com\/#organization"},"potentialAction":[{"@type":"SearchAction","target":{"@type":"EntryPoint","urlTemplate":"https:\/\/www.kblperformances.com\/?s={search_term_string}"},"query-input":"required name=search_term_string"}],"inLanguage":"fr-FR"},{"@type":"Organization","@id":"https:\/\/www.kblperformances.com\/#organization","name":"KBL Performances","url":"https:\/\/www.kblperformances.com\/","logo":{"@type":"ImageObject","inLanguage":"fr-FR","@id":"https:\/\/www.kblperformances.com\/#\/schema\/logo\/image\/","url":"https:\/\/www.kblperformances.com\/wp-content\/uploads\/2023\/07\/cropped-cropped-logo-KBL-Performances-1-e1694000173139.png","contentUrl":"https:\/\/www.kblperformances.com\/wp-content\/uploads\/2023\/07\/cropped-cropped-logo-KBL-Performances-1-e1694000173139.png","width":362,"height":483,"caption":"KBL Performances"},"image":{"@id":"https:\/\/www.kblperformances.com\/#\/schema\/logo\/image\/"},"sameAs":["https:\/\/www.linkedin.com\/in\/karen-berlan-lherbette\/"]}]}},"_links":{"self":[{"href":"https:\/\/www.kblperformances.com\/index.php\/wp-json\/wp\/v2\/pages\/1406","targetHints":{"allow":["GET"]}}],"collection":[{"href":"https:\/\/www.kblperformances.com\/index.php\/wp-json\/wp\/v2\/pages"}],"about":[{"href":"https:\/\/www.kblperformances.com\/index.php\/wp-json\/wp\/v2\/types\/page"}],"author":[{"embeddable":true,"href":"https:\/\/www.kblperformances.com\/index.php\/wp-json\/wp\/v2\/users\/1"}],"replies":[{"embeddable":true,"href":"https:\/\/www.kblperformances.com\/index.php\/wp-json\/wp\/v2\/comments?post=1406"}],"version-history":[{"count":10,"href":"https:\/\/www.kblperformances.com\/index.php\/wp-json\/wp\/v2\/pages\/1406\/revisions"}],"predecessor-version":[{"id":1481,"href":"https:\/\/www.kblperformances.com\/index.php\/wp-json\/wp\/v2\/pages\/1406\/revisions\/1481"}],"wp:attachment":[{"href":"https:\/\/www.kblperformances.com\/index.php\/wp-json\/wp\/v2\/media?parent=1406"}],"curies":[{"name":"wp","href":"https:\/\/api.w.org\/{rel}","templated":true}]}}