{"id":1454,"date":"2024-05-13T16:59:05","date_gmt":"2024-05-13T14:59:05","guid":{"rendered":"https:\/\/www.kblperformances.com\/?page_id=1454"},"modified":"2024-05-13T17:14:00","modified_gmt":"2024-05-13T15:14:00","slug":"maitriser-ses-emotions-pour-etre-plus-efficace","status":"publish","type":"page","link":"https:\/\/www.kblperformances.com\/index.php\/maitriser-ses-emotions-pour-etre-plus-efficace\/","title":{"rendered":"Ma\u00eetriser ses \u00e9motions pour \u00eatre plus efficace"},"content":{"rendered":"\t\t<div data-elementor-type=\"wp-page\" data-elementor-id=\"1454\" class=\"elementor elementor-1454\">\n\t\t\t\t\t\t<section class=\"elementor-section elementor-top-section elementor-element elementor-element-bae5d64 elementor-section-boxed elementor-section-height-default elementor-section-height-default\" data-id=\"bae5d64\" data-element_type=\"section\" data-e-type=\"section\">\n\t\t\t\t\t\t<div class=\"elementor-container elementor-column-gap-default\">\n\t\t\t\t\t<div class=\"elementor-column elementor-col-100 elementor-top-column elementor-element elementor-element-d1f7d6e\" data-id=\"d1f7d6e\" data-element_type=\"column\" data-e-type=\"column\">\n\t\t\t<div class=\"elementor-widget-wrap elementor-element-populated\">\n\t\t\t\t\t\t<div class=\"elementor-element elementor-element-684c6fd elementor-widget elementor-widget-heading\" data-id=\"684c6fd\" data-element_type=\"widget\" data-e-type=\"widget\" data-widget_type=\"heading.default\">\n\t\t\t\t<div class=\"elementor-widget-container\">\n\t\t\t\t\t<h2 class=\"elementor-heading-title elementor-size-default\">Ma\u00eetriser Ses Emotions Pour Etre Plus Efficace<\/h2>\t\t\t\t<\/div>\n\t\t\t\t<\/div>\n\t\t\t\t\t<\/div>\n\t\t<\/div>\n\t\t\t\t\t<\/div>\n\t\t<\/section>\n\t\t\t\t<section class=\"elementor-section elementor-top-section elementor-element elementor-element-b43b0b0 elementor-section-boxed elementor-section-height-default elementor-section-height-default\" data-id=\"b43b0b0\" data-element_type=\"section\" data-e-type=\"section\">\n\t\t\t\t\t\t<div class=\"elementor-container elementor-column-gap-default\">\n\t\t\t\t\t<div class=\"elementor-column elementor-col-100 elementor-top-column elementor-element elementor-element-e0dd21f\" data-id=\"e0dd21f\" data-element_type=\"column\" data-e-type=\"column\">\n\t\t\t<div class=\"elementor-widget-wrap elementor-element-populated\">\n\t\t\t\t\t\t<div class=\"elementor-element elementor-element-a28da29 elementor-widget elementor-widget-text-editor\" data-id=\"a28da29\" data-element_type=\"widget\" data-e-type=\"widget\" data-widget_type=\"text-editor.default\">\n\t\t\t\t<div class=\"elementor-widget-container\">\n\t\t\t\t\t\t\t\t\t<p>Les \u00e9motions ne s&rsquo;arr\u00eatent pas \u00e0 la porte de l&rsquo;entreprise ni de la maison.<\/p><p>\u00a0Elles y entrent et travaillent avec nous.\u00a0<\/p><p><strong>Au lieu de les repousser, mieux vaut les apprivoiser\u00a0!<\/strong><\/p><p>Cette formation aide \u00e0 d\u00e9velopper cette intelligence \u00e9motionnelle.\u00a0<\/p><p>L&rsquo;\u00e9motion est une forme d&rsquo;intelligence, une comp\u00e9tence qui repose sur la conscience de soi et de ses propres ressentis et sentiments.<\/p><p>Cette capacit\u00e9 se prolonge dans l&rsquo;\u00e9coute des autres et cr\u00e9e une plus grande efficacit\u00e9 dans les rapports interpersonnels.<\/p>\t\t\t\t\t\t\t\t<\/div>\n\t\t\t\t<\/div>\n\t\t\t\t\t<\/div>\n\t\t<\/div>\n\t\t\t\t\t<\/div>\n\t\t<\/section>\n\t\t\t\t<section class=\"elementor-section elementor-top-section elementor-element elementor-element-1fa741d elementor-section-boxed elementor-section-height-default elementor-section-height-default\" data-id=\"1fa741d\" data-element_type=\"section\" data-e-type=\"section\">\n\t\t\t\t\t\t<div class=\"elementor-container elementor-column-gap-default\">\n\t\t\t\t\t<div class=\"elementor-column elementor-col-100 elementor-top-column elementor-element elementor-element-e80748c\" data-id=\"e80748c\" data-element_type=\"column\" data-e-type=\"column\">\n\t\t\t<div class=\"elementor-widget-wrap elementor-element-populated\">\n\t\t\t\t\t\t<div class=\"elementor-element elementor-element-663d836 elementor-button-info elementor-align-center elementor-widget elementor-widget-button\" data-id=\"663d836\" data-element_type=\"widget\" data-e-type=\"widget\" data-widget_type=\"button.default\">\n\t\t\t\t<div class=\"elementor-widget-container\">\n\t\t\t\t\t\t\t\t\t<div class=\"elementor-button-wrapper\">\n\t\t\t\t\t<a class=\"elementor-button elementor-button-link elementor-size-sm\" href=\"https:\/\/www.kblperformances.com\/wp-content\/uploads\/2024\/05\/Fiche-MAITRISER-SES-EMOTIONS-POUR-ETRE-PLUS-EFFICACE.pdf\">\n\t\t\t\t\t\t<span class=\"elementor-button-content-wrapper\">\n\t\t\t\t\t\t<span class=\"elementor-button-icon\">\n\t\t\t\t<i aria-hidden=\"true\" class=\"fas fa-paperclip\"><\/i>\t\t\t<\/span>\n\t\t\t\t\t\t\t\t\t<span class=\"elementor-button-text\">Infos compl\u00e8tes ici<\/span>\n\t\t\t\t\t<\/span>\n\t\t\t\t\t<\/a>\n\t\t\t\t<\/div>\n\t\t\t\t\t\t\t\t<\/div>\n\t\t\t\t<\/div>\n\t\t\t\t\t<\/div>\n\t\t<\/div>\n\t\t\t\t\t<\/div>\n\t\t<\/section>\n\t\t\t\t<\/div>\n\t\t","protected":false},"excerpt":{"rendered":"<p>Ma\u00eetriser Ses Emotions Pour Etre Plus Efficace Les \u00e9motions ne s&rsquo;arr\u00eatent pas \u00e0 la porte de l&rsquo;entreprise ni de la maison. \u00a0Elles y entrent et travaillent avec nous.\u00a0 Au lieu de les repousser, mieux vaut les apprivoiser\u00a0! Cette formation aide \u00e0 d\u00e9velopper cette intelligence \u00e9motionnelle.\u00a0 L&rsquo;\u00e9motion est une forme d&rsquo;intelligence, une comp\u00e9tence qui repose sur [&hellip;]<\/p>\n","protected":false},"author":1,"featured_media":0,"parent":0,"menu_order":0,"comment_status":"closed","ping_status":"closed","template":"","meta":{"hide_page_title":"","footnotes":""},"class_list":["post-1454","page","type-page","status-publish","hentry"],"yoast_head":"<!-- This site is optimized with the Yoast SEO plugin v21.2 - https:\/\/yoast.com\/wordpress\/plugins\/seo\/ -->\n<title>Ma\u00eetriser ses \u00e9motions pour \u00eatre plus efficace - KBL Performances<\/title>\n<meta name=\"robots\" content=\"index, follow, max-snippet:-1, max-image-preview:large, max-video-preview:-1\" \/>\n<link rel=\"canonical\" href=\"https:\/\/www.kblperformances.com\/index.php\/maitriser-ses-emotions-pour-etre-plus-efficace\/\" \/>\n<meta property=\"og:locale\" content=\"fr_FR\" \/>\n<meta property=\"og:type\" content=\"article\" \/>\n<meta property=\"og:title\" content=\"Ma\u00eetriser ses \u00e9motions pour \u00eatre plus efficace - KBL Performances\" \/>\n<meta property=\"og:description\" content=\"Ma\u00eetriser Ses Emotions Pour Etre Plus Efficace Les \u00e9motions ne s&rsquo;arr\u00eatent pas \u00e0 la porte de l&rsquo;entreprise ni de la maison. \u00a0Elles y entrent et travaillent avec nous.\u00a0 Au lieu de les repousser, mieux vaut les apprivoiser\u00a0! Cette formation aide \u00e0 d\u00e9velopper cette intelligence \u00e9motionnelle.\u00a0 L&rsquo;\u00e9motion est une forme d&rsquo;intelligence, une comp\u00e9tence qui repose sur [&hellip;]\" \/>\n<meta property=\"og:url\" content=\"https:\/\/www.kblperformances.com\/index.php\/maitriser-ses-emotions-pour-etre-plus-efficace\/\" \/>\n<meta property=\"og:site_name\" content=\"KBL Performances\" \/>\n<meta property=\"article:modified_time\" content=\"2024-05-13T15:14:00+00:00\" \/>\n<meta name=\"twitter:card\" content=\"summary_large_image\" \/>\n<script type=\"application\/ld+json\" class=\"yoast-schema-graph\">{\"@context\":\"https:\/\/schema.org\",\"@graph\":[{\"@type\":\"WebPage\",\"@id\":\"https:\/\/www.kblperformances.com\/index.php\/maitriser-ses-emotions-pour-etre-plus-efficace\/\",\"url\":\"https:\/\/www.kblperformances.com\/index.php\/maitriser-ses-emotions-pour-etre-plus-efficace\/\",\"name\":\"Ma\u00eetriser ses \u00e9motions pour \u00eatre plus efficace - KBL Performances\",\"isPartOf\":{\"@id\":\"https:\/\/www.kblperformances.com\/#website\"},\"datePublished\":\"2024-05-13T14:59:05+00:00\",\"dateModified\":\"2024-05-13T15:14:00+00:00\",\"breadcrumb\":{\"@id\":\"https:\/\/www.kblperformances.com\/index.php\/maitriser-ses-emotions-pour-etre-plus-efficace\/#breadcrumb\"},\"inLanguage\":\"fr-FR\",\"potentialAction\":[{\"@type\":\"ReadAction\",\"target\":[\"https:\/\/www.kblperformances.com\/index.php\/maitriser-ses-emotions-pour-etre-plus-efficace\/\"]}]},{\"@type\":\"BreadcrumbList\",\"@id\":\"https:\/\/www.kblperformances.com\/index.php\/maitriser-ses-emotions-pour-etre-plus-efficace\/#breadcrumb\",\"itemListElement\":[{\"@type\":\"ListItem\",\"position\":1,\"name\":\"Accueil\",\"item\":\"https:\/\/www.kblperformances.com\/\"},{\"@type\":\"ListItem\",\"position\":2,\"name\":\"Ma\u00eetriser ses \u00e9motions pour \u00eatre plus efficace\"}]},{\"@type\":\"WebSite\",\"@id\":\"https:\/\/www.kblperformances.com\/#website\",\"url\":\"https:\/\/www.kblperformances.com\/\",\"name\":\"KBL Performances\",\"description\":\"Les formations au service de vos performances\",\"publisher\":{\"@id\":\"https:\/\/www.kblperformances.com\/#organization\"},\"potentialAction\":[{\"@type\":\"SearchAction\",\"target\":{\"@type\":\"EntryPoint\",\"urlTemplate\":\"https:\/\/www.kblperformances.com\/?s={search_term_string}\"},\"query-input\":\"required name=search_term_string\"}],\"inLanguage\":\"fr-FR\"},{\"@type\":\"Organization\",\"@id\":\"https:\/\/www.kblperformances.com\/#organization\",\"name\":\"KBL Performances\",\"url\":\"https:\/\/www.kblperformances.com\/\",\"logo\":{\"@type\":\"ImageObject\",\"inLanguage\":\"fr-FR\",\"@id\":\"https:\/\/www.kblperformances.com\/#\/schema\/logo\/image\/\",\"url\":\"https:\/\/www.kblperformances.com\/wp-content\/uploads\/2023\/07\/cropped-cropped-logo-KBL-Performances-1-e1694000173139.png\",\"contentUrl\":\"https:\/\/www.kblperformances.com\/wp-content\/uploads\/2023\/07\/cropped-cropped-logo-KBL-Performances-1-e1694000173139.png\",\"width\":362,\"height\":483,\"caption\":\"KBL Performances\"},\"image\":{\"@id\":\"https:\/\/www.kblperformances.com\/#\/schema\/logo\/image\/\"},\"sameAs\":[\"https:\/\/www.linkedin.com\/in\/karen-berlan-lherbette\/\"]}]}<\/script>\n<!-- \/ Yoast SEO plugin. -->","yoast_head_json":{"title":"Ma\u00eetriser ses \u00e9motions pour \u00eatre plus efficace - KBL Performances","robots":{"index":"index","follow":"follow","max-snippet":"max-snippet:-1","max-image-preview":"max-image-preview:large","max-video-preview":"max-video-preview:-1"},"canonical":"https:\/\/www.kblperformances.com\/index.php\/maitriser-ses-emotions-pour-etre-plus-efficace\/","og_locale":"fr_FR","og_type":"article","og_title":"Ma\u00eetriser ses \u00e9motions pour \u00eatre plus efficace - KBL Performances","og_description":"Ma\u00eetriser Ses Emotions Pour Etre Plus Efficace Les \u00e9motions ne s&rsquo;arr\u00eatent pas \u00e0 la porte de l&rsquo;entreprise ni de la maison. \u00a0Elles y entrent et travaillent avec nous.\u00a0 Au lieu de les repousser, mieux vaut les apprivoiser\u00a0! Cette formation aide \u00e0 d\u00e9velopper cette intelligence \u00e9motionnelle.\u00a0 L&rsquo;\u00e9motion est une forme d&rsquo;intelligence, une comp\u00e9tence qui repose sur [&hellip;]","og_url":"https:\/\/www.kblperformances.com\/index.php\/maitriser-ses-emotions-pour-etre-plus-efficace\/","og_site_name":"KBL Performances","article_modified_time":"2024-05-13T15:14:00+00:00","twitter_card":"summary_large_image","schema":{"@context":"https:\/\/schema.org","@graph":[{"@type":"WebPage","@id":"https:\/\/www.kblperformances.com\/index.php\/maitriser-ses-emotions-pour-etre-plus-efficace\/","url":"https:\/\/www.kblperformances.com\/index.php\/maitriser-ses-emotions-pour-etre-plus-efficace\/","name":"Ma\u00eetriser ses \u00e9motions pour \u00eatre plus efficace - KBL Performances","isPartOf":{"@id":"https:\/\/www.kblperformances.com\/#website"},"datePublished":"2024-05-13T14:59:05+00:00","dateModified":"2024-05-13T15:14:00+00:00","breadcrumb":{"@id":"https:\/\/www.kblperformances.com\/index.php\/maitriser-ses-emotions-pour-etre-plus-efficace\/#breadcrumb"},"inLanguage":"fr-FR","potentialAction":[{"@type":"ReadAction","target":["https:\/\/www.kblperformances.com\/index.php\/maitriser-ses-emotions-pour-etre-plus-efficace\/"]}]},{"@type":"BreadcrumbList","@id":"https:\/\/www.kblperformances.com\/index.php\/maitriser-ses-emotions-pour-etre-plus-efficace\/#breadcrumb","itemListElement":[{"@type":"ListItem","position":1,"name":"Accueil","item":"https:\/\/www.kblperformances.com\/"},{"@type":"ListItem","position":2,"name":"Ma\u00eetriser ses \u00e9motions pour \u00eatre plus efficace"}]},{"@type":"WebSite","@id":"https:\/\/www.kblperformances.com\/#website","url":"https:\/\/www.kblperformances.com\/","name":"KBL Performances","description":"Les formations au service de vos performances","publisher":{"@id":"https:\/\/www.kblperformances.com\/#organization"},"potentialAction":[{"@type":"SearchAction","target":{"@type":"EntryPoint","urlTemplate":"https:\/\/www.kblperformances.com\/?s={search_term_string}"},"query-input":"required name=search_term_string"}],"inLanguage":"fr-FR"},{"@type":"Organization","@id":"https:\/\/www.kblperformances.com\/#organization","name":"KBL Performances","url":"https:\/\/www.kblperformances.com\/","logo":{"@type":"ImageObject","inLanguage":"fr-FR","@id":"https:\/\/www.kblperformances.com\/#\/schema\/logo\/image\/","url":"https:\/\/www.kblperformances.com\/wp-content\/uploads\/2023\/07\/cropped-cropped-logo-KBL-Performances-1-e1694000173139.png","contentUrl":"https:\/\/www.kblperformances.com\/wp-content\/uploads\/2023\/07\/cropped-cropped-logo-KBL-Performances-1-e1694000173139.png","width":362,"height":483,"caption":"KBL Performances"},"image":{"@id":"https:\/\/www.kblperformances.com\/#\/schema\/logo\/image\/"},"sameAs":["https:\/\/www.linkedin.com\/in\/karen-berlan-lherbette\/"]}]}},"_links":{"self":[{"href":"https:\/\/www.kblperformances.com\/index.php\/wp-json\/wp\/v2\/pages\/1454","targetHints":{"allow":["GET"]}}],"collection":[{"href":"https:\/\/www.kblperformances.com\/index.php\/wp-json\/wp\/v2\/pages"}],"about":[{"href":"https:\/\/www.kblperformances.com\/index.php\/wp-json\/wp\/v2\/types\/page"}],"author":[{"embeddable":true,"href":"https:\/\/www.kblperformances.com\/index.php\/wp-json\/wp\/v2\/users\/1"}],"replies":[{"embeddable":true,"href":"https:\/\/www.kblperformances.com\/index.php\/wp-json\/wp\/v2\/comments?post=1454"}],"version-history":[{"count":13,"href":"https:\/\/www.kblperformances.com\/index.php\/wp-json\/wp\/v2\/pages\/1454\/revisions"}],"predecessor-version":[{"id":1478,"href":"https:\/\/www.kblperformances.com\/index.php\/wp-json\/wp\/v2\/pages\/1454\/revisions\/1478"}],"wp:attachment":[{"href":"https:\/\/www.kblperformances.com\/index.php\/wp-json\/wp\/v2\/media?parent=1454"}],"curies":[{"name":"wp","href":"https:\/\/api.w.org\/{rel}","templated":true}]}}