{"id":1527,"date":"2024-07-26T17:16:13","date_gmt":"2024-07-26T15:16:13","guid":{"rendered":"https:\/\/www.kblperformances.com\/?page_id=1527"},"modified":"2024-07-26T17:23:45","modified_gmt":"2024-07-26T15:23:45","slug":"etre-convaincant-renforcer-son-impact-a-loral","status":"publish","type":"page","link":"https:\/\/www.kblperformances.com\/index.php\/etre-convaincant-renforcer-son-impact-a-loral\/","title":{"rendered":"\u00catre Convaincant &amp; Renforcer son Impact \u00e0 l&rsquo;Oral"},"content":{"rendered":"\t\t<div data-elementor-type=\"wp-page\" data-elementor-id=\"1527\" class=\"elementor elementor-1527\">\n\t\t\t\t\t\t<section class=\"elementor-section elementor-top-section elementor-element elementor-element-6dbdbf6 elementor-section-boxed elementor-section-height-default elementor-section-height-default\" data-id=\"6dbdbf6\" data-element_type=\"section\" data-e-type=\"section\">\n\t\t\t\t\t\t<div class=\"elementor-container elementor-column-gap-default\">\n\t\t\t\t\t<div class=\"elementor-column elementor-col-100 elementor-top-column elementor-element elementor-element-663616c\" data-id=\"663616c\" data-element_type=\"column\" data-e-type=\"column\">\n\t\t\t<div class=\"elementor-widget-wrap elementor-element-populated\">\n\t\t\t\t\t\t<div class=\"elementor-element elementor-element-25b30f9 elementor-widget elementor-widget-heading\" data-id=\"25b30f9\" data-element_type=\"widget\" data-e-type=\"widget\" data-widget_type=\"heading.default\">\n\t\t\t\t<div class=\"elementor-widget-container\">\n\t\t\t\t\t<h2 class=\"elementor-heading-title elementor-size-default\">Formation \u00catre Convaincant &amp; Renforcer son Impact \u00e0 l'Oral<\/h2>\t\t\t\t<\/div>\n\t\t\t\t<\/div>\n\t\t\t\t\t<\/div>\n\t\t<\/div>\n\t\t\t\t\t<\/div>\n\t\t<\/section>\n\t\t\t\t<section class=\"elementor-section elementor-top-section elementor-element elementor-element-c58a1a5 elementor-section-boxed elementor-section-height-default elementor-section-height-default\" data-id=\"c58a1a5\" data-element_type=\"section\" data-e-type=\"section\">\n\t\t\t\t\t\t<div class=\"elementor-container elementor-column-gap-default\">\n\t\t\t\t\t<div class=\"elementor-column elementor-col-100 elementor-top-column elementor-element elementor-element-f44f3fd\" data-id=\"f44f3fd\" data-element_type=\"column\" data-e-type=\"column\">\n\t\t\t<div class=\"elementor-widget-wrap elementor-element-populated\">\n\t\t\t\t\t\t<div class=\"elementor-element elementor-element-95660c5 elementor-widget elementor-widget-text-editor\" data-id=\"95660c5\" data-element_type=\"widget\" data-e-type=\"widget\" data-widget_type=\"text-editor.default\">\n\t\t\t\t<div class=\"elementor-widget-container\">\n\t\t\t\t\t\t\t\t\t<p><strong>La voix est un outil puissant de communication !<\/strong> <br \/>Si votre voix s&rsquo;alt\u00e8re, est monocorde, si votre ton ne soutient pas votre discours, c&rsquo;est autant de barri\u00e8res que vous dressez entre vous et les autres.<\/p><p>En travaillant votre voix, vous serez plus convaincant, plus authentique et plus \u00e0 m\u00eame de d\u00e9fendre vos opinions.<\/p>\t\t\t\t\t\t\t\t<\/div>\n\t\t\t\t<\/div>\n\t\t\t\t\t<\/div>\n\t\t<\/div>\n\t\t\t\t\t<\/div>\n\t\t<\/section>\n\t\t\t\t<section class=\"elementor-section elementor-top-section elementor-element elementor-element-e608c96 elementor-section-boxed elementor-section-height-default elementor-section-height-default\" data-id=\"e608c96\" data-element_type=\"section\" data-e-type=\"section\">\n\t\t\t\t\t\t<div class=\"elementor-container elementor-column-gap-default\">\n\t\t\t\t\t<div class=\"elementor-column elementor-col-100 elementor-top-column elementor-element elementor-element-178cfa7\" data-id=\"178cfa7\" data-element_type=\"column\" data-e-type=\"column\">\n\t\t\t<div class=\"elementor-widget-wrap elementor-element-populated\">\n\t\t\t\t\t\t<div class=\"elementor-element elementor-element-5baf29f elementor-button-info elementor-align-center elementor-widget elementor-widget-button\" data-id=\"5baf29f\" data-element_type=\"widget\" data-e-type=\"widget\" data-widget_type=\"button.default\">\n\t\t\t\t<div class=\"elementor-widget-container\">\n\t\t\t\t\t\t\t\t\t<div class=\"elementor-button-wrapper\">\n\t\t\t\t\t<a class=\"elementor-button elementor-button-link elementor-size-sm\" href=\"https:\/\/www.kblperformances.com\/wp-content\/uploads\/2024\/07\/Fiche-ETRE-CONVAINCANT-RENFORCER-SON-IMPACT-A-LORAL.pdf\">\n\t\t\t\t\t\t<span class=\"elementor-button-content-wrapper\">\n\t\t\t\t\t\t<span class=\"elementor-button-icon\">\n\t\t\t\t<i aria-hidden=\"true\" class=\"fas fa-paperclip\"><\/i>\t\t\t<\/span>\n\t\t\t\t\t\t\t\t\t<span class=\"elementor-button-text\">Infos compl\u00e8tes ici<\/span>\n\t\t\t\t\t<\/span>\n\t\t\t\t\t<\/a>\n\t\t\t\t<\/div>\n\t\t\t\t\t\t\t\t<\/div>\n\t\t\t\t<\/div>\n\t\t\t\t\t<\/div>\n\t\t<\/div>\n\t\t\t\t\t<\/div>\n\t\t<\/section>\n\t\t\t\t<\/div>\n\t\t","protected":false},"excerpt":{"rendered":"<p>Formation \u00catre Convaincant &#038; Renforcer son Impact \u00e0 l&rsquo;Oral La voix est un outil puissant de communication ! Si votre voix s&rsquo;alt\u00e8re, est monocorde, si votre ton ne soutient pas votre discours, c&rsquo;est autant de barri\u00e8res que vous dressez entre vous et les autres. En travaillant votre voix, vous serez plus convaincant, plus authentique et [&hellip;]<\/p>\n","protected":false},"author":1,"featured_media":0,"parent":0,"menu_order":0,"comment_status":"closed","ping_status":"closed","template":"","meta":{"hide_page_title":"","footnotes":""},"class_list":["post-1527","page","type-page","status-publish","hentry"],"yoast_head":"<!-- This site is optimized with the Yoast SEO plugin v21.2 - https:\/\/yoast.com\/wordpress\/plugins\/seo\/ -->\n<title>\u00catre Convaincant &amp; Renforcer son Impact \u00e0 l&#039;Oral - KBL Performances<\/title>\n<meta name=\"robots\" content=\"index, follow, max-snippet:-1, max-image-preview:large, max-video-preview:-1\" \/>\n<link rel=\"canonical\" href=\"https:\/\/www.kblperformances.com\/index.php\/etre-convaincant-renforcer-son-impact-a-loral\/\" \/>\n<meta property=\"og:locale\" content=\"fr_FR\" \/>\n<meta property=\"og:type\" content=\"article\" \/>\n<meta property=\"og:title\" content=\"\u00catre Convaincant &amp; Renforcer son Impact \u00e0 l&#039;Oral - KBL Performances\" \/>\n<meta property=\"og:description\" content=\"Formation \u00catre Convaincant &#038; Renforcer son Impact \u00e0 l&rsquo;Oral La voix est un outil puissant de communication ! Si votre voix s&rsquo;alt\u00e8re, est monocorde, si votre ton ne soutient pas votre discours, c&rsquo;est autant de barri\u00e8res que vous dressez entre vous et les autres. En travaillant votre voix, vous serez plus convaincant, plus authentique et [&hellip;]\" \/>\n<meta property=\"og:url\" content=\"https:\/\/www.kblperformances.com\/index.php\/etre-convaincant-renforcer-son-impact-a-loral\/\" \/>\n<meta property=\"og:site_name\" content=\"KBL Performances\" \/>\n<meta property=\"article:modified_time\" content=\"2024-07-26T15:23:45+00:00\" \/>\n<meta name=\"twitter:card\" content=\"summary_large_image\" \/>\n<meta name=\"twitter:label1\" content=\"Dur\u00e9e de lecture estim\u00e9e\" \/>\n\t<meta name=\"twitter:data1\" content=\"1 minute\" \/>\n<script type=\"application\/ld+json\" class=\"yoast-schema-graph\">{\"@context\":\"https:\/\/schema.org\",\"@graph\":[{\"@type\":\"WebPage\",\"@id\":\"https:\/\/www.kblperformances.com\/index.php\/etre-convaincant-renforcer-son-impact-a-loral\/\",\"url\":\"https:\/\/www.kblperformances.com\/index.php\/etre-convaincant-renforcer-son-impact-a-loral\/\",\"name\":\"\u00catre Convaincant &amp; Renforcer son Impact \u00e0 l'Oral - KBL Performances\",\"isPartOf\":{\"@id\":\"https:\/\/www.kblperformances.com\/#website\"},\"datePublished\":\"2024-07-26T15:16:13+00:00\",\"dateModified\":\"2024-07-26T15:23:45+00:00\",\"breadcrumb\":{\"@id\":\"https:\/\/www.kblperformances.com\/index.php\/etre-convaincant-renforcer-son-impact-a-loral\/#breadcrumb\"},\"inLanguage\":\"fr-FR\",\"potentialAction\":[{\"@type\":\"ReadAction\",\"target\":[\"https:\/\/www.kblperformances.com\/index.php\/etre-convaincant-renforcer-son-impact-a-loral\/\"]}]},{\"@type\":\"BreadcrumbList\",\"@id\":\"https:\/\/www.kblperformances.com\/index.php\/etre-convaincant-renforcer-son-impact-a-loral\/#breadcrumb\",\"itemListElement\":[{\"@type\":\"ListItem\",\"position\":1,\"name\":\"Accueil\",\"item\":\"https:\/\/www.kblperformances.com\/\"},{\"@type\":\"ListItem\",\"position\":2,\"name\":\"\u00catre Convaincant &amp; Renforcer son Impact \u00e0 l&rsquo;Oral\"}]},{\"@type\":\"WebSite\",\"@id\":\"https:\/\/www.kblperformances.com\/#website\",\"url\":\"https:\/\/www.kblperformances.com\/\",\"name\":\"KBL Performances\",\"description\":\"Les formations au service de vos performances\",\"publisher\":{\"@id\":\"https:\/\/www.kblperformances.com\/#organization\"},\"potentialAction\":[{\"@type\":\"SearchAction\",\"target\":{\"@type\":\"EntryPoint\",\"urlTemplate\":\"https:\/\/www.kblperformances.com\/?s={search_term_string}\"},\"query-input\":\"required name=search_term_string\"}],\"inLanguage\":\"fr-FR\"},{\"@type\":\"Organization\",\"@id\":\"https:\/\/www.kblperformances.com\/#organization\",\"name\":\"KBL Performances\",\"url\":\"https:\/\/www.kblperformances.com\/\",\"logo\":{\"@type\":\"ImageObject\",\"inLanguage\":\"fr-FR\",\"@id\":\"https:\/\/www.kblperformances.com\/#\/schema\/logo\/image\/\",\"url\":\"https:\/\/www.kblperformances.com\/wp-content\/uploads\/2023\/07\/cropped-cropped-logo-KBL-Performances-1-e1694000173139.png\",\"contentUrl\":\"https:\/\/www.kblperformances.com\/wp-content\/uploads\/2023\/07\/cropped-cropped-logo-KBL-Performances-1-e1694000173139.png\",\"width\":362,\"height\":483,\"caption\":\"KBL Performances\"},\"image\":{\"@id\":\"https:\/\/www.kblperformances.com\/#\/schema\/logo\/image\/\"},\"sameAs\":[\"https:\/\/www.linkedin.com\/in\/karen-berlan-lherbette\/\"]}]}<\/script>\n<!-- \/ Yoast SEO plugin. -->","yoast_head_json":{"title":"\u00catre Convaincant &amp; Renforcer son Impact \u00e0 l'Oral - KBL Performances","robots":{"index":"index","follow":"follow","max-snippet":"max-snippet:-1","max-image-preview":"max-image-preview:large","max-video-preview":"max-video-preview:-1"},"canonical":"https:\/\/www.kblperformances.com\/index.php\/etre-convaincant-renforcer-son-impact-a-loral\/","og_locale":"fr_FR","og_type":"article","og_title":"\u00catre Convaincant &amp; Renforcer son Impact \u00e0 l'Oral - KBL Performances","og_description":"Formation \u00catre Convaincant &#038; Renforcer son Impact \u00e0 l&rsquo;Oral La voix est un outil puissant de communication ! Si votre voix s&rsquo;alt\u00e8re, est monocorde, si votre ton ne soutient pas votre discours, c&rsquo;est autant de barri\u00e8res que vous dressez entre vous et les autres. En travaillant votre voix, vous serez plus convaincant, plus authentique et [&hellip;]","og_url":"https:\/\/www.kblperformances.com\/index.php\/etre-convaincant-renforcer-son-impact-a-loral\/","og_site_name":"KBL Performances","article_modified_time":"2024-07-26T15:23:45+00:00","twitter_card":"summary_large_image","twitter_misc":{"Dur\u00e9e de lecture estim\u00e9e":"1 minute"},"schema":{"@context":"https:\/\/schema.org","@graph":[{"@type":"WebPage","@id":"https:\/\/www.kblperformances.com\/index.php\/etre-convaincant-renforcer-son-impact-a-loral\/","url":"https:\/\/www.kblperformances.com\/index.php\/etre-convaincant-renforcer-son-impact-a-loral\/","name":"\u00catre Convaincant &amp; Renforcer son Impact \u00e0 l'Oral - KBL Performances","isPartOf":{"@id":"https:\/\/www.kblperformances.com\/#website"},"datePublished":"2024-07-26T15:16:13+00:00","dateModified":"2024-07-26T15:23:45+00:00","breadcrumb":{"@id":"https:\/\/www.kblperformances.com\/index.php\/etre-convaincant-renforcer-son-impact-a-loral\/#breadcrumb"},"inLanguage":"fr-FR","potentialAction":[{"@type":"ReadAction","target":["https:\/\/www.kblperformances.com\/index.php\/etre-convaincant-renforcer-son-impact-a-loral\/"]}]},{"@type":"BreadcrumbList","@id":"https:\/\/www.kblperformances.com\/index.php\/etre-convaincant-renforcer-son-impact-a-loral\/#breadcrumb","itemListElement":[{"@type":"ListItem","position":1,"name":"Accueil","item":"https:\/\/www.kblperformances.com\/"},{"@type":"ListItem","position":2,"name":"\u00catre Convaincant &amp; Renforcer son Impact \u00e0 l&rsquo;Oral"}]},{"@type":"WebSite","@id":"https:\/\/www.kblperformances.com\/#website","url":"https:\/\/www.kblperformances.com\/","name":"KBL Performances","description":"Les formations au service de vos performances","publisher":{"@id":"https:\/\/www.kblperformances.com\/#organization"},"potentialAction":[{"@type":"SearchAction","target":{"@type":"EntryPoint","urlTemplate":"https:\/\/www.kblperformances.com\/?s={search_term_string}"},"query-input":"required name=search_term_string"}],"inLanguage":"fr-FR"},{"@type":"Organization","@id":"https:\/\/www.kblperformances.com\/#organization","name":"KBL Performances","url":"https:\/\/www.kblperformances.com\/","logo":{"@type":"ImageObject","inLanguage":"fr-FR","@id":"https:\/\/www.kblperformances.com\/#\/schema\/logo\/image\/","url":"https:\/\/www.kblperformances.com\/wp-content\/uploads\/2023\/07\/cropped-cropped-logo-KBL-Performances-1-e1694000173139.png","contentUrl":"https:\/\/www.kblperformances.com\/wp-content\/uploads\/2023\/07\/cropped-cropped-logo-KBL-Performances-1-e1694000173139.png","width":362,"height":483,"caption":"KBL Performances"},"image":{"@id":"https:\/\/www.kblperformances.com\/#\/schema\/logo\/image\/"},"sameAs":["https:\/\/www.linkedin.com\/in\/karen-berlan-lherbette\/"]}]}},"_links":{"self":[{"href":"https:\/\/www.kblperformances.com\/index.php\/wp-json\/wp\/v2\/pages\/1527","targetHints":{"allow":["GET"]}}],"collection":[{"href":"https:\/\/www.kblperformances.com\/index.php\/wp-json\/wp\/v2\/pages"}],"about":[{"href":"https:\/\/www.kblperformances.com\/index.php\/wp-json\/wp\/v2\/types\/page"}],"author":[{"embeddable":true,"href":"https:\/\/www.kblperformances.com\/index.php\/wp-json\/wp\/v2\/users\/1"}],"replies":[{"embeddable":true,"href":"https:\/\/www.kblperformances.com\/index.php\/wp-json\/wp\/v2\/comments?post=1527"}],"version-history":[{"count":10,"href":"https:\/\/www.kblperformances.com\/index.php\/wp-json\/wp\/v2\/pages\/1527\/revisions"}],"predecessor-version":[{"id":1541,"href":"https:\/\/www.kblperformances.com\/index.php\/wp-json\/wp\/v2\/pages\/1527\/revisions\/1541"}],"wp:attachment":[{"href":"https:\/\/www.kblperformances.com\/index.php\/wp-json\/wp\/v2\/media?parent=1527"}],"curies":[{"name":"wp","href":"https:\/\/api.w.org\/{rel}","templated":true}]}}