{"id":184,"date":"2023-08-11T16:31:47","date_gmt":"2023-08-11T14:31:47","guid":{"rendered":"https:\/\/kblperformances.com\/?page_id=184"},"modified":"2024-08-13T09:07:43","modified_gmt":"2024-08-13T07:07:43","slug":"qui-suis-je","status":"publish","type":"page","link":"https:\/\/www.kblperformances.com\/index.php\/qui-suis-je\/","title":{"rendered":"Qui suis-je ?"},"content":{"rendered":"\t\t<div data-elementor-type=\"wp-page\" data-elementor-id=\"184\" class=\"elementor elementor-184\">\n\t\t\t\t\t\t<section class=\"elementor-section elementor-top-section elementor-element elementor-element-5a43a75 elementor-section-boxed elementor-section-height-default elementor-section-height-default\" data-id=\"5a43a75\" data-element_type=\"section\" data-e-type=\"section\">\n\t\t\t\t\t\t<div class=\"elementor-container elementor-column-gap-default\">\n\t\t\t\t\t<div class=\"elementor-column elementor-col-100 elementor-top-column elementor-element elementor-element-cdcd5ca\" data-id=\"cdcd5ca\" data-element_type=\"column\" data-e-type=\"column\">\n\t\t\t<div class=\"elementor-widget-wrap elementor-element-populated\">\n\t\t\t\t\t\t<div class=\"elementor-element elementor-element-b0de1c9 elementor-widget elementor-widget-heading\" data-id=\"b0de1c9\" data-element_type=\"widget\" data-e-type=\"widget\" data-widget_type=\"heading.default\">\n\t\t\t\t<div class=\"elementor-widget-container\">\n\t\t\t\t\t<h1 class=\"elementor-heading-title elementor-size-default\">Qui suis-je ?<\/h1>\t\t\t\t<\/div>\n\t\t\t\t<\/div>\n\t\t\t\t\t<\/div>\n\t\t<\/div>\n\t\t\t\t\t<\/div>\n\t\t<\/section>\n\t\t\t\t<section class=\"elementor-section elementor-top-section elementor-element elementor-element-8e52e94 elementor-section-boxed elementor-section-height-default elementor-section-height-default\" data-id=\"8e52e94\" data-element_type=\"section\" data-e-type=\"section\">\n\t\t\t\t\t\t<div class=\"elementor-container elementor-column-gap-default\">\n\t\t\t\t\t<div class=\"elementor-column elementor-col-50 elementor-top-column elementor-element elementor-element-1154136\" data-id=\"1154136\" data-element_type=\"column\" data-e-type=\"column\">\n\t\t\t<div class=\"elementor-widget-wrap elementor-element-populated\">\n\t\t\t\t\t\t<div class=\"elementor-element elementor-element-76fd35b elementor-widget__width-initial elementor-widget elementor-widget-image\" data-id=\"76fd35b\" data-element_type=\"widget\" data-e-type=\"widget\" data-widget_type=\"image.default\">\n\t\t\t\t<div class=\"elementor-widget-container\">\n\t\t\t\t\t\t\t\t\t\t\t\t\t\t\t<img decoding=\"async\" src=\"https:\/\/www.kblperformances.com\/wp-content\/uploads\/elementor\/thumbs\/ID-mars2024-qlxlxhpgl1pj5bqx3n6k31rmt2k2s37sbpfk8rf0lg.jpg\" title=\"ID mars2024\" alt=\"ID mars2024\" loading=\"lazy\" \/>\t\t\t\t\t\t\t\t\t\t\t\t\t\t\t<\/div>\n\t\t\t\t<\/div>\n\t\t\t\t\t<\/div>\n\t\t<\/div>\n\t\t\t\t<div class=\"elementor-column elementor-col-50 elementor-top-column elementor-element elementor-element-dc64fc0\" data-id=\"dc64fc0\" data-element_type=\"column\" data-e-type=\"column\">\n\t\t\t<div class=\"elementor-widget-wrap elementor-element-populated\">\n\t\t\t\t\t\t<div class=\"elementor-element elementor-element-4e4843d elementor-widget__width-initial elementor-widget elementor-widget-text-editor\" data-id=\"4e4843d\" data-element_type=\"widget\" data-e-type=\"widget\" data-widget_type=\"text-editor.default\">\n\t\t\t\t<div class=\"elementor-widget-container\">\n\t\t\t\t\t\t\t\t\t<p>Je m\u2019appelle <span style=\"color: #8400c6;\"><strong>Karen Berlan Lherbette<\/strong><\/span>.<\/p><p>Je suis <span style=\"color: #000000;\"><strong>Facilitatrice de Performances<\/strong><\/span>, Formatrice Pour Adulte certifi\u00e9e, dipl\u00f4m\u00e9e de l&rsquo;Institut ComProfiles\u00ae en Agilit\u00e9 Comportementale et Leadership, Chef de projet \u00e0 l&rsquo;international.<\/p><p><span style=\"color: #8400c6;\"><strong>Je suis :<\/strong><\/span><\/p><p>Passionn\u00e9e, Impliqu\u00e9e, Audacieuse et Challengeuse.<\/p><p><span style=\"color: #8400c6;\"><strong>Mon approche : <\/strong><\/span><\/p><p>Joie, Pragmatisme, Expertise et R\u00e9sultat !<\/p><p><strong><span style=\"color: #8400c6;\">Mes valeurs :<\/span> <\/strong><\/p><p>\u00c9coute, Partage, Confiance, Ouverture, Sinc\u00e9rit\u00e9<\/p>\t\t\t\t\t\t\t\t<\/div>\n\t\t\t\t<\/div>\n\t\t\t\t\t<\/div>\n\t\t<\/div>\n\t\t\t\t\t<\/div>\n\t\t<\/section>\n\t\t\t\t<section class=\"elementor-section elementor-top-section elementor-element elementor-element-5395e01 elementor-section-boxed elementor-section-height-default elementor-section-height-default\" data-id=\"5395e01\" data-element_type=\"section\" data-e-type=\"section\">\n\t\t\t\t\t\t<div class=\"elementor-container elementor-column-gap-default\">\n\t\t\t\t\t<div class=\"elementor-column elementor-col-100 elementor-top-column elementor-element elementor-element-86b2dc6\" data-id=\"86b2dc6\" data-element_type=\"column\" data-e-type=\"column\">\n\t\t\t<div class=\"elementor-widget-wrap elementor-element-populated\">\n\t\t\t\t\t\t<div class=\"elementor-element elementor-element-84047d8 elementor-widget elementor-widget-text-editor\" data-id=\"84047d8\" data-element_type=\"widget\" data-e-type=\"widget\" data-widget_type=\"text-editor.default\">\n\t\t\t\t<div class=\"elementor-widget-container\">\n\t\t\t\t\t\t\t\t\t<p>Forte de mon exp\u00e9rience de plus de 20 ans \u00e0 l\u2019international en tant que responsable export puis chef de projets, je c\u00f4toie de multiples entreprises dans tous les secteurs d\u2019activit\u00e9.<br \/>Que ce soit aux 4 coins du monde pour organiser et accompagner des missions de terrain ou face aux \u00e9quipes op\u00e9rationnelles pour animer webinaires, r\u00e9unions et podcasts, j\u2019ai toujours eu cette app\u00e9tence pour l\u2019accompagnement, la transmission et l\u2019action.<\/p><p><strong>Je viens du monde de l&rsquo;entreprise<\/strong> et j&rsquo;y exerce toujours le m\u00e9tier de chef de projet au sein de Bretagne Commerce International.\u00a0<\/p><p>J&rsquo;accompagne depuis plus de 20 ans les entreprises \u00e0 l&rsquo;international. <strong>Je suis femme de terrain<\/strong>. Je connais les enjeux, les besoins et les probl\u00e9matiques des entreprises et de leurs collaborateurs.\u00a0<\/p><p><strong>Les formations que je propose sont dynamiques, pragmatiques et efficaces.<\/strong> <br \/><strong><span style=\"color: #7631de;\">Elles s&rsquo;adressent aux \u00e9tudiants, futurs salari\u00e9s, managers, employ\u00e9s, cadres ou dirigeants et ont pour<\/span> <span style=\"color: #7631de;\">objectif strat\u00e9gique et p\u00e9dagogique de mettre en lumi\u00e8re et en action les comp\u00e9tences de chacun-e au service des Performances, qu&rsquo;elles soient collectives ou individuelles.<\/span><\/strong><\/p><p>C\u2019est naturellement que la volont\u00e9 d\u2019\u00e9largir le spectre de mes comp\u00e9tences m\u2019a amen\u00e9e au m\u00e9tier de formatrice professionnelle pour adultes.<\/p><p>\u00a0<\/p><p>Dipl\u00f4m\u00e9e du titre professionnel RNCP 37275 Formatrice Pour Adulte et certifi\u00e9e Comprofiles\u00ae en Agilit\u00e9 Comportementale et Leadership, j\u2019ai cr\u00e9\u00e9 KBL performances pour intervenir notamment aupr\u00e8s des entreprises et des \u00e9coles sup\u00e9rieures, mais avant tout, pour transmettre m\u00e9thodes et formations pragmatiques aux personnes qui les animent.<\/p><p>Ce ne sont pas les organisations qui sont agiles.<\/p><p>Ce sont bien les personnes qui les composent qui les rendent agiles.<\/p><p>\u00a0<\/p><p>Je m\u2019int\u00e9resse aux relations humaines, aux hommes et femmes, \u00e0 la communication intelligente, harmonieuse et efficace au service de la Performance.<\/p><p>Performance professionnelle, performance personnelle, performance relationnelle, performance individuelle, performance collective.<\/p><p>Je crois aux talents de chacun-e.<\/p><p>\u00a0<\/p><p><strong><span style=\"color: #730ba3;\">Avoir conscience de qui nous sommes, de notre impact relationnel sur autrui, est pour moi la base de tout succ\u00e8s.<\/span><\/strong><\/p><p><strong>Accompagner les personnes \u00e0 d\u00e9ployer leurs atouts et leurs talents est l\u2019une de mes motivations \u00e0 exercer le m\u00e9tier de formatrice.<\/strong><\/p>\t\t\t\t\t\t\t\t<\/div>\n\t\t\t\t<\/div>\n\t\t\t\t\t<\/div>\n\t\t<\/div>\n\t\t\t\t\t<\/div>\n\t\t<\/section>\n\t\t\t\t<section class=\"elementor-section elementor-top-section elementor-element elementor-element-33b80c9 elementor-section-boxed elementor-section-height-default elementor-section-height-default\" data-id=\"33b80c9\" data-element_type=\"section\" data-e-type=\"section\">\n\t\t\t\t\t\t<div class=\"elementor-container elementor-column-gap-default\">\n\t\t\t\t\t<div class=\"elementor-column elementor-col-100 elementor-top-column elementor-element elementor-element-88d94f0\" data-id=\"88d94f0\" data-element_type=\"column\" data-e-type=\"column\">\n\t\t\t<div class=\"elementor-widget-wrap elementor-element-populated\">\n\t\t\t\t\t\t<div class=\"elementor-element elementor-element-c6da476 elementor-button-info elementor-align-center elementor-widget elementor-widget-button\" data-id=\"c6da476\" data-element_type=\"widget\" data-e-type=\"widget\" data-widget_type=\"button.default\">\n\t\t\t\t<div class=\"elementor-widget-container\">\n\t\t\t\t\t\t\t\t\t<div class=\"elementor-button-wrapper\">\n\t\t\t\t\t<a class=\"elementor-button elementor-button-link elementor-size-sm\" href=\"https:\/\/www.kblperformances.com\/wp-content\/uploads\/2024\/08\/BROCHURE-KBL-PERFORMANCES.pdf\">\n\t\t\t\t\t\t<span class=\"elementor-button-content-wrapper\">\n\t\t\t\t\t\t<span class=\"elementor-button-icon\">\n\t\t\t\t<i aria-hidden=\"true\" class=\"fas fa-door-open\"><\/i>\t\t\t<\/span>\n\t\t\t\t\t\t\t\t\t<span class=\"elementor-button-text\">mon CV<\/span>\n\t\t\t\t\t<\/span>\n\t\t\t\t\t<\/a>\n\t\t\t\t<\/div>\n\t\t\t\t\t\t\t\t<\/div>\n\t\t\t\t<\/div>\n\t\t\t\t\t<\/div>\n\t\t<\/div>\n\t\t\t\t\t<\/div>\n\t\t<\/section>\n\t\t\t\t<\/div>\n\t\t","protected":false},"excerpt":{"rendered":"<p>Qui suis-je ? Je m\u2019appelle Karen Berlan Lherbette. Je suis Facilitatrice de Performances, Formatrice Pour Adulte certifi\u00e9e, dipl\u00f4m\u00e9e de l&rsquo;Institut ComProfiles\u00ae en Agilit\u00e9 Comportementale et Leadership, Chef de projet \u00e0 l&rsquo;international. Je suis : Passionn\u00e9e, Impliqu\u00e9e, Audacieuse et Challengeuse. Mon approche : Joie, Pragmatisme, Expertise et R\u00e9sultat ! Mes valeurs : \u00c9coute, Partage, Confiance, Ouverture, [&hellip;]<\/p>\n","protected":false},"author":1,"featured_media":0,"parent":0,"menu_order":0,"comment_status":"closed","ping_status":"closed","template":"elementor_header_footer","meta":{"hide_page_title":"","footnotes":""},"class_list":["post-184","page","type-page","status-publish","hentry"],"yoast_head":"<!-- This site is optimized with the Yoast SEO plugin v21.2 - https:\/\/yoast.com\/wordpress\/plugins\/seo\/ -->\n<title>Qui suis-je ? - KBL Performances<\/title>\n<meta name=\"robots\" content=\"index, follow, max-snippet:-1, max-image-preview:large, max-video-preview:-1\" \/>\n<link rel=\"canonical\" href=\"https:\/\/www.kblperformances.com\/index.php\/qui-suis-je\/\" \/>\n<meta property=\"og:locale\" content=\"fr_FR\" \/>\n<meta property=\"og:type\" content=\"article\" \/>\n<meta property=\"og:title\" content=\"Qui suis-je ? - KBL Performances\" \/>\n<meta property=\"og:description\" content=\"Qui suis-je ? Je m\u2019appelle Karen Berlan Lherbette. Je suis Facilitatrice de Performances, Formatrice Pour Adulte certifi\u00e9e, dipl\u00f4m\u00e9e de l&rsquo;Institut ComProfiles\u00ae en Agilit\u00e9 Comportementale et Leadership, Chef de projet \u00e0 l&rsquo;international. Je suis : Passionn\u00e9e, Impliqu\u00e9e, Audacieuse et Challengeuse. Mon approche : Joie, Pragmatisme, Expertise et R\u00e9sultat ! Mes valeurs : \u00c9coute, Partage, Confiance, Ouverture, [&hellip;]\" \/>\n<meta property=\"og:url\" content=\"https:\/\/www.kblperformances.com\/index.php\/qui-suis-je\/\" \/>\n<meta property=\"og:site_name\" content=\"KBL Performances\" \/>\n<meta property=\"article:modified_time\" content=\"2024-08-13T07:07:43+00:00\" \/>\n<meta property=\"og:image\" content=\"https:\/\/www.kblperformances.com\/wp-content\/uploads\/elementor\/thumbs\/ID-mars2024-qlxlxhpgl1pj5bqx3n6k31rmt2k2s37sbpfk8rf0lg.jpg\" \/>\n<meta name=\"twitter:card\" content=\"summary_large_image\" \/>\n<meta name=\"twitter:label1\" content=\"Dur\u00e9e de lecture estim\u00e9e\" \/>\n\t<meta name=\"twitter:data1\" content=\"3 minutes\" \/>\n<script type=\"application\/ld+json\" class=\"yoast-schema-graph\">{\"@context\":\"https:\/\/schema.org\",\"@graph\":[{\"@type\":\"WebPage\",\"@id\":\"https:\/\/www.kblperformances.com\/index.php\/qui-suis-je\/\",\"url\":\"https:\/\/www.kblperformances.com\/index.php\/qui-suis-je\/\",\"name\":\"Qui suis-je ? - KBL Performances\",\"isPartOf\":{\"@id\":\"https:\/\/www.kblperformances.com\/#website\"},\"datePublished\":\"2023-08-11T14:31:47+00:00\",\"dateModified\":\"2024-08-13T07:07:43+00:00\",\"breadcrumb\":{\"@id\":\"https:\/\/www.kblperformances.com\/index.php\/qui-suis-je\/#breadcrumb\"},\"inLanguage\":\"fr-FR\",\"potentialAction\":[{\"@type\":\"ReadAction\",\"target\":[\"https:\/\/www.kblperformances.com\/index.php\/qui-suis-je\/\"]}]},{\"@type\":\"BreadcrumbList\",\"@id\":\"https:\/\/www.kblperformances.com\/index.php\/qui-suis-je\/#breadcrumb\",\"itemListElement\":[{\"@type\":\"ListItem\",\"position\":1,\"name\":\"Accueil\",\"item\":\"https:\/\/www.kblperformances.com\/\"},{\"@type\":\"ListItem\",\"position\":2,\"name\":\"Qui suis-je ?\"}]},{\"@type\":\"WebSite\",\"@id\":\"https:\/\/www.kblperformances.com\/#website\",\"url\":\"https:\/\/www.kblperformances.com\/\",\"name\":\"KBL Performances\",\"description\":\"Les formations au service de vos performances\",\"publisher\":{\"@id\":\"https:\/\/www.kblperformances.com\/#organization\"},\"potentialAction\":[{\"@type\":\"SearchAction\",\"target\":{\"@type\":\"EntryPoint\",\"urlTemplate\":\"https:\/\/www.kblperformances.com\/?s={search_term_string}\"},\"query-input\":\"required name=search_term_string\"}],\"inLanguage\":\"fr-FR\"},{\"@type\":\"Organization\",\"@id\":\"https:\/\/www.kblperformances.com\/#organization\",\"name\":\"KBL Performances\",\"url\":\"https:\/\/www.kblperformances.com\/\",\"logo\":{\"@type\":\"ImageObject\",\"inLanguage\":\"fr-FR\",\"@id\":\"https:\/\/www.kblperformances.com\/#\/schema\/logo\/image\/\",\"url\":\"https:\/\/www.kblperformances.com\/wp-content\/uploads\/2023\/07\/cropped-cropped-logo-KBL-Performances-1-e1694000173139.png\",\"contentUrl\":\"https:\/\/www.kblperformances.com\/wp-content\/uploads\/2023\/07\/cropped-cropped-logo-KBL-Performances-1-e1694000173139.png\",\"width\":362,\"height\":483,\"caption\":\"KBL Performances\"},\"image\":{\"@id\":\"https:\/\/www.kblperformances.com\/#\/schema\/logo\/image\/\"},\"sameAs\":[\"https:\/\/www.linkedin.com\/in\/karen-berlan-lherbette\/\"]}]}<\/script>\n<!-- \/ Yoast SEO plugin. -->","yoast_head_json":{"title":"Qui suis-je ? - KBL Performances","robots":{"index":"index","follow":"follow","max-snippet":"max-snippet:-1","max-image-preview":"max-image-preview:large","max-video-preview":"max-video-preview:-1"},"canonical":"https:\/\/www.kblperformances.com\/index.php\/qui-suis-je\/","og_locale":"fr_FR","og_type":"article","og_title":"Qui suis-je ? - KBL Performances","og_description":"Qui suis-je ? Je m\u2019appelle Karen Berlan Lherbette. Je suis Facilitatrice de Performances, Formatrice Pour Adulte certifi\u00e9e, dipl\u00f4m\u00e9e de l&rsquo;Institut ComProfiles\u00ae en Agilit\u00e9 Comportementale et Leadership, Chef de projet \u00e0 l&rsquo;international. Je suis : Passionn\u00e9e, Impliqu\u00e9e, Audacieuse et Challengeuse. Mon approche : Joie, Pragmatisme, Expertise et R\u00e9sultat ! Mes valeurs : \u00c9coute, Partage, Confiance, Ouverture, [&hellip;]","og_url":"https:\/\/www.kblperformances.com\/index.php\/qui-suis-je\/","og_site_name":"KBL Performances","article_modified_time":"2024-08-13T07:07:43+00:00","og_image":[{"url":"https:\/\/www.kblperformances.com\/wp-content\/uploads\/elementor\/thumbs\/ID-mars2024-qlxlxhpgl1pj5bqx3n6k31rmt2k2s37sbpfk8rf0lg.jpg"}],"twitter_card":"summary_large_image","twitter_misc":{"Dur\u00e9e de lecture estim\u00e9e":"3 minutes"},"schema":{"@context":"https:\/\/schema.org","@graph":[{"@type":"WebPage","@id":"https:\/\/www.kblperformances.com\/index.php\/qui-suis-je\/","url":"https:\/\/www.kblperformances.com\/index.php\/qui-suis-je\/","name":"Qui suis-je ? - KBL Performances","isPartOf":{"@id":"https:\/\/www.kblperformances.com\/#website"},"datePublished":"2023-08-11T14:31:47+00:00","dateModified":"2024-08-13T07:07:43+00:00","breadcrumb":{"@id":"https:\/\/www.kblperformances.com\/index.php\/qui-suis-je\/#breadcrumb"},"inLanguage":"fr-FR","potentialAction":[{"@type":"ReadAction","target":["https:\/\/www.kblperformances.com\/index.php\/qui-suis-je\/"]}]},{"@type":"BreadcrumbList","@id":"https:\/\/www.kblperformances.com\/index.php\/qui-suis-je\/#breadcrumb","itemListElement":[{"@type":"ListItem","position":1,"name":"Accueil","item":"https:\/\/www.kblperformances.com\/"},{"@type":"ListItem","position":2,"name":"Qui suis-je ?"}]},{"@type":"WebSite","@id":"https:\/\/www.kblperformances.com\/#website","url":"https:\/\/www.kblperformances.com\/","name":"KBL Performances","description":"Les formations au service de vos performances","publisher":{"@id":"https:\/\/www.kblperformances.com\/#organization"},"potentialAction":[{"@type":"SearchAction","target":{"@type":"EntryPoint","urlTemplate":"https:\/\/www.kblperformances.com\/?s={search_term_string}"},"query-input":"required name=search_term_string"}],"inLanguage":"fr-FR"},{"@type":"Organization","@id":"https:\/\/www.kblperformances.com\/#organization","name":"KBL Performances","url":"https:\/\/www.kblperformances.com\/","logo":{"@type":"ImageObject","inLanguage":"fr-FR","@id":"https:\/\/www.kblperformances.com\/#\/schema\/logo\/image\/","url":"https:\/\/www.kblperformances.com\/wp-content\/uploads\/2023\/07\/cropped-cropped-logo-KBL-Performances-1-e1694000173139.png","contentUrl":"https:\/\/www.kblperformances.com\/wp-content\/uploads\/2023\/07\/cropped-cropped-logo-KBL-Performances-1-e1694000173139.png","width":362,"height":483,"caption":"KBL Performances"},"image":{"@id":"https:\/\/www.kblperformances.com\/#\/schema\/logo\/image\/"},"sameAs":["https:\/\/www.linkedin.com\/in\/karen-berlan-lherbette\/"]}]}},"_links":{"self":[{"href":"https:\/\/www.kblperformances.com\/index.php\/wp-json\/wp\/v2\/pages\/184","targetHints":{"allow":["GET"]}}],"collection":[{"href":"https:\/\/www.kblperformances.com\/index.php\/wp-json\/wp\/v2\/pages"}],"about":[{"href":"https:\/\/www.kblperformances.com\/index.php\/wp-json\/wp\/v2\/types\/page"}],"author":[{"embeddable":true,"href":"https:\/\/www.kblperformances.com\/index.php\/wp-json\/wp\/v2\/users\/1"}],"replies":[{"embeddable":true,"href":"https:\/\/www.kblperformances.com\/index.php\/wp-json\/wp\/v2\/comments?post=184"}],"version-history":[{"count":95,"href":"https:\/\/www.kblperformances.com\/index.php\/wp-json\/wp\/v2\/pages\/184\/revisions"}],"predecessor-version":[{"id":1576,"href":"https:\/\/www.kblperformances.com\/index.php\/wp-json\/wp\/v2\/pages\/184\/revisions\/1576"}],"wp:attachment":[{"href":"https:\/\/www.kblperformances.com\/index.php\/wp-json\/wp\/v2\/media?parent=184"}],"curies":[{"name":"wp","href":"https:\/\/api.w.org\/{rel}","templated":true}]}}