{"id":681,"date":"2023-09-08T16:58:56","date_gmt":"2023-09-08T14:58:56","guid":{"rendered":"https:\/\/kblperformances.com\/?page_id=681"},"modified":"2024-03-31T17:44:57","modified_gmt":"2024-03-31T15:44:57","slug":"identifiez-votre-capital-competences","status":"publish","type":"page","link":"https:\/\/www.kblperformances.com\/index.php\/identifiez-votre-capital-competences\/","title":{"rendered":"Identifiez Votre Capital Comp\u00e9tences"},"content":{"rendered":"\t\t<div data-elementor-type=\"wp-page\" data-elementor-id=\"681\" class=\"elementor elementor-681\">\n\t\t\t\t\t\t<section class=\"elementor-section elementor-top-section elementor-element elementor-element-a2a9963 elementor-section-boxed elementor-section-height-default elementor-section-height-default\" data-id=\"a2a9963\" data-element_type=\"section\" data-e-type=\"section\">\n\t\t\t\t\t\t<div class=\"elementor-container elementor-column-gap-default\">\n\t\t\t\t\t<div class=\"elementor-column elementor-col-100 elementor-top-column elementor-element elementor-element-f3cbede\" data-id=\"f3cbede\" data-element_type=\"column\" data-e-type=\"column\">\n\t\t\t<div class=\"elementor-widget-wrap elementor-element-populated\">\n\t\t\t\t\t\t<div class=\"elementor-element elementor-element-a1bc55c elementor-widget elementor-widget-heading\" data-id=\"a1bc55c\" data-element_type=\"widget\" data-e-type=\"widget\" data-widget_type=\"heading.default\">\n\t\t\t\t<div class=\"elementor-widget-container\">\n\t\t\t\t\t<h2 class=\"elementor-heading-title elementor-size-default\">Formation Identifiez Votre Capital Comp\u00e9tences<\/h2>\t\t\t\t<\/div>\n\t\t\t\t<\/div>\n\t\t\t\t\t<\/div>\n\t\t<\/div>\n\t\t\t\t\t<\/div>\n\t\t<\/section>\n\t\t\t\t<section class=\"elementor-section elementor-top-section elementor-element elementor-element-1e8fe8a elementor-section-boxed elementor-section-height-default elementor-section-height-default\" data-id=\"1e8fe8a\" data-element_type=\"section\" data-e-type=\"section\">\n\t\t\t\t\t\t<div class=\"elementor-container elementor-column-gap-default\">\n\t\t\t\t\t<div class=\"elementor-column elementor-col-100 elementor-top-column elementor-element elementor-element-8d10045\" data-id=\"8d10045\" data-element_type=\"column\" data-e-type=\"column\">\n\t\t\t<div class=\"elementor-widget-wrap elementor-element-populated\">\n\t\t\t\t\t\t<div class=\"elementor-element elementor-element-70a6e08 elementor-widget elementor-widget-text-editor\" data-id=\"70a6e08\" data-element_type=\"widget\" data-e-type=\"widget\" data-widget_type=\"text-editor.default\">\n\t\t\t\t<div class=\"elementor-widget-container\">\n\t\t\t\t\t\t\t\t\t<p>Vous souhaitez d\u00e9marrer une\u00a0formation, changer de\u00a0m\u00e9tier, trouver un\u00a0emploi&#8230; Bref, donner un coup d&rsquo;acc\u00e9l\u00e9rateur \u00e0 votre carri\u00e8re ? Avant de d\u00e9marrer t\u00eate baiss\u00e9e,\u00a0vous avez besoin de clarifier votre projet professionnel et d&rsquo;\u00eatre conscient\u00a0de vos comp\u00e9tences r\u00e9elles. Explorer le\u00a0march\u00e9 du travail\u00a0sera d&rsquo;autant plus facile ensuite !<\/p><p>Cette formation vous permettra, \u00e0 partir de votre\u00a0trajectoire\u00a0et de vos\u00a0comp\u00e9tences, de construire votre\u00a0projet professionnel.\u00a0Vous\u00a0identifierez ainsi votre m\u00e9tier cible et les \u00e9tapes qu&rsquo;il vous reste \u00e0 franchir pour y parvenir.\u00a0Vous d\u00e9couvrirez le\u00a0march\u00e9 du travail, ce qu&rsquo;il offre et ce qui peut vous correspondre.<\/p><p>Vous verrez donc comment d\u00e9coder la r\u00e9alit\u00e9 du monde du travail afin d&rsquo;explorer votre champ des\u00a0possibles\u00a0!<\/p>\t\t\t\t\t\t\t\t<\/div>\n\t\t\t\t<\/div>\n\t\t\t\t\t<\/div>\n\t\t<\/div>\n\t\t\t\t\t<\/div>\n\t\t<\/section>\n\t\t\t\t<section class=\"elementor-section elementor-top-section elementor-element elementor-element-f4464e7 elementor-section-boxed elementor-section-height-default elementor-section-height-default\" data-id=\"f4464e7\" data-element_type=\"section\" data-e-type=\"section\">\n\t\t\t\t\t\t<div class=\"elementor-container elementor-column-gap-default\">\n\t\t\t\t\t<div class=\"elementor-column elementor-col-100 elementor-top-column elementor-element elementor-element-7c3b0bf\" data-id=\"7c3b0bf\" data-element_type=\"column\" data-e-type=\"column\">\n\t\t\t<div class=\"elementor-widget-wrap elementor-element-populated\">\n\t\t\t\t\t\t<div class=\"elementor-element elementor-element-38a8ae4 elementor-widget elementor-widget-text-editor\" data-id=\"38a8ae4\" data-element_type=\"widget\" data-e-type=\"widget\" data-widget_type=\"text-editor.default\">\n\t\t\t\t<div class=\"elementor-widget-container\">\n\t\t\t\t\t\t\t\t\t<p>Pour construire votre projet professionnel, vous devez \u00eatre conscients de <strong>vos\u00a0comp\u00e9tences\u00a0<\/strong>ainsi que de <strong>vos\u00a0qualit\u00e9s<\/strong>.<\/p><p>Vous devez savoir les citer, les expliquer et les relier \u00e0 votre exp\u00e9rience, vos r\u00e9alisations et vos ambitions.<\/p><p>Chaque projet professionnel est diff\u00e9rent, car il est sp\u00e9cifique \u00e0 un individu.<\/p><p><strong>Votre v\u00e9cu est unique, et il en va de m\u00eame de l&rsquo;\u00e9ventail de vos atouts.<\/strong><\/p>\t\t\t\t\t\t\t\t<\/div>\n\t\t\t\t<\/div>\n\t\t\t\t\t<\/div>\n\t\t<\/div>\n\t\t\t\t\t<\/div>\n\t\t<\/section>\n\t\t\t\t<section class=\"elementor-section elementor-top-section elementor-element elementor-element-d41645e elementor-section-boxed elementor-section-height-default elementor-section-height-default\" data-id=\"d41645e\" data-element_type=\"section\" data-e-type=\"section\">\n\t\t\t\t\t\t<div class=\"elementor-container elementor-column-gap-default\">\n\t\t\t\t\t<div class=\"elementor-column elementor-col-100 elementor-top-column elementor-element elementor-element-edbf1e6\" data-id=\"edbf1e6\" data-element_type=\"column\" data-e-type=\"column\">\n\t\t\t<div class=\"elementor-widget-wrap elementor-element-populated\">\n\t\t\t\t\t\t<div class=\"elementor-element elementor-element-d1fc06a elementor-widget elementor-widget-text-editor\" data-id=\"d1fc06a\" data-element_type=\"widget\" data-e-type=\"widget\" data-widget_type=\"text-editor.default\">\n\t\t\t\t<div class=\"elementor-widget-container\">\n\t\t\t\t\t\t\t\t\t<p>La comp\u00e9tence est au c\u0153ur des ressources humaines et de la performance des entreprises. C&rsquo;est un capital dynamique qu&rsquo;il s&rsquo;agit de mesurer, de consolider et d&rsquo;enrichir en permanence pour rester comp\u00e9titif, capter les recruteurs et se d\u00e9marquer.<\/p>\t\t\t\t\t\t\t\t<\/div>\n\t\t\t\t<\/div>\n\t\t\t\t\t<\/div>\n\t\t<\/div>\n\t\t\t\t\t<\/div>\n\t\t<\/section>\n\t\t\t\t<section class=\"elementor-section elementor-top-section elementor-element elementor-element-a13c5c3 elementor-section-boxed elementor-section-height-default elementor-section-height-default\" data-id=\"a13c5c3\" data-element_type=\"section\" data-e-type=\"section\">\n\t\t\t\t\t\t<div class=\"elementor-container elementor-column-gap-default\">\n\t\t\t\t\t<div class=\"elementor-column elementor-col-100 elementor-top-column elementor-element elementor-element-fda8639\" data-id=\"fda8639\" data-element_type=\"column\" data-e-type=\"column\">\n\t\t\t<div class=\"elementor-widget-wrap elementor-element-populated\">\n\t\t\t\t\t\t<div class=\"elementor-element elementor-element-b9f9b01 elementor-button-info elementor-align-center elementor-widget elementor-widget-button\" data-id=\"b9f9b01\" data-element_type=\"widget\" data-e-type=\"widget\" data-widget_type=\"button.default\">\n\t\t\t\t<div class=\"elementor-widget-container\">\n\t\t\t\t\t\t\t\t\t<div class=\"elementor-button-wrapper\">\n\t\t\t\t\t<a class=\"elementor-button elementor-button-link elementor-size-md\" href=\"https:\/\/www.kblperformances.com\/wp-content\/uploads\/2024\/02\/KBL-PERFORMANCES-BROCHURE-FORMATION-IDENTIFIEZ-VOTRE-CAPITAL-COMPETENCES.pdf\">\n\t\t\t\t\t\t<span class=\"elementor-button-content-wrapper\">\n\t\t\t\t\t\t<span class=\"elementor-button-icon\">\n\t\t\t\t<i aria-hidden=\"true\" class=\"fas fa-paperclip\"><\/i>\t\t\t<\/span>\n\t\t\t\t\t\t\t\t\t<span class=\"elementor-button-text\">Infos compl\u00e8tes ici<\/span>\n\t\t\t\t\t<\/span>\n\t\t\t\t\t<\/a>\n\t\t\t\t<\/div>\n\t\t\t\t\t\t\t\t<\/div>\n\t\t\t\t<\/div>\n\t\t\t\t\t<\/div>\n\t\t<\/div>\n\t\t\t\t\t<\/div>\n\t\t<\/section>\n\t\t\t\t<\/div>\n\t\t","protected":false},"excerpt":{"rendered":"<p>Formation Identifiez Votre Capital Comp\u00e9tences Vous souhaitez d\u00e9marrer une\u00a0formation, changer de\u00a0m\u00e9tier, trouver un\u00a0emploi&#8230; Bref, donner un coup d&rsquo;acc\u00e9l\u00e9rateur \u00e0 votre carri\u00e8re ? Avant de d\u00e9marrer t\u00eate baiss\u00e9e,\u00a0vous avez besoin de clarifier votre projet professionnel et d&rsquo;\u00eatre conscient\u00a0de vos comp\u00e9tences r\u00e9elles. Explorer le\u00a0march\u00e9 du travail\u00a0sera d&rsquo;autant plus facile ensuite ! Cette formation vous permettra, \u00e0 partir [&hellip;]<\/p>\n","protected":false},"author":1,"featured_media":0,"parent":0,"menu_order":0,"comment_status":"closed","ping_status":"closed","template":"","meta":{"hide_page_title":"","footnotes":""},"class_list":["post-681","page","type-page","status-publish","hentry"],"yoast_head":"<!-- This site is optimized with the Yoast SEO plugin v21.2 - https:\/\/yoast.com\/wordpress\/plugins\/seo\/ -->\n<title>Identifiez Votre Capital Comp\u00e9tences - KBL Performances<\/title>\n<meta name=\"robots\" content=\"index, follow, max-snippet:-1, max-image-preview:large, max-video-preview:-1\" \/>\n<link rel=\"canonical\" href=\"https:\/\/www.kblperformances.com\/index.php\/identifiez-votre-capital-competences\/\" \/>\n<meta property=\"og:locale\" content=\"fr_FR\" \/>\n<meta property=\"og:type\" content=\"article\" \/>\n<meta property=\"og:title\" content=\"Identifiez Votre Capital Comp\u00e9tences - KBL Performances\" \/>\n<meta property=\"og:description\" content=\"Formation Identifiez Votre Capital Comp\u00e9tences Vous souhaitez d\u00e9marrer une\u00a0formation, changer de\u00a0m\u00e9tier, trouver un\u00a0emploi&#8230; Bref, donner un coup d&rsquo;acc\u00e9l\u00e9rateur \u00e0 votre carri\u00e8re ? Avant de d\u00e9marrer t\u00eate baiss\u00e9e,\u00a0vous avez besoin de clarifier votre projet professionnel et d&rsquo;\u00eatre conscient\u00a0de vos comp\u00e9tences r\u00e9elles. Explorer le\u00a0march\u00e9 du travail\u00a0sera d&rsquo;autant plus facile ensuite ! Cette formation vous permettra, \u00e0 partir [&hellip;]\" \/>\n<meta property=\"og:url\" content=\"https:\/\/www.kblperformances.com\/index.php\/identifiez-votre-capital-competences\/\" \/>\n<meta property=\"og:site_name\" content=\"KBL Performances\" \/>\n<meta property=\"article:modified_time\" content=\"2024-03-31T15:44:57+00:00\" \/>\n<meta name=\"twitter:card\" content=\"summary_large_image\" \/>\n<meta name=\"twitter:label1\" content=\"Dur\u00e9e de lecture estim\u00e9e\" \/>\n\t<meta name=\"twitter:data1\" content=\"2 minutes\" \/>\n<script type=\"application\/ld+json\" class=\"yoast-schema-graph\">{\"@context\":\"https:\/\/schema.org\",\"@graph\":[{\"@type\":\"WebPage\",\"@id\":\"https:\/\/www.kblperformances.com\/index.php\/identifiez-votre-capital-competences\/\",\"url\":\"https:\/\/www.kblperformances.com\/index.php\/identifiez-votre-capital-competences\/\",\"name\":\"Identifiez Votre Capital Comp\u00e9tences - KBL Performances\",\"isPartOf\":{\"@id\":\"https:\/\/www.kblperformances.com\/#website\"},\"datePublished\":\"2023-09-08T14:58:56+00:00\",\"dateModified\":\"2024-03-31T15:44:57+00:00\",\"breadcrumb\":{\"@id\":\"https:\/\/www.kblperformances.com\/index.php\/identifiez-votre-capital-competences\/#breadcrumb\"},\"inLanguage\":\"fr-FR\",\"potentialAction\":[{\"@type\":\"ReadAction\",\"target\":[\"https:\/\/www.kblperformances.com\/index.php\/identifiez-votre-capital-competences\/\"]}]},{\"@type\":\"BreadcrumbList\",\"@id\":\"https:\/\/www.kblperformances.com\/index.php\/identifiez-votre-capital-competences\/#breadcrumb\",\"itemListElement\":[{\"@type\":\"ListItem\",\"position\":1,\"name\":\"Accueil\",\"item\":\"https:\/\/www.kblperformances.com\/\"},{\"@type\":\"ListItem\",\"position\":2,\"name\":\"Identifiez Votre Capital Comp\u00e9tences\"}]},{\"@type\":\"WebSite\",\"@id\":\"https:\/\/www.kblperformances.com\/#website\",\"url\":\"https:\/\/www.kblperformances.com\/\",\"name\":\"KBL Performances\",\"description\":\"Les formations au service de vos performances\",\"publisher\":{\"@id\":\"https:\/\/www.kblperformances.com\/#organization\"},\"potentialAction\":[{\"@type\":\"SearchAction\",\"target\":{\"@type\":\"EntryPoint\",\"urlTemplate\":\"https:\/\/www.kblperformances.com\/?s={search_term_string}\"},\"query-input\":\"required name=search_term_string\"}],\"inLanguage\":\"fr-FR\"},{\"@type\":\"Organization\",\"@id\":\"https:\/\/www.kblperformances.com\/#organization\",\"name\":\"KBL Performances\",\"url\":\"https:\/\/www.kblperformances.com\/\",\"logo\":{\"@type\":\"ImageObject\",\"inLanguage\":\"fr-FR\",\"@id\":\"https:\/\/www.kblperformances.com\/#\/schema\/logo\/image\/\",\"url\":\"https:\/\/www.kblperformances.com\/wp-content\/uploads\/2023\/07\/cropped-cropped-logo-KBL-Performances-1-e1694000173139.png\",\"contentUrl\":\"https:\/\/www.kblperformances.com\/wp-content\/uploads\/2023\/07\/cropped-cropped-logo-KBL-Performances-1-e1694000173139.png\",\"width\":362,\"height\":483,\"caption\":\"KBL Performances\"},\"image\":{\"@id\":\"https:\/\/www.kblperformances.com\/#\/schema\/logo\/image\/\"},\"sameAs\":[\"https:\/\/www.linkedin.com\/in\/karen-berlan-lherbette\/\"]}]}<\/script>\n<!-- \/ Yoast SEO plugin. -->","yoast_head_json":{"title":"Identifiez Votre Capital Comp\u00e9tences - KBL Performances","robots":{"index":"index","follow":"follow","max-snippet":"max-snippet:-1","max-image-preview":"max-image-preview:large","max-video-preview":"max-video-preview:-1"},"canonical":"https:\/\/www.kblperformances.com\/index.php\/identifiez-votre-capital-competences\/","og_locale":"fr_FR","og_type":"article","og_title":"Identifiez Votre Capital Comp\u00e9tences - KBL Performances","og_description":"Formation Identifiez Votre Capital Comp\u00e9tences Vous souhaitez d\u00e9marrer une\u00a0formation, changer de\u00a0m\u00e9tier, trouver un\u00a0emploi&#8230; Bref, donner un coup d&rsquo;acc\u00e9l\u00e9rateur \u00e0 votre carri\u00e8re ? Avant de d\u00e9marrer t\u00eate baiss\u00e9e,\u00a0vous avez besoin de clarifier votre projet professionnel et d&rsquo;\u00eatre conscient\u00a0de vos comp\u00e9tences r\u00e9elles. Explorer le\u00a0march\u00e9 du travail\u00a0sera d&rsquo;autant plus facile ensuite ! Cette formation vous permettra, \u00e0 partir [&hellip;]","og_url":"https:\/\/www.kblperformances.com\/index.php\/identifiez-votre-capital-competences\/","og_site_name":"KBL Performances","article_modified_time":"2024-03-31T15:44:57+00:00","twitter_card":"summary_large_image","twitter_misc":{"Dur\u00e9e de lecture estim\u00e9e":"2 minutes"},"schema":{"@context":"https:\/\/schema.org","@graph":[{"@type":"WebPage","@id":"https:\/\/www.kblperformances.com\/index.php\/identifiez-votre-capital-competences\/","url":"https:\/\/www.kblperformances.com\/index.php\/identifiez-votre-capital-competences\/","name":"Identifiez Votre Capital Comp\u00e9tences - KBL Performances","isPartOf":{"@id":"https:\/\/www.kblperformances.com\/#website"},"datePublished":"2023-09-08T14:58:56+00:00","dateModified":"2024-03-31T15:44:57+00:00","breadcrumb":{"@id":"https:\/\/www.kblperformances.com\/index.php\/identifiez-votre-capital-competences\/#breadcrumb"},"inLanguage":"fr-FR","potentialAction":[{"@type":"ReadAction","target":["https:\/\/www.kblperformances.com\/index.php\/identifiez-votre-capital-competences\/"]}]},{"@type":"BreadcrumbList","@id":"https:\/\/www.kblperformances.com\/index.php\/identifiez-votre-capital-competences\/#breadcrumb","itemListElement":[{"@type":"ListItem","position":1,"name":"Accueil","item":"https:\/\/www.kblperformances.com\/"},{"@type":"ListItem","position":2,"name":"Identifiez Votre Capital Comp\u00e9tences"}]},{"@type":"WebSite","@id":"https:\/\/www.kblperformances.com\/#website","url":"https:\/\/www.kblperformances.com\/","name":"KBL Performances","description":"Les formations au service de vos performances","publisher":{"@id":"https:\/\/www.kblperformances.com\/#organization"},"potentialAction":[{"@type":"SearchAction","target":{"@type":"EntryPoint","urlTemplate":"https:\/\/www.kblperformances.com\/?s={search_term_string}"},"query-input":"required name=search_term_string"}],"inLanguage":"fr-FR"},{"@type":"Organization","@id":"https:\/\/www.kblperformances.com\/#organization","name":"KBL Performances","url":"https:\/\/www.kblperformances.com\/","logo":{"@type":"ImageObject","inLanguage":"fr-FR","@id":"https:\/\/www.kblperformances.com\/#\/schema\/logo\/image\/","url":"https:\/\/www.kblperformances.com\/wp-content\/uploads\/2023\/07\/cropped-cropped-logo-KBL-Performances-1-e1694000173139.png","contentUrl":"https:\/\/www.kblperformances.com\/wp-content\/uploads\/2023\/07\/cropped-cropped-logo-KBL-Performances-1-e1694000173139.png","width":362,"height":483,"caption":"KBL Performances"},"image":{"@id":"https:\/\/www.kblperformances.com\/#\/schema\/logo\/image\/"},"sameAs":["https:\/\/www.linkedin.com\/in\/karen-berlan-lherbette\/"]}]}},"_links":{"self":[{"href":"https:\/\/www.kblperformances.com\/index.php\/wp-json\/wp\/v2\/pages\/681","targetHints":{"allow":["GET"]}}],"collection":[{"href":"https:\/\/www.kblperformances.com\/index.php\/wp-json\/wp\/v2\/pages"}],"about":[{"href":"https:\/\/www.kblperformances.com\/index.php\/wp-json\/wp\/v2\/types\/page"}],"author":[{"embeddable":true,"href":"https:\/\/www.kblperformances.com\/index.php\/wp-json\/wp\/v2\/users\/1"}],"replies":[{"embeddable":true,"href":"https:\/\/www.kblperformances.com\/index.php\/wp-json\/wp\/v2\/comments?post=681"}],"version-history":[{"count":38,"href":"https:\/\/www.kblperformances.com\/index.php\/wp-json\/wp\/v2\/pages\/681\/revisions"}],"predecessor-version":[{"id":1197,"href":"https:\/\/www.kblperformances.com\/index.php\/wp-json\/wp\/v2\/pages\/681\/revisions\/1197"}],"wp:attachment":[{"href":"https:\/\/www.kblperformances.com\/index.php\/wp-json\/wp\/v2\/media?parent=681"}],"curies":[{"name":"wp","href":"https:\/\/api.w.org\/{rel}","templated":true}]}}