{"id":716,"date":"2023-09-08T19:10:51","date_gmt":"2023-09-08T17:10:51","guid":{"rendered":"https:\/\/kblperformances.com\/?page_id=716"},"modified":"2024-03-31T17:41:05","modified_gmt":"2024-03-31T15:41:05","slug":"trouvez-votre-ikigai","status":"publish","type":"page","link":"https:\/\/www.kblperformances.com\/index.php\/trouvez-votre-ikigai\/","title":{"rendered":"Trouvez votre IKIGA\u00cf"},"content":{"rendered":"\t\t<div data-elementor-type=\"wp-page\" data-elementor-id=\"716\" class=\"elementor elementor-716\">\n\t\t\t\t\t\t<section class=\"elementor-section elementor-top-section elementor-element elementor-element-4b634aa elementor-section-boxed elementor-section-height-default elementor-section-height-default\" data-id=\"4b634aa\" data-element_type=\"section\" data-e-type=\"section\">\n\t\t\t\t\t\t<div class=\"elementor-container elementor-column-gap-default\">\n\t\t\t\t\t<div class=\"elementor-column elementor-col-100 elementor-top-column elementor-element elementor-element-8eb22dd\" data-id=\"8eb22dd\" data-element_type=\"column\" data-e-type=\"column\">\n\t\t\t<div class=\"elementor-widget-wrap elementor-element-populated\">\n\t\t\t\t\t\t<div class=\"elementor-element elementor-element-bf77752 elementor-widget elementor-widget-heading\" data-id=\"bf77752\" data-element_type=\"widget\" data-e-type=\"widget\" data-widget_type=\"heading.default\">\n\t\t\t\t<div class=\"elementor-widget-container\">\n\t\t\t\t\t<h2 class=\"elementor-heading-title elementor-size-default\">Atelier Trouvez Votre IKIGA\u00cf<\/h2>\t\t\t\t<\/div>\n\t\t\t\t<\/div>\n\t\t\t\t\t<\/div>\n\t\t<\/div>\n\t\t\t\t\t<\/div>\n\t\t<\/section>\n\t\t\t\t<section class=\"elementor-section elementor-top-section elementor-element elementor-element-1b16a79 elementor-section-boxed elementor-section-height-default elementor-section-height-default\" data-id=\"1b16a79\" data-element_type=\"section\" data-e-type=\"section\">\n\t\t\t\t\t\t<div class=\"elementor-container elementor-column-gap-default\">\n\t\t\t\t\t<div class=\"elementor-column elementor-col-100 elementor-top-column elementor-element elementor-element-afa61bb\" data-id=\"afa61bb\" data-element_type=\"column\" data-e-type=\"column\">\n\t\t\t<div class=\"elementor-widget-wrap elementor-element-populated\">\n\t\t\t\t\t\t<div class=\"elementor-element elementor-element-f94bb7f elementor-widget elementor-widget-text-editor\" data-id=\"f94bb7f\" data-element_type=\"widget\" data-e-type=\"widget\" data-widget_type=\"text-editor.default\">\n\t\t\t\t<div class=\"elementor-widget-container\">\n\t\t\t\t\t\t\t\t\t<p>IKIGA\u00cf : Le terme n&rsquo;a pas d&rsquo;\u00e9quivalent en fran\u00e7ais, mais il peut se traduire par \u00ab raison d&rsquo;\u00eatre \u00bb et \u00ab joie de vivre \u00bb.<\/p><p>En somme,<strong> l&rsquo;ikigai, c&rsquo;est ce qui fait sens dans la vie d&rsquo;une personne.<\/strong> <\/p>\t\t\t\t\t\t\t\t<\/div>\n\t\t\t\t<\/div>\n\t\t\t\t\t<\/div>\n\t\t<\/div>\n\t\t\t\t\t<\/div>\n\t\t<\/section>\n\t\t\t\t<section class=\"elementor-section elementor-top-section elementor-element elementor-element-2c5933d elementor-section-boxed elementor-section-height-default elementor-section-height-default\" data-id=\"2c5933d\" data-element_type=\"section\" data-e-type=\"section\">\n\t\t\t\t\t\t<div class=\"elementor-container elementor-column-gap-default\">\n\t\t\t\t\t<div class=\"elementor-column elementor-col-100 elementor-top-column elementor-element elementor-element-2f84d68\" data-id=\"2f84d68\" data-element_type=\"column\" data-e-type=\"column\">\n\t\t\t<div class=\"elementor-widget-wrap elementor-element-populated\">\n\t\t\t\t\t\t<div class=\"elementor-element elementor-element-6d790ad elementor-widget elementor-widget-text-editor\" data-id=\"6d790ad\" data-element_type=\"widget\" data-e-type=\"widget\" data-widget_type=\"text-editor.default\">\n\t\t\t\t<div class=\"elementor-widget-container\">\n\t\t\t\t\t\t\t\t\t<p>KBL Performances vous propose dans cet atelier de d\u00e9couvrir en 4 heures chrono ce concept japonais de l&rsquo;Ikiga\u00ef et d&rsquo;initier votre r\u00e9flexion personnelle sur ses diff\u00e9rentes dimensions.\u00a0<\/p>\t\t\t\t\t\t\t\t<\/div>\n\t\t\t\t<\/div>\n\t\t\t\t\t<\/div>\n\t\t<\/div>\n\t\t\t\t\t<\/div>\n\t\t<\/section>\n\t\t\t\t<section class=\"elementor-section elementor-top-section elementor-element elementor-element-feb4cea elementor-section-boxed elementor-section-height-default elementor-section-height-default\" data-id=\"feb4cea\" data-element_type=\"section\" data-e-type=\"section\">\n\t\t\t\t\t\t<div class=\"elementor-container elementor-column-gap-default\">\n\t\t\t\t\t<div class=\"elementor-column elementor-col-100 elementor-top-column elementor-element elementor-element-712dace\" data-id=\"712dace\" data-element_type=\"column\" data-e-type=\"column\">\n\t\t\t<div class=\"elementor-widget-wrap elementor-element-populated\">\n\t\t\t\t\t\t<div class=\"elementor-element elementor-element-5e18642 elementor-widget elementor-widget-text-editor\" data-id=\"5e18642\" data-element_type=\"widget\" data-e-type=\"widget\" data-widget_type=\"text-editor.default\">\n\t\t\t\t<div class=\"elementor-widget-container\">\n\t\t\t\t\t\t\t\t\t<p><strong>L\u2019Ikigai<span class=\"\">\u00a0est \u00e0 la port\u00e9 de tous et peut vous apporter, au mieux des r\u00e9ponses, mais au minimum des pistes de r\u00e9flexion \u00e0 explorer.<\/span><\/strong><\/p>\t\t\t\t\t\t\t\t<\/div>\n\t\t\t\t<\/div>\n\t\t\t\t\t<\/div>\n\t\t<\/div>\n\t\t\t\t\t<\/div>\n\t\t<\/section>\n\t\t\t\t<section class=\"elementor-section elementor-top-section elementor-element elementor-element-6248a41 elementor-section-boxed elementor-section-height-default elementor-section-height-default\" data-id=\"6248a41\" data-element_type=\"section\" data-e-type=\"section\">\n\t\t\t\t\t\t<div class=\"elementor-container elementor-column-gap-default\">\n\t\t\t\t\t<div class=\"elementor-column elementor-col-100 elementor-top-column elementor-element elementor-element-e63c62c\" data-id=\"e63c62c\" data-element_type=\"column\" data-e-type=\"column\">\n\t\t\t<div class=\"elementor-widget-wrap elementor-element-populated\">\n\t\t\t\t\t\t<div class=\"elementor-element elementor-element-e1d5541 elementor-widget elementor-widget-text-editor\" data-id=\"e1d5541\" data-element_type=\"widget\" data-e-type=\"widget\" data-widget_type=\"text-editor.default\">\n\t\t\t\t<div class=\"elementor-widget-container\">\n\t\t\t\t\t\t\t\t\t<p>Il est 7 h, le r\u00e9veil sonne. C\u2019est l\u2019heure de se lever. Mais savez-vous vraiment pourquoi ? Avez-vous trouv\u00e9 le moteur de votre vie, qui vous donne l\u2019\u00e9nergie n\u00e9cessaire pour attaquer la journ\u00e9e et progresser un peu plus chaque jour vers vos r\u00eaves ?<\/p><p>Au Japon, c\u2019est ce qu\u2019on appelle l\u2019ikiga\u00ef.<\/p><p>Trouver du sens \u00e0 sa vie&#8230; Certains ont la r\u00e9ponse d\u00e8s la petite enfance, d\u2019autres ont un d\u00e9clic sur le tard.<\/p><p>\u00a0<\/p><p>Il existe plusieurs moyens pour arriver \u00e0 mieux se conna\u00eetre et savoir quelle direction donner \u00e0 sa vie pour la faire correspondre \u00e0 ses aspirations.<\/p><p>L&rsquo;Ikiga\u00ef est l&rsquo;une des m\u00e9thodes qui permettent de RENOUER AVEC SA MOTIVATION.<\/p><p>Se pencher sur son Ikiga\u00ef pour remettre ses sentiments d\u2019impuissance ou de d\u00e9couragement en question, cela peut \u00eatre vraiment salutaire !<\/p><p>Cette m\u00e9thode permet en effet d\u2019identifier ou d\u2019approfondir les ressorts de la motivation personnelle, du sens et de l\u2019engagement au travail comme dans sa vie personnelle.<\/p><p>\u00a0<\/p>\t\t\t\t\t\t\t\t<\/div>\n\t\t\t\t<\/div>\n\t\t\t\t\t<\/div>\n\t\t<\/div>\n\t\t\t\t\t<\/div>\n\t\t<\/section>\n\t\t\t\t<section class=\"elementor-section elementor-top-section elementor-element elementor-element-607ccc0 elementor-section-boxed elementor-section-height-default elementor-section-height-default\" data-id=\"607ccc0\" data-element_type=\"section\" data-e-type=\"section\">\n\t\t\t\t\t\t<div class=\"elementor-container elementor-column-gap-default\">\n\t\t\t\t\t<div class=\"elementor-column elementor-col-100 elementor-top-column elementor-element elementor-element-d7add53\" data-id=\"d7add53\" data-element_type=\"column\" data-e-type=\"column\">\n\t\t\t<div class=\"elementor-widget-wrap elementor-element-populated\">\n\t\t\t\t\t\t<div class=\"elementor-element elementor-element-8913298 elementor-button-info elementor-align-center elementor-widget elementor-widget-button\" data-id=\"8913298\" data-element_type=\"widget\" data-e-type=\"widget\" data-widget_type=\"button.default\">\n\t\t\t\t<div class=\"elementor-widget-container\">\n\t\t\t\t\t\t\t\t\t<div class=\"elementor-button-wrapper\">\n\t\t\t\t\t<a class=\"elementor-button elementor-button-link elementor-size-md\" href=\"https:\/\/www.kblperformances.com\/wp-content\/uploads\/2024\/03\/KBL-PERFORMANCES-BROCHURE-ATELIER-IKIGAI-1.pdf\">\n\t\t\t\t\t\t<span class=\"elementor-button-content-wrapper\">\n\t\t\t\t\t\t<span class=\"elementor-button-icon\">\n\t\t\t\t<i aria-hidden=\"true\" class=\"fas fa-paperclip\"><\/i>\t\t\t<\/span>\n\t\t\t\t\t\t\t\t\t<span class=\"elementor-button-text\">Infos compl\u00e8tes ici<\/span>\n\t\t\t\t\t<\/span>\n\t\t\t\t\t<\/a>\n\t\t\t\t<\/div>\n\t\t\t\t\t\t\t\t<\/div>\n\t\t\t\t<\/div>\n\t\t\t\t\t<\/div>\n\t\t<\/div>\n\t\t\t\t\t<\/div>\n\t\t<\/section>\n\t\t\t\t<\/div>\n\t\t","protected":false},"excerpt":{"rendered":"<p>Atelier Trouvez Votre IKIGA\u00cf IKIGA\u00cf : Le terme n&rsquo;a pas d&rsquo;\u00e9quivalent en fran\u00e7ais, mais il peut se traduire par \u00ab raison d&rsquo;\u00eatre \u00bb et \u00ab joie de vivre \u00bb. En somme, l&rsquo;ikigai, c&rsquo;est ce qui fait sens dans la vie d&rsquo;une personne. KBL Performances vous propose dans cet atelier de d\u00e9couvrir en 4 heures chrono [&hellip;]<\/p>\n","protected":false},"author":1,"featured_media":0,"parent":0,"menu_order":0,"comment_status":"closed","ping_status":"closed","template":"","meta":{"hide_page_title":"","footnotes":""},"class_list":["post-716","page","type-page","status-publish","hentry"],"yoast_head":"<!-- This site is optimized with the Yoast SEO plugin v21.2 - https:\/\/yoast.com\/wordpress\/plugins\/seo\/ -->\n<title>Trouvez votre IKIGA\u00cf - KBL Performances<\/title>\n<meta name=\"robots\" content=\"index, follow, max-snippet:-1, max-image-preview:large, max-video-preview:-1\" \/>\n<link rel=\"canonical\" href=\"https:\/\/www.kblperformances.com\/index.php\/trouvez-votre-ikigai\/\" \/>\n<meta property=\"og:locale\" content=\"fr_FR\" \/>\n<meta property=\"og:type\" content=\"article\" \/>\n<meta property=\"og:title\" content=\"Trouvez votre IKIGA\u00cf - KBL Performances\" \/>\n<meta property=\"og:description\" content=\"Atelier Trouvez Votre IKIGA\u00cf IKIGA\u00cf : Le terme n&rsquo;a pas d&rsquo;\u00e9quivalent en fran\u00e7ais, mais il peut se traduire par \u00ab raison d&rsquo;\u00eatre \u00bb et \u00ab joie de vivre \u00bb. En somme, l&rsquo;ikigai, c&rsquo;est ce qui fait sens dans la vie d&rsquo;une personne. KBL Performances vous propose dans cet atelier de d\u00e9couvrir en 4 heures chrono [&hellip;]\" \/>\n<meta property=\"og:url\" content=\"https:\/\/www.kblperformances.com\/index.php\/trouvez-votre-ikigai\/\" \/>\n<meta property=\"og:site_name\" content=\"KBL Performances\" \/>\n<meta property=\"article:modified_time\" content=\"2024-03-31T15:41:05+00:00\" \/>\n<meta name=\"twitter:card\" content=\"summary_large_image\" \/>\n<meta name=\"twitter:label1\" content=\"Dur\u00e9e de lecture estim\u00e9e\" \/>\n\t<meta name=\"twitter:data1\" content=\"2 minutes\" \/>\n<script type=\"application\/ld+json\" class=\"yoast-schema-graph\">{\"@context\":\"https:\/\/schema.org\",\"@graph\":[{\"@type\":\"WebPage\",\"@id\":\"https:\/\/www.kblperformances.com\/index.php\/trouvez-votre-ikigai\/\",\"url\":\"https:\/\/www.kblperformances.com\/index.php\/trouvez-votre-ikigai\/\",\"name\":\"Trouvez votre IKIGA\u00cf - KBL Performances\",\"isPartOf\":{\"@id\":\"https:\/\/www.kblperformances.com\/#website\"},\"datePublished\":\"2023-09-08T17:10:51+00:00\",\"dateModified\":\"2024-03-31T15:41:05+00:00\",\"breadcrumb\":{\"@id\":\"https:\/\/www.kblperformances.com\/index.php\/trouvez-votre-ikigai\/#breadcrumb\"},\"inLanguage\":\"fr-FR\",\"potentialAction\":[{\"@type\":\"ReadAction\",\"target\":[\"https:\/\/www.kblperformances.com\/index.php\/trouvez-votre-ikigai\/\"]}]},{\"@type\":\"BreadcrumbList\",\"@id\":\"https:\/\/www.kblperformances.com\/index.php\/trouvez-votre-ikigai\/#breadcrumb\",\"itemListElement\":[{\"@type\":\"ListItem\",\"position\":1,\"name\":\"Accueil\",\"item\":\"https:\/\/www.kblperformances.com\/\"},{\"@type\":\"ListItem\",\"position\":2,\"name\":\"Trouvez votre IKIGA\u00cf\"}]},{\"@type\":\"WebSite\",\"@id\":\"https:\/\/www.kblperformances.com\/#website\",\"url\":\"https:\/\/www.kblperformances.com\/\",\"name\":\"KBL Performances\",\"description\":\"Les formations au service de vos performances\",\"publisher\":{\"@id\":\"https:\/\/www.kblperformances.com\/#organization\"},\"potentialAction\":[{\"@type\":\"SearchAction\",\"target\":{\"@type\":\"EntryPoint\",\"urlTemplate\":\"https:\/\/www.kblperformances.com\/?s={search_term_string}\"},\"query-input\":\"required name=search_term_string\"}],\"inLanguage\":\"fr-FR\"},{\"@type\":\"Organization\",\"@id\":\"https:\/\/www.kblperformances.com\/#organization\",\"name\":\"KBL Performances\",\"url\":\"https:\/\/www.kblperformances.com\/\",\"logo\":{\"@type\":\"ImageObject\",\"inLanguage\":\"fr-FR\",\"@id\":\"https:\/\/www.kblperformances.com\/#\/schema\/logo\/image\/\",\"url\":\"https:\/\/www.kblperformances.com\/wp-content\/uploads\/2023\/07\/cropped-cropped-logo-KBL-Performances-1-e1694000173139.png\",\"contentUrl\":\"https:\/\/www.kblperformances.com\/wp-content\/uploads\/2023\/07\/cropped-cropped-logo-KBL-Performances-1-e1694000173139.png\",\"width\":362,\"height\":483,\"caption\":\"KBL Performances\"},\"image\":{\"@id\":\"https:\/\/www.kblperformances.com\/#\/schema\/logo\/image\/\"},\"sameAs\":[\"https:\/\/www.linkedin.com\/in\/karen-berlan-lherbette\/\"]}]}<\/script>\n<!-- \/ Yoast SEO plugin. -->","yoast_head_json":{"title":"Trouvez votre IKIGA\u00cf - KBL Performances","robots":{"index":"index","follow":"follow","max-snippet":"max-snippet:-1","max-image-preview":"max-image-preview:large","max-video-preview":"max-video-preview:-1"},"canonical":"https:\/\/www.kblperformances.com\/index.php\/trouvez-votre-ikigai\/","og_locale":"fr_FR","og_type":"article","og_title":"Trouvez votre IKIGA\u00cf - KBL Performances","og_description":"Atelier Trouvez Votre IKIGA\u00cf IKIGA\u00cf : Le terme n&rsquo;a pas d&rsquo;\u00e9quivalent en fran\u00e7ais, mais il peut se traduire par \u00ab raison d&rsquo;\u00eatre \u00bb et \u00ab joie de vivre \u00bb. En somme, l&rsquo;ikigai, c&rsquo;est ce qui fait sens dans la vie d&rsquo;une personne. KBL Performances vous propose dans cet atelier de d\u00e9couvrir en 4 heures chrono [&hellip;]","og_url":"https:\/\/www.kblperformances.com\/index.php\/trouvez-votre-ikigai\/","og_site_name":"KBL Performances","article_modified_time":"2024-03-31T15:41:05+00:00","twitter_card":"summary_large_image","twitter_misc":{"Dur\u00e9e de lecture estim\u00e9e":"2 minutes"},"schema":{"@context":"https:\/\/schema.org","@graph":[{"@type":"WebPage","@id":"https:\/\/www.kblperformances.com\/index.php\/trouvez-votre-ikigai\/","url":"https:\/\/www.kblperformances.com\/index.php\/trouvez-votre-ikigai\/","name":"Trouvez votre IKIGA\u00cf - KBL Performances","isPartOf":{"@id":"https:\/\/www.kblperformances.com\/#website"},"datePublished":"2023-09-08T17:10:51+00:00","dateModified":"2024-03-31T15:41:05+00:00","breadcrumb":{"@id":"https:\/\/www.kblperformances.com\/index.php\/trouvez-votre-ikigai\/#breadcrumb"},"inLanguage":"fr-FR","potentialAction":[{"@type":"ReadAction","target":["https:\/\/www.kblperformances.com\/index.php\/trouvez-votre-ikigai\/"]}]},{"@type":"BreadcrumbList","@id":"https:\/\/www.kblperformances.com\/index.php\/trouvez-votre-ikigai\/#breadcrumb","itemListElement":[{"@type":"ListItem","position":1,"name":"Accueil","item":"https:\/\/www.kblperformances.com\/"},{"@type":"ListItem","position":2,"name":"Trouvez votre IKIGA\u00cf"}]},{"@type":"WebSite","@id":"https:\/\/www.kblperformances.com\/#website","url":"https:\/\/www.kblperformances.com\/","name":"KBL Performances","description":"Les formations au service de vos performances","publisher":{"@id":"https:\/\/www.kblperformances.com\/#organization"},"potentialAction":[{"@type":"SearchAction","target":{"@type":"EntryPoint","urlTemplate":"https:\/\/www.kblperformances.com\/?s={search_term_string}"},"query-input":"required name=search_term_string"}],"inLanguage":"fr-FR"},{"@type":"Organization","@id":"https:\/\/www.kblperformances.com\/#organization","name":"KBL Performances","url":"https:\/\/www.kblperformances.com\/","logo":{"@type":"ImageObject","inLanguage":"fr-FR","@id":"https:\/\/www.kblperformances.com\/#\/schema\/logo\/image\/","url":"https:\/\/www.kblperformances.com\/wp-content\/uploads\/2023\/07\/cropped-cropped-logo-KBL-Performances-1-e1694000173139.png","contentUrl":"https:\/\/www.kblperformances.com\/wp-content\/uploads\/2023\/07\/cropped-cropped-logo-KBL-Performances-1-e1694000173139.png","width":362,"height":483,"caption":"KBL Performances"},"image":{"@id":"https:\/\/www.kblperformances.com\/#\/schema\/logo\/image\/"},"sameAs":["https:\/\/www.linkedin.com\/in\/karen-berlan-lherbette\/"]}]}},"_links":{"self":[{"href":"https:\/\/www.kblperformances.com\/index.php\/wp-json\/wp\/v2\/pages\/716","targetHints":{"allow":["GET"]}}],"collection":[{"href":"https:\/\/www.kblperformances.com\/index.php\/wp-json\/wp\/v2\/pages"}],"about":[{"href":"https:\/\/www.kblperformances.com\/index.php\/wp-json\/wp\/v2\/types\/page"}],"author":[{"embeddable":true,"href":"https:\/\/www.kblperformances.com\/index.php\/wp-json\/wp\/v2\/users\/1"}],"replies":[{"embeddable":true,"href":"https:\/\/www.kblperformances.com\/index.php\/wp-json\/wp\/v2\/comments?post=716"}],"version-history":[{"count":38,"href":"https:\/\/www.kblperformances.com\/index.php\/wp-json\/wp\/v2\/pages\/716\/revisions"}],"predecessor-version":[{"id":1179,"href":"https:\/\/www.kblperformances.com\/index.php\/wp-json\/wp\/v2\/pages\/716\/revisions\/1179"}],"wp:attachment":[{"href":"https:\/\/www.kblperformances.com\/index.php\/wp-json\/wp\/v2\/media?parent=716"}],"curies":[{"name":"wp","href":"https:\/\/api.w.org\/{rel}","templated":true}]}}