{"id":828,"date":"2023-09-24T14:12:28","date_gmt":"2023-09-24T12:12:28","guid":{"rendered":"https:\/\/kblperformances.com\/?page_id=828"},"modified":"2024-02-05T09:48:20","modified_gmt":"2024-02-05T08:48:20","slug":"mentions-legales","status":"publish","type":"page","link":"https:\/\/www.kblperformances.com\/index.php\/mentions-legales\/","title":{"rendered":"Mentions l\u00e9gales"},"content":{"rendered":"\t\t<div data-elementor-type=\"wp-page\" data-elementor-id=\"828\" class=\"elementor elementor-828\">\n\t\t\t\t\t\t<section class=\"elementor-section elementor-top-section elementor-element elementor-element-43ec57f elementor-section-boxed elementor-section-height-default elementor-section-height-default\" data-id=\"43ec57f\" data-element_type=\"section\" data-e-type=\"section\">\n\t\t\t\t\t\t<div class=\"elementor-container elementor-column-gap-default\">\n\t\t\t\t\t<div class=\"elementor-column elementor-col-100 elementor-top-column elementor-element elementor-element-fd65f33\" data-id=\"fd65f33\" data-element_type=\"column\" data-e-type=\"column\">\n\t\t\t<div class=\"elementor-widget-wrap elementor-element-populated\">\n\t\t\t\t\t\t<div class=\"elementor-element elementor-element-92b2f0d elementor-widget elementor-widget-text-editor\" data-id=\"92b2f0d\" data-element_type=\"widget\" data-e-type=\"widget\" data-widget_type=\"text-editor.default\">\n\t\t\t\t<div class=\"elementor-widget-container\">\n\t\t\t\t\t\t\t\t\t<header class=\"page-header\"><h1 class=\"entry-title\">Mentions l\u00e9gales<\/h1><\/header><div class=\"page-content\"><div class=\"elementor elementor-3131\" data-elementor-type=\"wp-page\" data-elementor-id=\"3131\" data-elementor-post-type=\"page\"><section class=\"elementor-section elementor-top-section elementor-element elementor-element-183f4a89 elementor-section-boxed elementor-section-height-default elementor-section-height-default\" data-id=\"183f4a89\" data-element_type=\"section\"><div class=\"elementor-container elementor-column-gap-default\"><div class=\"elementor-column elementor-col-100 elementor-top-column elementor-element elementor-element-7c717053\" data-id=\"7c717053\" data-element_type=\"column\"><div class=\"elementor-widget-wrap elementor-element-populated\"><div class=\"elementor-element elementor-element-d127a8b elementor-widget elementor-widget-text-editor\" data-id=\"d127a8b\" data-element_type=\"widget\" data-widget_type=\"text-editor.default\"><div class=\"elementor-widget-container\"><h2><span id=\"lwptoc20\">1 \u2013 \u00c9dition du site<\/span><\/h2><p>En vertu de\u00a0<span style=\"color: #000000;\">l\u2019article 6 de la loi n\u00b0 2004-575 du 21 juin 2004<\/span>\u00a0pour la confiance dans l\u2019\u00e9conomie num\u00e9rique, il est pr\u00e9cis\u00e9 aux utilisateurs du site internet <strong><span class=\"ff_dynamic_value\" data-ref=\"url\" data-fallback=\"\">https:\/\/www.kblperformances.com<\/span><\/strong> l\u2019identit\u00e9 des diff\u00e9rents intervenants dans le cadre de sa r\u00e9alisation et de son suivi :<\/p><p><strong>Propri\u00e9taire du site : <\/strong><span class=\"ff_dynamic_value\" data-ref=\"nom_proprietaire\" data-fallback=\"\">KAREN BERLAN LHERBETTE<\/span> \u2013 Contact :\u00a0<span class=\"ff_dynamic_value\" data-ref=\"e_mail_contact\" data-fallback=\"\">contact@kblperformances.com<\/span> \u2013 T\u00e9l\u00e9phone :\u00a0<span class=\"ff_dynamic_value\" data-ref=\"telephone\" data-fallback=\"\">06 70 79 94 24<\/span> \u2013 Adresse : KBL Performances &#8211; 13B rue des Longrais &#8211; 35520 La Chapelle Des Fougeretz.<\/p><p><strong>Identification de l\u2019entreprise : <\/strong>SASU, soci\u00e9t\u00e9 par actions simplifi\u00e9e unipersonnelle KBL PERFORMANCES, au capital social de <span class=\"ff_dynamic_value\" data-ref=\"capital_social\" data-fallback=\"\">2500<\/span>\u20ac \u2013 SIREN :\u00a0978324911 \u2013 RCS\u00a0<span class=\"ff_dynamic_value\" data-ref=\"rcs\" data-fallback=\"\">Rennes B 978 324 911 &#8211; NDA <span data-reactid=\".0.4.1.1.0.0.0.0.0.0.1.0.2\">53 35 11935 35<\/span>.<br \/><\/span><\/p><p><strong>Directrice de la publication : <\/strong><span class=\"ff_dynamic_value\" data-ref=\"nom_proprietaire\" data-fallback=\"\">KAREN BERLAN LHERBETTE<\/span> \u2013 Contact : <span class=\"ff_dynamic_value\" data-ref=\"contact_directeur\" data-fallback=\"\">contact@kblperformances.com<\/span><\/p><p><strong>H\u00e9bergeur :<\/strong> <span class=\"ff_dynamic_value\" data-ref=\"nom_hebergeur\" data-fallback=\"\">OVH <\/span><span class=\"ff_dynamic_value\" data-ref=\"adresse_hebergeur\" data-fallback=\"\">\u2013 2 rue Kellermann 59100 Roubaix 1007<\/span><\/p><p><strong>D\u00e9l\u00e9gu\u00e9e \u00e0 la protection des donn\u00e9es : <\/strong><span class=\"ff_dynamic_value\" data-ref=\"directeur_publication\" data-fallback=\"\">KAREN BERLAN LHERBETTE<\/span> \u2013 Contact :\u00a0<span class=\"ff_dynamic_value\" data-ref=\"contact_directeur\" data-fallback=\"\">contact@kblperformances.com<\/span><\/p><h2><span id=\"lwptoc21\">2 \u2013 Propri\u00e9t\u00e9 intellectuelle et contrefa\u00e7ons.<\/span><\/h2><p><span class=\"ff_dynamic_value\" data-ref=\"nom_proprietaire\" data-fallback=\"\">KAREN BERLAN LHERBETTE<\/span> est propri\u00e9taire des droits de propri\u00e9t\u00e9 intellectuelle et d\u00e9tient les droits d\u2019usage sur tous les \u00e9l\u00e9ments accessibles sur le site internet, notamment les textes, images, graphismes, logos, vid\u00e9os, architecture, ic\u00f4nes et sons.<\/p><p>De nombreuses photos sont issues de\u00a0banques d\u2019images libres de droit. Nous prenons tr\u00e8s au s\u00e9rieux le respect des droits d\u2019auteur et vous encourageons \u00e0 respecter ces m\u00eames droits d\u2019auteur lorsque vous utilisez des photos issues de banques d\u2019images sur votre propre site internet ou tout autre support de communication. Il est tr\u00e8s important de lire les conditions d\u2019utilisation des banques d\u2019images avant utilisation.<\/p><p>Toute reproduction, repr\u00e9sentation, modification, publication, adaptation de tout ou partie des \u00e9l\u00e9ments du site, quel que soit le moyen ou le proc\u00e9d\u00e9 utilis\u00e9, est interdite, sauf autorisation \u00e9crite pr\u00e9alable de <span class=\"ff_dynamic_value\" data-ref=\"nom_proprietaire\" data-fallback=\"\">KAREN BERLAN LHERBETTE<\/span><span class=\"ff_dynamic_value\" data-ref=\"nom_proprietaire\" data-fallback=\"\">.<\/span><strong><span class=\"ff_dynamic_value\" data-ref=\"nom_proprietaire\" data-fallback=\"\"><br \/><\/span><\/strong><\/p><p>Toute exploitation non autoris\u00e9e du site ou de l\u2019un quelconque des \u00e9l\u00e9ments qu\u2019il contient sera consid\u00e9r\u00e9e comme constitutive d\u2019une contrefa\u00e7on et poursuivie conform\u00e9ment aux dispositions des articles\u00a0<span style=\"color: #000000;\"><a style=\"color: #000000;\" href=\"https:\/\/www.legifrance.gouv.fr\/affichCodeArticle.do?idArticle=LEGIARTI000032655082&amp;cidTexte=LEGITEXT000006069414&amp;dateTexte=20160605\" target=\"_blank\" rel=\"noreferrer nofollow noopener\">L.335-2 et suivants du Code de Propri\u00e9t\u00e9 Intellectuelle<\/a>.<\/span><\/p><h2><span id=\"lwptoc22\">3 \u2013 Limitations de responsabilit\u00e9.<\/span><\/h2><p><span class=\"ff_dynamic_value\" data-ref=\"nom_proprietaire\" data-fallback=\"\">KAREN BERLAN LHERBETTE<\/span>\u00a0ne pourra \u00eatre tenue pour responsable des dommages directs et indirects caus\u00e9s au mat\u00e9riel de l\u2019utilisateur, lors de l\u2019acc\u00e8s au site <strong><span class=\"ff_dynamic_value\" data-ref=\"url\" data-fallback=\"\">https:\/\/www.kblperformances.com<\/span><\/strong><\/p><p><span class=\"ff_dynamic_value\" data-ref=\"nom_proprietaire\" data-fallback=\"\">KAREN BERLAN LHERBETTE<\/span> d\u00e9cline toute responsabilit\u00e9 quant \u00e0 l\u2019utilisation qui pourrait \u00eatre faite des informations et contenus pr\u00e9sents sur <strong><span class=\"ff_dynamic_value\" data-ref=\"url\" data-fallback=\"\">https:\/\/www.kblperformances.com<\/span><\/strong><\/p><p><span class=\"ff_dynamic_value\" data-ref=\"nom_proprietaire\" data-fallback=\"\">KAREN BERLAN LHERBETTE<\/span> s\u2019engage \u00e0 s\u00e9curiser au mieux le site <strong><span class=\"ff_dynamic_value\" data-ref=\"url\" data-fallback=\"\">https:\/\/www.kblperformances.com<\/span><\/strong>, cependant sa responsabilit\u00e9 ne pourra \u00eatre mise en cause si des donn\u00e9es ind\u00e9sirables sont import\u00e9es et install\u00e9es sur son site \u00e0 son insu.<\/p><p>Des espaces interactifs (espace contact ou commentaires) sont \u00e0 la disposition des utilisateurs.\u00a0<span class=\"ff_dynamic_value\" data-ref=\"nom_proprietaire\" data-fallback=\"\">KAREN BERLAN LHERBETTE<\/span> se r\u00e9serve le droit de supprimer, sans mise en demeure pr\u00e9alable, tout contenu d\u00e9pos\u00e9 dans cet espace qui contreviendrait \u00e0 la l\u00e9gislation applicable en France, en particulier aux dispositions relatives \u00e0 la protection des donn\u00e9es.<\/p><p>Le cas \u00e9ch\u00e9ant, <span class=\"ff_dynamic_value\" data-ref=\"nom_proprietaire\" data-fallback=\"\">KAREN BERLAN LHERBETTE<\/span> se r\u00e9serve \u00e9galement la possibilit\u00e9 de mettre en cause la responsabilit\u00e9 civile et\/ou p\u00e9nale de l\u2019utilisateur, notamment en cas de message \u00e0 caract\u00e8re raciste, injurieux, diffamant, ou pornographique, quel que soit le support utilis\u00e9 (texte, photographie \u2026).<\/p><h2><span id=\"lwptoc23\">4 \u2013 Description des prestations fournies<br \/><\/span><\/h2><p>Le site internet <span style=\"color: #000000;\"><a style=\"color: #000000;\" href=\"https:\/\/www.kblperformances.com\">https:\/\/www.kblperformances.com<\/a><\/span> a pour objet de fournir une information concernant l\u2019ensemble des prestations propos\u00e9es et fournies par KAREN BERLAN LHERBETTE. <span style=\"color: #000000;\">https:\/\/www.kblperformances.com<\/span> s\u2019efforce de fournir sur le site <span style=\"color: #000000;\">https:\/\/www.kblperformances.com<\/span> des informations aussi pr\u00e9cises que possible.<\/p><p>Toutefois, il ne pourra \u00eatre tenu responsable des oublis, des inexactitudes et des carences dans la mise \u00e0 jour, qu\u2019elles soient de son fait ou du fait des tiers partenaires qui lui fournissent ces informations.<\/p><p>Toutes les informations indiqu\u00e9es sur le site https:\/\/www.kblperformances.com sont donn\u00e9es \u00e0 titre indicatif, et sont susceptibles d\u2019\u00e9voluer. Par ailleurs, les renseignements figurant sur le site https:\/\/www.kblperformances.com ne sont pas exhaustifs. Ils sont donn\u00e9s sous r\u00e9serve de modifications ayant \u00e9t\u00e9 apport\u00e9es depuis leur mise en ligne.<\/p><h2><span id=\"lwptoc23\">5 \u2013 CNIL et gestion des donn\u00e9es personnelles.<\/span><\/h2><p>Conform\u00e9ment aux dispositions de\u00a0<span style=\"color: #000000;\"><a style=\"color: #000000;\" href=\"https:\/\/www.legifrance.gouv.fr\/affichTexte.do?cidTexte=JORFTEXT000000886460\" target=\"_blank\" rel=\"noreferrer nofollow noopener\">la loi 78-17 du 6 janvier 1978 modifi\u00e9e<\/a>,<\/span> l\u2019utilisateur du site\u00a0https:\/\/www.kblperformances.com dispose d\u2019un droit d\u2019acc\u00e8s, de modification et de suppression des informations collect\u00e9es. Pour exercer ce droit, envoyez un message \u00e0 notre D\u00e9l\u00e9gu\u00e9 \u00e0 la Protection des Donn\u00e9es : <span class=\"ff_dynamic_value\" data-ref=\"dpo\" data-fallback=\"\">KAREN BERLAN LHERBETTE<\/span>\u00a0\u2013\u00a0<span class=\"ff_dynamic_value\" data-ref=\"contact_dpo\" data-fallback=\"\">contact@kblperformances.com<\/span>.<\/p><h2><span id=\"lwptoc24\">6 \u2013 Liens hypertextes et cookies<\/span><\/h2><p>Le site\u00a0https:\/\/www.kblperformances.com peut contenir des liens hypertextes vers d\u2019autres sites et d\u00e9gage toute responsabilit\u00e9 \u00e0 propos de ces liens externes ou des liens cr\u00e9\u00e9s par d\u2019autres sites vers\u00a0https:\/\/www.kblperformances.com.<\/p><p>La navigation sur le site\u00a0https:\/\/www.kblperformances.com est susceptible de provoquer l\u2019installation de cookie(s) sur l\u2019ordinateur de l\u2019utilisateur.<\/p><p>Un \u00ab\u00a0cookie\u00a0\u00bb est un fichier de petite taille qui enregistre des informations relatives \u00e0 la navigation d\u2019un utilisateur sur un site. Les donn\u00e9es ainsi obtenues permettent d\u2019obtenir des mesures de fr\u00e9quentation, par exemple.<\/p><p>Vous avez la possibilit\u00e9 d&rsquo;accepter ou de refuser les cookies en modifiant les param\u00e8tres de votre navigateur. Aucun cookie ne sera d\u00e9pos\u00e9 sans votre consentement.<\/p><p>Les cookies sont enregistr\u00e9s pour une dur\u00e9e maximale de\u00a0<span class=\"ff_dynamic_value\" data-ref=\"cookies\" data-fallback=\"\">12<\/span>\u00a0mois.<\/p><h2><span id=\"lwptoc25\">7 \u2013 Droit applicable et attribution de juridiction.<\/span><\/h2><p>Tout litige en relation avec l\u2019utilisation du site\u00a0<span style=\"color: #000000;\"><strong><span class=\"ff_dynamic_value\" data-ref=\"url\" data-fallback=\"\">https:\/\/www.kblperformances.com<\/span><\/strong><\/span> est soumis au droit fran\u00e7ais. En dehors des cas o\u00f9 la loi ne le permet pas, il est fait attribution exclusive de juridiction aux tribunaux comp\u00e9tents de Rennes.<b><br \/><\/b><\/p><\/div><\/div><\/div><\/div><\/div><\/section><\/div><\/div>\t\t\t\t\t\t\t\t<\/div>\n\t\t\t\t<\/div>\n\t\t\t\t\t<\/div>\n\t\t<\/div>\n\t\t\t\t\t<\/div>\n\t\t<\/section>\n\t\t\t\t<\/div>\n\t\t","protected":false},"excerpt":{"rendered":"<p>Mentions l\u00e9gales 1 \u2013 \u00c9dition du site En vertu de\u00a0l\u2019article 6 de la loi n\u00b0 2004-575 du 21 juin 2004\u00a0pour la confiance dans l\u2019\u00e9conomie num\u00e9rique, il est pr\u00e9cis\u00e9 aux utilisateurs du site internet https:\/\/www.kblperformances.com l\u2019identit\u00e9 des diff\u00e9rents intervenants dans le cadre de sa r\u00e9alisation et de son suivi : Propri\u00e9taire du site : KAREN BERLAN [&hellip;]<\/p>\n","protected":false},"author":1,"featured_media":0,"parent":0,"menu_order":0,"comment_status":"closed","ping_status":"closed","template":"","meta":{"hide_page_title":"","footnotes":""},"class_list":["post-828","page","type-page","status-publish","hentry"],"yoast_head":"<!-- This site is optimized with the Yoast SEO plugin v21.2 - https:\/\/yoast.com\/wordpress\/plugins\/seo\/ -->\n<title>Mentions l\u00e9gales - KBL Performances<\/title>\n<meta name=\"robots\" content=\"index, follow, max-snippet:-1, max-image-preview:large, max-video-preview:-1\" \/>\n<link rel=\"canonical\" href=\"https:\/\/www.kblperformances.com\/index.php\/mentions-legales\/\" \/>\n<meta property=\"og:locale\" content=\"fr_FR\" \/>\n<meta property=\"og:type\" content=\"article\" \/>\n<meta property=\"og:title\" content=\"Mentions l\u00e9gales - KBL Performances\" \/>\n<meta property=\"og:description\" content=\"Mentions l\u00e9gales 1 \u2013 \u00c9dition du site En vertu de\u00a0l\u2019article 6 de la loi n\u00b0 2004-575 du 21 juin 2004\u00a0pour la confiance dans l\u2019\u00e9conomie num\u00e9rique, il est pr\u00e9cis\u00e9 aux utilisateurs du site internet https:\/\/www.kblperformances.com l\u2019identit\u00e9 des diff\u00e9rents intervenants dans le cadre de sa r\u00e9alisation et de son suivi : Propri\u00e9taire du site : KAREN BERLAN [&hellip;]\" \/>\n<meta property=\"og:url\" content=\"https:\/\/www.kblperformances.com\/index.php\/mentions-legales\/\" \/>\n<meta property=\"og:site_name\" content=\"KBL Performances\" \/>\n<meta property=\"article:modified_time\" content=\"2024-02-05T08:48:20+00:00\" \/>\n<meta name=\"twitter:card\" content=\"summary_large_image\" \/>\n<meta name=\"twitter:label1\" content=\"Dur\u00e9e de lecture estim\u00e9e\" \/>\n\t<meta name=\"twitter:data1\" content=\"9 minutes\" \/>\n<script type=\"application\/ld+json\" class=\"yoast-schema-graph\">{\"@context\":\"https:\/\/schema.org\",\"@graph\":[{\"@type\":\"WebPage\",\"@id\":\"https:\/\/www.kblperformances.com\/index.php\/mentions-legales\/\",\"url\":\"https:\/\/www.kblperformances.com\/index.php\/mentions-legales\/\",\"name\":\"Mentions l\u00e9gales - KBL Performances\",\"isPartOf\":{\"@id\":\"https:\/\/www.kblperformances.com\/#website\"},\"datePublished\":\"2023-09-24T12:12:28+00:00\",\"dateModified\":\"2024-02-05T08:48:20+00:00\",\"breadcrumb\":{\"@id\":\"https:\/\/www.kblperformances.com\/index.php\/mentions-legales\/#breadcrumb\"},\"inLanguage\":\"fr-FR\",\"potentialAction\":[{\"@type\":\"ReadAction\",\"target\":[\"https:\/\/www.kblperformances.com\/index.php\/mentions-legales\/\"]}]},{\"@type\":\"BreadcrumbList\",\"@id\":\"https:\/\/www.kblperformances.com\/index.php\/mentions-legales\/#breadcrumb\",\"itemListElement\":[{\"@type\":\"ListItem\",\"position\":1,\"name\":\"Accueil\",\"item\":\"https:\/\/www.kblperformances.com\/\"},{\"@type\":\"ListItem\",\"position\":2,\"name\":\"Mentions l\u00e9gales\"}]},{\"@type\":\"WebSite\",\"@id\":\"https:\/\/www.kblperformances.com\/#website\",\"url\":\"https:\/\/www.kblperformances.com\/\",\"name\":\"KBL Performances\",\"description\":\"Les formations au service de vos performances\",\"publisher\":{\"@id\":\"https:\/\/www.kblperformances.com\/#organization\"},\"potentialAction\":[{\"@type\":\"SearchAction\",\"target\":{\"@type\":\"EntryPoint\",\"urlTemplate\":\"https:\/\/www.kblperformances.com\/?s={search_term_string}\"},\"query-input\":\"required name=search_term_string\"}],\"inLanguage\":\"fr-FR\"},{\"@type\":\"Organization\",\"@id\":\"https:\/\/www.kblperformances.com\/#organization\",\"name\":\"KBL Performances\",\"url\":\"https:\/\/www.kblperformances.com\/\",\"logo\":{\"@type\":\"ImageObject\",\"inLanguage\":\"fr-FR\",\"@id\":\"https:\/\/www.kblperformances.com\/#\/schema\/logo\/image\/\",\"url\":\"https:\/\/www.kblperformances.com\/wp-content\/uploads\/2023\/07\/cropped-cropped-logo-KBL-Performances-1-e1694000173139.png\",\"contentUrl\":\"https:\/\/www.kblperformances.com\/wp-content\/uploads\/2023\/07\/cropped-cropped-logo-KBL-Performances-1-e1694000173139.png\",\"width\":362,\"height\":483,\"caption\":\"KBL Performances\"},\"image\":{\"@id\":\"https:\/\/www.kblperformances.com\/#\/schema\/logo\/image\/\"},\"sameAs\":[\"https:\/\/www.linkedin.com\/in\/karen-berlan-lherbette\/\"]}]}<\/script>\n<!-- \/ Yoast SEO plugin. -->","yoast_head_json":{"title":"Mentions l\u00e9gales - KBL Performances","robots":{"index":"index","follow":"follow","max-snippet":"max-snippet:-1","max-image-preview":"max-image-preview:large","max-video-preview":"max-video-preview:-1"},"canonical":"https:\/\/www.kblperformances.com\/index.php\/mentions-legales\/","og_locale":"fr_FR","og_type":"article","og_title":"Mentions l\u00e9gales - KBL Performances","og_description":"Mentions l\u00e9gales 1 \u2013 \u00c9dition du site En vertu de\u00a0l\u2019article 6 de la loi n\u00b0 2004-575 du 21 juin 2004\u00a0pour la confiance dans l\u2019\u00e9conomie num\u00e9rique, il est pr\u00e9cis\u00e9 aux utilisateurs du site internet https:\/\/www.kblperformances.com l\u2019identit\u00e9 des diff\u00e9rents intervenants dans le cadre de sa r\u00e9alisation et de son suivi : Propri\u00e9taire du site : KAREN BERLAN [&hellip;]","og_url":"https:\/\/www.kblperformances.com\/index.php\/mentions-legales\/","og_site_name":"KBL Performances","article_modified_time":"2024-02-05T08:48:20+00:00","twitter_card":"summary_large_image","twitter_misc":{"Dur\u00e9e de lecture estim\u00e9e":"9 minutes"},"schema":{"@context":"https:\/\/schema.org","@graph":[{"@type":"WebPage","@id":"https:\/\/www.kblperformances.com\/index.php\/mentions-legales\/","url":"https:\/\/www.kblperformances.com\/index.php\/mentions-legales\/","name":"Mentions l\u00e9gales - KBL Performances","isPartOf":{"@id":"https:\/\/www.kblperformances.com\/#website"},"datePublished":"2023-09-24T12:12:28+00:00","dateModified":"2024-02-05T08:48:20+00:00","breadcrumb":{"@id":"https:\/\/www.kblperformances.com\/index.php\/mentions-legales\/#breadcrumb"},"inLanguage":"fr-FR","potentialAction":[{"@type":"ReadAction","target":["https:\/\/www.kblperformances.com\/index.php\/mentions-legales\/"]}]},{"@type":"BreadcrumbList","@id":"https:\/\/www.kblperformances.com\/index.php\/mentions-legales\/#breadcrumb","itemListElement":[{"@type":"ListItem","position":1,"name":"Accueil","item":"https:\/\/www.kblperformances.com\/"},{"@type":"ListItem","position":2,"name":"Mentions l\u00e9gales"}]},{"@type":"WebSite","@id":"https:\/\/www.kblperformances.com\/#website","url":"https:\/\/www.kblperformances.com\/","name":"KBL Performances","description":"Les formations au service de vos performances","publisher":{"@id":"https:\/\/www.kblperformances.com\/#organization"},"potentialAction":[{"@type":"SearchAction","target":{"@type":"EntryPoint","urlTemplate":"https:\/\/www.kblperformances.com\/?s={search_term_string}"},"query-input":"required name=search_term_string"}],"inLanguage":"fr-FR"},{"@type":"Organization","@id":"https:\/\/www.kblperformances.com\/#organization","name":"KBL Performances","url":"https:\/\/www.kblperformances.com\/","logo":{"@type":"ImageObject","inLanguage":"fr-FR","@id":"https:\/\/www.kblperformances.com\/#\/schema\/logo\/image\/","url":"https:\/\/www.kblperformances.com\/wp-content\/uploads\/2023\/07\/cropped-cropped-logo-KBL-Performances-1-e1694000173139.png","contentUrl":"https:\/\/www.kblperformances.com\/wp-content\/uploads\/2023\/07\/cropped-cropped-logo-KBL-Performances-1-e1694000173139.png","width":362,"height":483,"caption":"KBL Performances"},"image":{"@id":"https:\/\/www.kblperformances.com\/#\/schema\/logo\/image\/"},"sameAs":["https:\/\/www.linkedin.com\/in\/karen-berlan-lherbette\/"]}]}},"_links":{"self":[{"href":"https:\/\/www.kblperformances.com\/index.php\/wp-json\/wp\/v2\/pages\/828","targetHints":{"allow":["GET"]}}],"collection":[{"href":"https:\/\/www.kblperformances.com\/index.php\/wp-json\/wp\/v2\/pages"}],"about":[{"href":"https:\/\/www.kblperformances.com\/index.php\/wp-json\/wp\/v2\/types\/page"}],"author":[{"embeddable":true,"href":"https:\/\/www.kblperformances.com\/index.php\/wp-json\/wp\/v2\/users\/1"}],"replies":[{"embeddable":true,"href":"https:\/\/www.kblperformances.com\/index.php\/wp-json\/wp\/v2\/comments?post=828"}],"version-history":[{"count":20,"href":"https:\/\/www.kblperformances.com\/index.php\/wp-json\/wp\/v2\/pages\/828\/revisions"}],"predecessor-version":[{"id":1064,"href":"https:\/\/www.kblperformances.com\/index.php\/wp-json\/wp\/v2\/pages\/828\/revisions\/1064"}],"wp:attachment":[{"href":"https:\/\/www.kblperformances.com\/index.php\/wp-json\/wp\/v2\/media?parent=828"}],"curies":[{"name":"wp","href":"https:\/\/api.w.org\/{rel}","templated":true}]}}