{"id":992,"date":"2023-10-30T10:34:49","date_gmt":"2023-10-30T09:34:49","guid":{"rendered":"https:\/\/www.kblperformances.com\/?page_id=992"},"modified":"2024-11-29T16:11:10","modified_gmt":"2024-11-29T15:11:10","slug":"autres-formations-sur-mesure","status":"publish","type":"page","link":"https:\/\/www.kblperformances.com\/index.php\/autres-formations-sur-mesure\/","title":{"rendered":"Autres formations sur mesure"},"content":{"rendered":"\t\t<div data-elementor-type=\"wp-page\" data-elementor-id=\"992\" class=\"elementor elementor-992\">\n\t\t\t\t\t\t<section class=\"elementor-section elementor-top-section elementor-element elementor-element-d883aa9 elementor-section-boxed elementor-section-height-default elementor-section-height-default\" data-id=\"d883aa9\" data-element_type=\"section\" data-e-type=\"section\">\n\t\t\t\t\t\t<div class=\"elementor-container elementor-column-gap-default\">\n\t\t\t\t\t<div class=\"elementor-column elementor-col-100 elementor-top-column elementor-element elementor-element-880e447\" data-id=\"880e447\" data-element_type=\"column\" data-e-type=\"column\">\n\t\t\t<div class=\"elementor-widget-wrap elementor-element-populated\">\n\t\t\t\t\t\t<div class=\"elementor-element elementor-element-f9d96f2 elementor-widget elementor-widget-heading\" data-id=\"f9d96f2\" data-element_type=\"widget\" data-e-type=\"widget\" data-widget_type=\"heading.default\">\n\t\t\t\t<div class=\"elementor-widget-container\">\n\t\t\t\t\t<h2 class=\"elementor-heading-title elementor-size-default\">Autres formations sur mesure<\/h2>\t\t\t\t<\/div>\n\t\t\t\t<\/div>\n\t\t\t\t\t<\/div>\n\t\t<\/div>\n\t\t\t\t\t<\/div>\n\t\t<\/section>\n\t\t\t\t<section class=\"elementor-section elementor-top-section elementor-element elementor-element-af9a719 elementor-section-boxed elementor-section-height-default elementor-section-height-default\" data-id=\"af9a719\" data-element_type=\"section\" data-e-type=\"section\">\n\t\t\t\t\t\t<div class=\"elementor-container elementor-column-gap-default\">\n\t\t\t\t\t<div class=\"elementor-column elementor-col-100 elementor-top-column elementor-element elementor-element-32fcca2\" data-id=\"32fcca2\" data-element_type=\"column\" data-e-type=\"column\">\n\t\t\t<div class=\"elementor-widget-wrap elementor-element-populated\">\n\t\t\t\t\t\t<div class=\"elementor-element elementor-element-4d26305 elementor-widget elementor-widget-heading\" data-id=\"4d26305\" data-element_type=\"widget\" data-e-type=\"widget\" data-widget_type=\"heading.default\">\n\t\t\t\t<div class=\"elementor-widget-container\">\n\t\t\t\t\t<h2 class=\"elementor-heading-title elementor-size-default\">Formations sur mesure<\/h2>\t\t\t\t<\/div>\n\t\t\t\t<\/div>\n\t\t\t\t\t<\/div>\n\t\t<\/div>\n\t\t\t\t\t<\/div>\n\t\t<\/section>\n\t\t\t\t<section class=\"elementor-section elementor-top-section elementor-element elementor-element-780af3a elementor-section-boxed elementor-section-height-default elementor-section-height-default\" data-id=\"780af3a\" data-element_type=\"section\" data-e-type=\"section\">\n\t\t\t\t\t\t<div class=\"elementor-container elementor-column-gap-default\">\n\t\t\t\t\t<div class=\"elementor-column elementor-col-100 elementor-top-column elementor-element elementor-element-e10faaa\" data-id=\"e10faaa\" data-element_type=\"column\" data-e-type=\"column\">\n\t\t\t<div class=\"elementor-widget-wrap elementor-element-populated\">\n\t\t\t\t\t\t<div class=\"elementor-element elementor-element-8597dd9 elementor-widget elementor-widget-text-editor\" data-id=\"8597dd9\" data-element_type=\"widget\" data-e-type=\"widget\" data-widget_type=\"text-editor.default\">\n\t\t\t\t<div class=\"elementor-widget-container\">\n\t\t\t\t\t\t\t\t\t<p><strong>KBL Performances vous accompagne et coconstruit avec vous votre projet de formation.<\/strong><\/p><p><strong>Ensemble, nous d\u00e9finissons vos objectifs strat\u00e9giques et op\u00e9rationnels. <br \/><\/strong><\/p><p>Gr\u00e2ce \u00e0 ma riche exp\u00e9rience depuis plus de 20 ans acquise aupr\u00e8s des entreprises, je vous propose diff\u00e9rents sujets et probl\u00e9matiques qui rythment votre quotidien professionnel, auxquels j&rsquo;apporte des cl\u00e9s d&rsquo;actions, leviers de r\u00e9flexion et solutions.<\/p><p><strong>Les exemples ci-dessous de th\u00e8mes de formations peuvent-\u00eatre mutualis\u00e9s<\/strong> pour vous apporter des ressources et r\u00e9ponses compl\u00e8tes.<\/p><p>Chaque programme de formation KBL Performances est con\u00e7u sur-mesure et co-construit avec vous.<\/p><p><span style=\"color: #8400c6;\"><strong><img decoding=\"async\" class=\"alignnone wp-image-43\" src=\"https:\/\/www.kblperformances.com\/wp-content\/uploads\/2023\/07\/Loops_KBL-removebg-preview-300x300.png\" alt=\"\" width=\"30\" height=\"30\" \/>\u00a0 G\u00e9rer la performance et am\u00e9liorer l&rsquo;efficacit\u00e9 de vos collaborateurs<\/strong><\/span><\/p><p><em>Qu\u2019est-ce que la performance des collaborateurs ? \u00c0 quels facteurs les dirigeants doivent-ils pr\u00eater attention et que pouvez-vous faire pour donner \u00e0 vos collaborateurs les moyens de r\u00e9ussir ? C&rsquo;est ce que nous verrons ensemble dans cette formation.<br \/><\/em><\/p><p><span style=\"color: #8400c6;\"><strong><img decoding=\"async\" class=\"alignnone wp-image-43\" src=\"https:\/\/www.kblperformances.com\/wp-content\/uploads\/2023\/07\/Loops_KBL-removebg-preview-300x300.png\" alt=\"\" width=\"30\" height=\"30\" \/>\u00a0 Travailler efficacement en \u00e9quipe<\/strong><\/span><\/p><p><em>C&rsquo;est une comp\u00e9tence fondamentale\u00a0tr\u00e8s pris\u00e9e des employeurs, parce qu&rsquo;en fait, elle est rare !<\/em><\/p><p><strong><span style=\"color: #8400c6;\"><img decoding=\"async\" class=\"alignnone wp-image-43\" src=\"https:\/\/www.kblperformances.com\/wp-content\/uploads\/2023\/07\/Loops_KBL-removebg-preview-300x300.png\" alt=\"\" width=\"30\" height=\"30\" \/>\u00a0 R\u00e9v\u00e9ler votre style de Leadership<\/span><\/strong><\/p><p><em>Dans cette formation je vais vous faire d\u00e9couvrir les bonnes pratiques\u00a0et les\u00a0connaissances fondamentales\u00a0qui vous aideront \u00e0 d\u00e9velopper votre posture de leader.<\/em><\/p><p><span style=\"color: #8400c6;\"><strong><img decoding=\"async\" class=\"alignnone wp-image-43\" src=\"https:\/\/www.kblperformances.com\/wp-content\/uploads\/2023\/07\/Loops_KBL-removebg-preview-300x300.png\" alt=\"\" width=\"30\" height=\"30\" \/>\u00a0 Apprendre \u00e0 g\u00e9rer les conflits<\/strong><\/span><\/p><p><em>C&rsquo;est vrai que c&rsquo;est un sujet touchy, mais nous verrons ensemble qu&rsquo;il y a des techniques tr\u00e8s efficaces et que le bien-\u00eatre et la performance sont \u00e0 port\u00e9e de chacun, avec de la m\u00e9thode et un peu de pratique !\u00a0<\/em><\/p><p><span style=\"color: #8400c6;\"><strong><img decoding=\"async\" class=\"alignnone wp-image-43\" src=\"https:\/\/www.kblperformances.com\/wp-content\/uploads\/2023\/07\/Loops_KBL-removebg-preview-300x300.png\" alt=\"\" width=\"30\" height=\"30\" \/>\u00a0 D\u00e9velopper vos Soft Skills<\/strong><\/span><\/p><p><em>Vous avez d\u00e9j\u00e0 entendu parler des soft skills, aussi appel\u00e9es\u00a0comp\u00e9tences transversales\u00a0ou\u00a0comportementales\u00a0? Prise de d\u00e9cision, collaboration, intelligence \u00e9motionnelle, esprit critique, cr\u00e9ativit\u00e9, organisation, sens du service, ou encore communication&#8230; Les soft skills sont centrales pour\u00a0r\u00e9ussir \u00e0\u00a0s&rsquo;adapter\u00a0aux \u00e9volutions du monde professionnel, pour\u00a0interagir et travailler sereinement avec les autres, ou encore pour\u00a0r\u00e9soudre des probl\u00e8mes complexes. Elles sont utiles pour tous les m\u00e9tiers et ont de plus en plus de valeur sur le march\u00e9 du travail !<\/em><\/p><p><span style=\"color: #8400c6;\"><strong><img decoding=\"async\" class=\"alignnone wp-image-43\" src=\"https:\/\/www.kblperformances.com\/wp-content\/uploads\/2023\/07\/Loops_KBL-removebg-preview-300x300.png\" alt=\"\" width=\"30\" height=\"30\" \/>\u00a0 Prendre la parole en public<\/strong><\/span><\/p><p><em>Si vous avez envie d&rsquo;am\u00e9liorer l&rsquo;impact de vos prises de parole en public, de d\u00e9velopper votre charisme \u00e0 l&rsquo;oral, de combattre votre timidit\u00e9 et r\u00e9duire votre stress, d&rsquo;acqu\u00e9rir les comp\u00e9tences pour \u00eatre plus \u00e0 l&rsquo;aise devant les autres\u2026<\/em><\/p><p><em>Vous voulez rendre votre pr\u00e9sentation m\u00e9morable ? Contactez-nous pour cette formation, vous allez \u00e9pater votre auditoire !<\/em><\/p><p><strong><span style=\"color: #8400c6;\"><img decoding=\"async\" class=\"alignnone wp-image-43\" src=\"https:\/\/www.kblperformances.com\/wp-content\/uploads\/2023\/07\/Loops_KBL-removebg-preview-300x300.png\" alt=\"\" width=\"30\" height=\"30\" \/>\u00a0 G\u00e9rer votre temps efficacement pour \u00eatre plus performant au travail<\/span><\/strong><\/p><p><em>L&rsquo;objectif n&rsquo;est pas de faire de vous un bourreau de travail, mais de vous rendre plus efficace\u00a0!\u00a0<\/em><\/p><p><span style=\"color: #8400c6;\"><strong><img decoding=\"async\" class=\"alignnone wp-image-43\" src=\"https:\/\/www.kblperformances.com\/wp-content\/uploads\/2023\/07\/Loops_KBL-removebg-preview-300x300.png\" alt=\"\" width=\"30\" height=\"30\" \/>\u00a0 Animer un atelier\/une r\u00e9union<br \/><\/strong><\/span><\/p><p><em>Cette formation vous aidera \u00e0 mettre en place les bonnes pratiques pour g\u00e9rer un groupe de participants et lib\u00e9rer la parole et les id\u00e9es lors d&rsquo;un brainstorming.<\/em><\/p><p data-claire-element-id=\"31343612\"><span style=\"color: #8400c6;\"><strong><img decoding=\"async\" class=\"alignnone wp-image-43\" src=\"https:\/\/www.kblperformances.com\/wp-content\/uploads\/2023\/07\/Loops_KBL-removebg-preview-300x300.png\" alt=\"\" width=\"30\" height=\"30\" \/>\u00a0 D\u00e9velopper votre sens critique<\/strong><\/span><\/p><p id=\"r-7048021\" class=\"hoveredCourseElement\" data-claire-element-id=\"31343612\"><em>Quel que soit votre job, la qualit\u00e9 des relations professionnelles que vous construisez et la confiance que vous \u00e9tablissez avec vos interlocuteurs internes et externes sont des clefs principales de votre r\u00e9ussite\u2026 et du plaisir que vous prendrez \u00e0 exercer votre m\u00e9tier. Apprenez dans ce cours \u00e0\u00a0structurer votre bon sens\u00a0et \u00e0\u00a0ma\u00eetriser les subtilit\u00e9s\u00a0du sens du service.<\/em><\/p><p id=\"r-7048023\" class=\"\" data-claire-element-id=\"31151302\"><em>Dans cette formation, vous apprendrez \u00e0 conscientiser vos postures, \u00e0\u00a0analyser vos interlocuteurs\u00a0r\u00e9guliers pour approfondir vos relations ainsi qu\u2019\u00e0\u00a0g\u00e9rer des situations plus difficiles.<\/em><\/p><p><span style=\"color: #8400c6;\"><strong><img decoding=\"async\" class=\"alignnone wp-image-43\" src=\"https:\/\/www.kblperformances.com\/wp-content\/uploads\/2023\/07\/Loops_KBL-removebg-preview-300x300.png\" alt=\"\" width=\"30\" height=\"30\" \/>\u00a0 Travailler votre autonomie<\/strong><\/span><em><br \/><\/em><\/p><p id=\"r-5309666\" class=\"hoveredCourseElement\" data-claire-element-id=\"10655182\"><em>Que vous soyez \u00e9tudiant, salari\u00e9 ou freelance, vous \u00eates probablement touch\u00e9 par la question de\u00a0l&rsquo;autonomie au travail. Vous\u00a0revendiquez peut-\u00eatre plus d&rsquo;autonomie, ou alors votre environnement de travail vous impose d&rsquo;\u00eatre autonome&#8230; Si l&rsquo;autonomie est une valeur \u00e0 laquelle de plus en plus de personnes aspirent, c&rsquo;est souvent difficile de savoir comment progresser dans ce domaine !<\/em><\/p><p id=\"r-5471597\" class=\"\" data-claire-element-id=\"10653802\"><em>Dans cette formation vous apprendrez \u00e0 mieux vous situer dans votre besoin d&rsquo;autonomie. Vous d\u00e9couvrirez des techniques concr\u00e8tes pour fixer vos objectifs,\u00a0organiser votre\u00a0planning\u00a0et votre environnement de travail.<\/em><\/p><p id=\"r-5471616\" class=\"\" data-claire-element-id=\"10655183\"><em>Vous trouverez \u00e9galement des cl\u00e9s pour\u00a0d\u00e9finir les r\u00f4les dans une\u00a0\u00e9quipe, car travailler en autonomie ne signifie pas pour autant travailler seul !<\/em><\/p><p class=\"\" data-claire-element-id=\"10655183\"><em>\u00a0<\/em><\/p><p data-claire-element-id=\"10655183\"><strong><img decoding=\"async\" class=\"alignnone wp-image-43\" src=\"https:\/\/www.kblperformances.com\/wp-content\/uploads\/2023\/07\/Loops_KBL-removebg-preview-300x300.png\" alt=\"\" width=\"30\" height=\"30\" \/>\u00a0 Pour tout autre sujet de formation n&rsquo;h\u00e9sitez pas \u00e0\u00a0<a href=\"https:\/\/www.kblperformances.com\/index.php\/contact\/\" target=\"_blank\" rel=\"noopener\"><span style=\"text-decoration: underline; color: #52006b;\">me contacter<\/span><\/a> et nous \u00e9tudierons ensemble vos besoins.<br \/><\/strong><\/p><p data-claire-element-id=\"10655183\"><strong>\u00a0<\/strong><\/p>\t\t\t\t\t\t\t\t<\/div>\n\t\t\t\t<\/div>\n\t\t\t\t\t<\/div>\n\t\t<\/div>\n\t\t\t\t\t<\/div>\n\t\t<\/section>\n\t\t\t\t<section class=\"elementor-section elementor-top-section elementor-element elementor-element-c860c4a elementor-section-boxed elementor-section-height-default elementor-section-height-default\" data-id=\"c860c4a\" data-element_type=\"section\" data-e-type=\"section\">\n\t\t\t\t\t\t<div class=\"elementor-container elementor-column-gap-default\">\n\t\t\t\t\t<div class=\"elementor-column elementor-col-100 elementor-top-column elementor-element elementor-element-90019bf\" data-id=\"90019bf\" data-element_type=\"column\" data-e-type=\"column\">\n\t\t\t<div class=\"elementor-widget-wrap elementor-element-populated\">\n\t\t\t\t\t\t<div class=\"elementor-element elementor-element-588f135 elementor-widget elementor-widget-heading\" data-id=\"588f135\" data-element_type=\"widget\" data-e-type=\"widget\" data-widget_type=\"heading.default\">\n\t\t\t\t<div class=\"elementor-widget-container\">\n\t\t\t\t\t<h2 class=\"elementor-heading-title elementor-size-default\">KBL Performances vous accompagne aussi pour :<\/h2>\t\t\t\t<\/div>\n\t\t\t\t<\/div>\n\t\t\t\t\t<\/div>\n\t\t<\/div>\n\t\t\t\t\t<\/div>\n\t\t<\/section>\n\t\t\t\t<section class=\"elementor-section elementor-top-section elementor-element elementor-element-e0bd22d elementor-section-boxed elementor-section-height-default elementor-section-height-default\" data-id=\"e0bd22d\" data-element_type=\"section\" data-e-type=\"section\">\n\t\t\t\t\t\t<div class=\"elementor-container elementor-column-gap-default\">\n\t\t\t\t\t<div class=\"elementor-column elementor-col-100 elementor-top-column elementor-element elementor-element-60ed942\" data-id=\"60ed942\" data-element_type=\"column\" data-e-type=\"column\">\n\t\t\t<div class=\"elementor-widget-wrap elementor-element-populated\">\n\t\t\t\t\t\t<div class=\"elementor-element elementor-element-a920f86 elementor-widget elementor-widget-text-editor\" data-id=\"a920f86\" data-element_type=\"widget\" data-e-type=\"widget\" data-widget_type=\"text-editor.default\">\n\t\t\t\t<div class=\"elementor-widget-container\">\n\t\t\t\t\t\t\t\t\t<p><strong><img decoding=\"async\" class=\"alignnone wp-image-43\" src=\"https:\/\/www.kblperformances.com\/wp-content\/uploads\/2023\/07\/Loops_KBL-removebg-preview-300x300.png\" alt=\"\" width=\"30\" height=\"30\" \/>\u00a0 Effectuer votre Bilan de Comp\u00e9tences<\/strong><\/p><p><strong><img decoding=\"async\" class=\"alignnone wp-image-43\" src=\"https:\/\/www.kblperformances.com\/wp-content\/uploads\/2023\/07\/Loops_KBL-removebg-preview-300x300.png\" alt=\"\" width=\"30\" height=\"30\" \/>\u00a0 Construire votre projet professionnel<\/strong><\/p>\t\t\t\t\t\t\t\t<\/div>\n\t\t\t\t<\/div>\n\t\t\t\t\t<\/div>\n\t\t<\/div>\n\t\t\t\t\t<\/div>\n\t\t<\/section>\n\t\t\t\t<section class=\"elementor-section elementor-top-section elementor-element elementor-element-91f8231 elementor-section-boxed elementor-section-height-default elementor-section-height-default\" data-id=\"91f8231\" data-element_type=\"section\" data-e-type=\"section\">\n\t\t\t\t\t\t<div class=\"elementor-container elementor-column-gap-default\">\n\t\t\t\t\t<div class=\"elementor-column elementor-col-100 elementor-top-column elementor-element elementor-element-edc5364\" data-id=\"edc5364\" data-element_type=\"column\" data-e-type=\"column\">\n\t\t\t<div class=\"elementor-widget-wrap elementor-element-populated\">\n\t\t\t\t\t\t<div class=\"elementor-element elementor-element-5cb2533 elementor-align-center elementor-button-info elementor-widget elementor-widget-button\" data-id=\"5cb2533\" data-element_type=\"widget\" data-e-type=\"widget\" data-widget_type=\"button.default\">\n\t\t\t\t<div class=\"elementor-widget-container\">\n\t\t\t\t\t\t\t\t\t<div class=\"elementor-button-wrapper\">\n\t\t\t\t\t<a class=\"elementor-button elementor-button-link elementor-size-md\" href=\"https:\/\/www.kblperformances.com\/index.php\/contact\/\" target=\"_blank\">\n\t\t\t\t\t\t<span class=\"elementor-button-content-wrapper\">\n\t\t\t\t\t\t<span class=\"elementor-button-icon\">\n\t\t\t\t<i aria-hidden=\"true\" class=\"fas fa-paperclip\"><\/i>\t\t\t<\/span>\n\t\t\t\t\t\t\t\t\t<span class=\"elementor-button-text\"> Pour me contacter<\/span>\n\t\t\t\t\t<\/span>\n\t\t\t\t\t<\/a>\n\t\t\t\t<\/div>\n\t\t\t\t\t\t\t\t<\/div>\n\t\t\t\t<\/div>\n\t\t\t\t\t<\/div>\n\t\t<\/div>\n\t\t\t\t\t<\/div>\n\t\t<\/section>\n\t\t\t\t<\/div>\n\t\t","protected":false},"excerpt":{"rendered":"<p>Autres formations sur mesure Formations sur mesure KBL Performances vous accompagne et coconstruit avec vous votre projet de formation. Ensemble, nous d\u00e9finissons vos objectifs strat\u00e9giques et op\u00e9rationnels. Gr\u00e2ce \u00e0 ma riche exp\u00e9rience depuis plus de 20 ans acquise aupr\u00e8s des entreprises, je vous propose diff\u00e9rents sujets et probl\u00e9matiques qui rythment votre quotidien professionnel, auxquels j&rsquo;apporte [&hellip;]<\/p>\n","protected":false},"author":1,"featured_media":0,"parent":0,"menu_order":0,"comment_status":"closed","ping_status":"closed","template":"","meta":{"hide_page_title":"","footnotes":""},"class_list":["post-992","page","type-page","status-publish","hentry"],"yoast_head":"<!-- This site is optimized with the Yoast SEO plugin v21.2 - https:\/\/yoast.com\/wordpress\/plugins\/seo\/ -->\n<title>Autres formations sur mesure - KBL Performances<\/title>\n<meta name=\"robots\" content=\"index, follow, max-snippet:-1, max-image-preview:large, max-video-preview:-1\" \/>\n<link rel=\"canonical\" href=\"https:\/\/www.kblperformances.com\/index.php\/autres-formations-sur-mesure\/\" \/>\n<meta property=\"og:locale\" content=\"fr_FR\" \/>\n<meta property=\"og:type\" content=\"article\" \/>\n<meta property=\"og:title\" content=\"Autres formations sur mesure - KBL Performances\" \/>\n<meta property=\"og:description\" content=\"Autres formations sur mesure Formations sur mesure KBL Performances vous accompagne et coconstruit avec vous votre projet de formation. Ensemble, nous d\u00e9finissons vos objectifs strat\u00e9giques et op\u00e9rationnels. Gr\u00e2ce \u00e0 ma riche exp\u00e9rience depuis plus de 20 ans acquise aupr\u00e8s des entreprises, je vous propose diff\u00e9rents sujets et probl\u00e9matiques qui rythment votre quotidien professionnel, auxquels j&rsquo;apporte [&hellip;]\" \/>\n<meta property=\"og:url\" content=\"https:\/\/www.kblperformances.com\/index.php\/autres-formations-sur-mesure\/\" \/>\n<meta property=\"og:site_name\" content=\"KBL Performances\" \/>\n<meta property=\"article:modified_time\" content=\"2024-11-29T15:11:10+00:00\" \/>\n<meta property=\"og:image\" content=\"https:\/\/www.kblperformances.com\/wp-content\/uploads\/2023\/07\/Loops_KBL-removebg-preview-300x300.png\" \/>\n<meta name=\"twitter:card\" content=\"summary_large_image\" \/>\n<meta name=\"twitter:label1\" content=\"Dur\u00e9e de lecture estim\u00e9e\" \/>\n\t<meta name=\"twitter:data1\" content=\"7 minutes\" \/>\n<script type=\"application\/ld+json\" class=\"yoast-schema-graph\">{\"@context\":\"https:\/\/schema.org\",\"@graph\":[{\"@type\":\"WebPage\",\"@id\":\"https:\/\/www.kblperformances.com\/index.php\/autres-formations-sur-mesure\/\",\"url\":\"https:\/\/www.kblperformances.com\/index.php\/autres-formations-sur-mesure\/\",\"name\":\"Autres formations sur mesure - KBL Performances\",\"isPartOf\":{\"@id\":\"https:\/\/www.kblperformances.com\/#website\"},\"datePublished\":\"2023-10-30T09:34:49+00:00\",\"dateModified\":\"2024-11-29T15:11:10+00:00\",\"breadcrumb\":{\"@id\":\"https:\/\/www.kblperformances.com\/index.php\/autres-formations-sur-mesure\/#breadcrumb\"},\"inLanguage\":\"fr-FR\",\"potentialAction\":[{\"@type\":\"ReadAction\",\"target\":[\"https:\/\/www.kblperformances.com\/index.php\/autres-formations-sur-mesure\/\"]}]},{\"@type\":\"BreadcrumbList\",\"@id\":\"https:\/\/www.kblperformances.com\/index.php\/autres-formations-sur-mesure\/#breadcrumb\",\"itemListElement\":[{\"@type\":\"ListItem\",\"position\":1,\"name\":\"Accueil\",\"item\":\"https:\/\/www.kblperformances.com\/\"},{\"@type\":\"ListItem\",\"position\":2,\"name\":\"Autres formations sur mesure\"}]},{\"@type\":\"WebSite\",\"@id\":\"https:\/\/www.kblperformances.com\/#website\",\"url\":\"https:\/\/www.kblperformances.com\/\",\"name\":\"KBL Performances\",\"description\":\"Les formations au service de vos performances\",\"publisher\":{\"@id\":\"https:\/\/www.kblperformances.com\/#organization\"},\"potentialAction\":[{\"@type\":\"SearchAction\",\"target\":{\"@type\":\"EntryPoint\",\"urlTemplate\":\"https:\/\/www.kblperformances.com\/?s={search_term_string}\"},\"query-input\":\"required name=search_term_string\"}],\"inLanguage\":\"fr-FR\"},{\"@type\":\"Organization\",\"@id\":\"https:\/\/www.kblperformances.com\/#organization\",\"name\":\"KBL Performances\",\"url\":\"https:\/\/www.kblperformances.com\/\",\"logo\":{\"@type\":\"ImageObject\",\"inLanguage\":\"fr-FR\",\"@id\":\"https:\/\/www.kblperformances.com\/#\/schema\/logo\/image\/\",\"url\":\"https:\/\/www.kblperformances.com\/wp-content\/uploads\/2023\/07\/cropped-cropped-logo-KBL-Performances-1-e1694000173139.png\",\"contentUrl\":\"https:\/\/www.kblperformances.com\/wp-content\/uploads\/2023\/07\/cropped-cropped-logo-KBL-Performances-1-e1694000173139.png\",\"width\":362,\"height\":483,\"caption\":\"KBL Performances\"},\"image\":{\"@id\":\"https:\/\/www.kblperformances.com\/#\/schema\/logo\/image\/\"},\"sameAs\":[\"https:\/\/www.linkedin.com\/in\/karen-berlan-lherbette\/\"]}]}<\/script>\n<!-- \/ Yoast SEO plugin. -->","yoast_head_json":{"title":"Autres formations sur mesure - KBL Performances","robots":{"index":"index","follow":"follow","max-snippet":"max-snippet:-1","max-image-preview":"max-image-preview:large","max-video-preview":"max-video-preview:-1"},"canonical":"https:\/\/www.kblperformances.com\/index.php\/autres-formations-sur-mesure\/","og_locale":"fr_FR","og_type":"article","og_title":"Autres formations sur mesure - KBL Performances","og_description":"Autres formations sur mesure Formations sur mesure KBL Performances vous accompagne et coconstruit avec vous votre projet de formation. Ensemble, nous d\u00e9finissons vos objectifs strat\u00e9giques et op\u00e9rationnels. Gr\u00e2ce \u00e0 ma riche exp\u00e9rience depuis plus de 20 ans acquise aupr\u00e8s des entreprises, je vous propose diff\u00e9rents sujets et probl\u00e9matiques qui rythment votre quotidien professionnel, auxquels j&rsquo;apporte [&hellip;]","og_url":"https:\/\/www.kblperformances.com\/index.php\/autres-formations-sur-mesure\/","og_site_name":"KBL Performances","article_modified_time":"2024-11-29T15:11:10+00:00","og_image":[{"url":"https:\/\/www.kblperformances.com\/wp-content\/uploads\/2023\/07\/Loops_KBL-removebg-preview-300x300.png"}],"twitter_card":"summary_large_image","twitter_misc":{"Dur\u00e9e de lecture estim\u00e9e":"7 minutes"},"schema":{"@context":"https:\/\/schema.org","@graph":[{"@type":"WebPage","@id":"https:\/\/www.kblperformances.com\/index.php\/autres-formations-sur-mesure\/","url":"https:\/\/www.kblperformances.com\/index.php\/autres-formations-sur-mesure\/","name":"Autres formations sur mesure - KBL Performances","isPartOf":{"@id":"https:\/\/www.kblperformances.com\/#website"},"datePublished":"2023-10-30T09:34:49+00:00","dateModified":"2024-11-29T15:11:10+00:00","breadcrumb":{"@id":"https:\/\/www.kblperformances.com\/index.php\/autres-formations-sur-mesure\/#breadcrumb"},"inLanguage":"fr-FR","potentialAction":[{"@type":"ReadAction","target":["https:\/\/www.kblperformances.com\/index.php\/autres-formations-sur-mesure\/"]}]},{"@type":"BreadcrumbList","@id":"https:\/\/www.kblperformances.com\/index.php\/autres-formations-sur-mesure\/#breadcrumb","itemListElement":[{"@type":"ListItem","position":1,"name":"Accueil","item":"https:\/\/www.kblperformances.com\/"},{"@type":"ListItem","position":2,"name":"Autres formations sur mesure"}]},{"@type":"WebSite","@id":"https:\/\/www.kblperformances.com\/#website","url":"https:\/\/www.kblperformances.com\/","name":"KBL Performances","description":"Les formations au service de vos performances","publisher":{"@id":"https:\/\/www.kblperformances.com\/#organization"},"potentialAction":[{"@type":"SearchAction","target":{"@type":"EntryPoint","urlTemplate":"https:\/\/www.kblperformances.com\/?s={search_term_string}"},"query-input":"required name=search_term_string"}],"inLanguage":"fr-FR"},{"@type":"Organization","@id":"https:\/\/www.kblperformances.com\/#organization","name":"KBL Performances","url":"https:\/\/www.kblperformances.com\/","logo":{"@type":"ImageObject","inLanguage":"fr-FR","@id":"https:\/\/www.kblperformances.com\/#\/schema\/logo\/image\/","url":"https:\/\/www.kblperformances.com\/wp-content\/uploads\/2023\/07\/cropped-cropped-logo-KBL-Performances-1-e1694000173139.png","contentUrl":"https:\/\/www.kblperformances.com\/wp-content\/uploads\/2023\/07\/cropped-cropped-logo-KBL-Performances-1-e1694000173139.png","width":362,"height":483,"caption":"KBL Performances"},"image":{"@id":"https:\/\/www.kblperformances.com\/#\/schema\/logo\/image\/"},"sameAs":["https:\/\/www.linkedin.com\/in\/karen-berlan-lherbette\/"]}]}},"_links":{"self":[{"href":"https:\/\/www.kblperformances.com\/index.php\/wp-json\/wp\/v2\/pages\/992","targetHints":{"allow":["GET"]}}],"collection":[{"href":"https:\/\/www.kblperformances.com\/index.php\/wp-json\/wp\/v2\/pages"}],"about":[{"href":"https:\/\/www.kblperformances.com\/index.php\/wp-json\/wp\/v2\/types\/page"}],"author":[{"embeddable":true,"href":"https:\/\/www.kblperformances.com\/index.php\/wp-json\/wp\/v2\/users\/1"}],"replies":[{"embeddable":true,"href":"https:\/\/www.kblperformances.com\/index.php\/wp-json\/wp\/v2\/comments?post=992"}],"version-history":[{"count":38,"href":"https:\/\/www.kblperformances.com\/index.php\/wp-json\/wp\/v2\/pages\/992\/revisions"}],"predecessor-version":[{"id":1590,"href":"https:\/\/www.kblperformances.com\/index.php\/wp-json\/wp\/v2\/pages\/992\/revisions\/1590"}],"wp:attachment":[{"href":"https:\/\/www.kblperformances.com\/index.php\/wp-json\/wp\/v2\/media?parent=992"}],"curies":[{"name":"wp","href":"https:\/\/api.w.org\/{rel}","templated":true}]}}